{"id":4915,"date":"2017-07-28T07:54:44","date_gmt":"2017-07-28T07:54:44","guid":{"rendered":"https:\/\/blogsaverroes.juntadeandalucia.es\/orientajaen\/?page_id=4915"},"modified":"2020-03-19T17:21:37","modified_gmt":"2020-03-19T17:21:37","slug":"at-salud-planes-salud-comisiones","status":"publish","type":"page","link":"https:\/\/blogsaverroes.juntadeandalucia.es\/orientajaen\/at-salud-planes-salud-comisiones\/","title":{"rendered":"AT: SALUD &#8211; Planes salud\/comisiones"},"content":{"rendered":"<p><strong>PLANES RELACIONADOS CON LA SALUD:<\/strong><\/p>\n<ul>\n<li><span style=\"color: #000000\"><a style=\"color: #000000\" href=\"https:\/\/blogsaverroes.juntadeandalucia.es\/orientajaen\/files\/2017\/08\/1.-IV-PLAN-ANDALUZ-DE-SALUD.pdf\" target=\"_blank\" rel=\"noopener noreferrer\"><span style=\"font-size: 10pt\">IV PLAN DE SALUD&nbsp; DE ANDALUCIA<\/span><\/a><\/span><\/li>\n<li><span style=\"color: #000000\"><a style=\"color: #000000\" href=\"https:\/\/blogsaverroes.juntadeandalucia.es\/orientajaen\/files\/2017\/08\/2.-II-plan_provincial_salud_jaen.pdf\" target=\"_blank\" rel=\"noopener noreferrer\"><span style=\"font-size: 10pt\">II PLAN DE PROVINCIAL DE SALUD DE JAEN<\/span><\/a><\/span><\/li>\n<li><span style=\"color: #000000\"><a style=\"color: #000000\" href=\"https:\/\/blogsaverroes.juntadeandalucia.es\/orientajaen\/files\/2017\/08\/3.-III-PASDA.pdf\" target=\"_blank\" rel=\"noopener noreferrer\"><span style=\"font-size: 10pt\">III PASDA (PLAN ANDALUZ SOBRE DROGAS Y ADICIONES 2016-2021)<\/span><\/a><\/span><\/li>\n<li><span style=\"color: #000000\"><a style=\"color: #000000\" href=\"https:\/\/blogsaverroes.juntadeandalucia.es\/orientajaen\/files\/2017\/08\/4.-La-poblaci\u00f3n-andaluza-ante-las-drogas-XIII.pdf\" target=\"_blank\" rel=\"noopener noreferrer\"><span style=\"font-size: 10pt\">LA POBLACI\u00d3N ANDALUZA ANTE LAS DROGAS XIII<\/span><\/a><\/span><\/li>\n<li><span style=\"color: #000000\"><a style=\"color: #000000\" href=\"https:\/\/www.juntadeandalucia.es\/export\/drupaljda\/publicacion\/19\/02\/Estudio%20la%20poblaci\u00f3n%20andaluza%20XIV.pdf\" target=\"_blank\" rel=\"noopener noreferrer\"><span style=\"font-size: 10pt\">LA POBLACI\u00d3N ANDALUZA ANTE LAS DROGAS XIV<\/span><\/a><\/span><\/li>\n<li><span style=\"color: #000000\"><a style=\"color: #000000\" href=\"https:\/\/blogsaverroes.juntadeandalucia.es\/orientajaen\/files\/2017\/08\/5.-III_plan_salud_mental.pdf\" target=\"_blank\" rel=\"noopener noreferrer\"><span style=\"font-size: 10pt\">III PLAN INTEGRAL DE SALUD MENTAL DE ANDALUC\u00cdA<\/span><\/a><\/span><\/li>\n<li><span style=\"color: #000000\"><a style=\"color: #000000\" href=\"https:\/\/blogsaverroes.juntadeandalucia.es\/orientajaen\/files\/2017\/08\/6.-Plan_Integral_Tabaco.pdf\" target=\"_blank\" rel=\"noopener noreferrer\"><span style=\"font-size: 10pt\">PLAN ANDALUZ DE TABAQUISMO DE ANDALUC\u00cdA<\/span><\/a><\/span><\/li>\n<li><span style=\"font-size: 10pt;color: #000000\">P<a style=\"color: #000000\" href=\"https:\/\/blogsaverroes.juntadeandalucia.es\/orientajaen\/files\/2017\/08\/7.-plan_salud_ambiental.pdf\" target=\"_blank\" rel=\"noopener noreferrer\">LAN ANDALUZ DE SALUD AMBIENTAL<\/a><\/span><\/li>\n<li><span style=\"color: #000000\"><a style=\"color: #000000\" href=\"https:\/\/blogsaverroes.juntadeandalucia.es\/orientajaen\/files\/2017\/08\/8.-Plan_actividad_fisica.pdf\" target=\"_blank\" rel=\"noopener noreferrer\"><span style=\"font-size: 10pt\">PLAN PARA LA PROMOCI\u00d3N DE LA ACTIVIDAD F\u00cdSICA Y LA ALIMENTACI\u00d3N EQUILIBRADA<\/span><\/a><\/span><\/li>\n<li><span style=\"color: #000000\"><a style=\"color: #000000\" href=\"https:\/\/blogsaverroes.juntadeandalucia.es\/orientajaen\/files\/2017\/08\/9.-indicadores_seguimiento_pafae.pdf\" target=\"_blank\" rel=\"noopener noreferrer\"><span style=\"font-size: 10pt\">INDICADORES : PLAN PARA LA PROMOCI\u00d3N DE LA ACTIVIDAD F\u00cdSICA Y LA ALIMENTACI\u00d3N EQUILIBRADA<\/span><\/a><\/span><\/li>\n<li><span style=\"color: #000000\"><a style=\"color: #000000\" href=\"https:\/\/blogsaverroes.juntadeandalucia.es\/orientajaen\/files\/2017\/08\/10.-Plan_obesidad_infantil.pdf\" target=\"_blank\" rel=\"noopener noreferrer\"><span style=\"font-size: 10pt\">PLAN INTEGRAL DE OBESIDAD INFANTIL DE ANDALUC\u00cdA 2007-2012<\/span><\/a><\/span><\/li>\n<li><span style=\"font-size: 10pt\"><span style=\"color: #0000ff\"><span style=\"color: #000000\"><a style=\"color: #000000\" href=\"https:\/\/blogsaverroes.juntadeandalucia.es\/orientajaen\/files\/2017\/08\/11.-psiaa_aspectos_generales.pdf\" target=\"_blank\" rel=\"noopener noreferrer\">PROGRAMA DE SALUD INFANTIL Y ADOLESCENTE.<\/a> INTERESANTE GU\u00cdA<\/span><\/span><span style=\"color: #000000\">.<\/span> No dej\u00e9is de verla.<\/span><\/li>\n<\/ul>\n<p><strong>COMISIONES: COMISI\u00d3N T\u00c9CNICA PROVINCIAL DEL III PLAN ANDALUZ SOBRE DROGAS Y ADICCIONES: \u00c1REA DE PREVENCI\u00d3N<\/strong><\/p>\n<p><span style=\"font-size: 10pt\">Los miembros de la esta Comisi\u00f3n T\u00e9cnica son:<\/span><\/p>\n<ul style=\"list-style-type: circle\">\n<li><span style=\"font-size: 10pt\">Directora C.P.D. Presidenta; Purificaci\u00f3n Ar\u00e9valo Mart\u00ednez.<\/span><\/li>\n<li><span style=\"font-size: 10pt\">Jefa Svo. DT. Codirectora; M\u00aa Dolores Jim\u00e9nez Herv\u00e1s.<\/span><\/li>\n<li><span style=\"font-size: 10pt\">C.C.D Linares. Secretar\u00eda; Gin\u00e9s Juan Cano Cervantes.<\/span><\/li>\n<li><span style=\"font-size: 10pt\">Asesor\u00eda DT; Yolanda Azaustre Ruiz.<\/span><\/li>\n<li><span style=\"font-size: 10pt\"> Coordinadora Prevenci\u00f3n C.P.D.; Dolores de los Riscos Casasola.<\/span><\/li>\n<li><span style=\"font-size: 10pt\">T\u00e9cnica Programa CAD; Juana Mar\u00edn de la Torre (Villacarrillo).<\/span><\/li>\n<li><span style=\"font-size: 10pt\">T\u00e9cnico\/a de la DT Educaci\u00f3n; Teresa \u00c1lvares Hornos.<\/span><\/li>\n<li><span style=\"font-size: 10pt\">T\u00e9cnica de la DT Salud; M\u00aa \u00c1ngeles Viedma Romero.<\/span><\/li>\n<li><span style=\"font-size: 10pt\">T\u00e9cnico\/a S.S. Comunitarios \u00dabeda; Juan Francisco Ram\u00edrez.<\/span><\/li>\n<li><span style=\"font-size: 10pt\">T\u00e9cnica de Fed. Provincial Asociaciones; Elena Cano Lombardo (T.S. de Preamar)<\/span><\/li>\n<li><span style=\"font-size: 10pt\">T\u00e9cnica IAM; Teresa Cobo Lorente.<\/span><\/li>\n<li><span style=\"font-size: 10pt\">Coordinadora Infancia y Familia Diputaci\u00f3n. (Mar\u00eda Luisa Gonz\u00e1lez de la Torre).<\/span><\/li>\n<\/ul>\n<p><strong><span style=\"font-size: 10pt\">El III PASDA est\u00e1 conformado por cuatro \u00e1reas de actuaci\u00f3n:<\/span><\/strong><\/p>\n<ul>\n<li><span style=\"font-size: 10pt\">\u00c1rea de prevenci\u00f3n<\/span><\/li>\n<li><span style=\"font-size: 10pt\">\u00c1rea de Atenci\u00f3n Socio Sanitaria<\/span><\/li>\n<li><span style=\"font-size: 10pt\">\u00c1rea de Incorporaci\u00f3n Social<\/span><\/li>\n<li><span style=\"font-size: 10pt\">\u00c1rea de Gesti\u00f3n del Conocimiento<\/span><\/li>\n<\/ul>\n<p><span style=\"font-size: 10pt\">Se han llevado a cabo tres comisiones t\u00e9cnicas, por cada una de las \u00e1reas de actuaci\u00f3n en cada provincia. El Observatorio Andaluz sobre Drogas y Adicciones estar\u00e1 a cargo del desarrollo de la cuarta \u00e1rea: Gesti\u00f3n del Conocimiento; este \u00f3rgano se cre\u00f3 por Decreto en 2002, pero se ha constituido este a\u00f1o. El \u00e1rea de Gesti\u00f3n del Conocimiento tambi\u00e9n se encargar\u00e1 de la formaci\u00f3n del personal, considerando que es importante tomar nota de las demandas de dicho personal antes de organizar y planificar dicha formaci\u00f3n.<\/span><br \/>\n<span style=\"font-size: 10pt\"> En l\u00edneas generales, el III PASDA va a reforzar las actuaciones que se est\u00e1n llevando a cabo en la actualidad y adaptar dichas actuaciones a los planes europeos.<\/span><br \/>\n<span style=\"font-size: 10pt\"> Las l\u00edneas transversales del III PASDA son la perspectiva de g\u00e9nero y la cultura de la calidad y evaluaci\u00f3n.<\/span><br \/>\n<span style=\"font-size: 10pt\"> Dos objetivos generales del III PASDA: retrasar la edad de inicio y disminuci\u00f3n de los riesgos y da\u00f1os, en la que se destaca el papel de la familia, de la familia como coterapeuta.<\/span><br \/>\n<span style=\"font-size: 10pt\"> Reforzar la especificidad de las actuaciones preventivas, dirigidas a actuaciones concretas con una poblaci\u00f3n destinataria determinada y encuadradas dentro del marco general de la Promoci\u00f3n de la Salud.<\/span><br \/>\n<span style=\"font-size: 10pt\"> Se mantendr\u00e1n actuaciones universales con toda la poblaci\u00f3n, pero se quiere destacar la concreci\u00f3n.<\/span><br \/>\n<span style=\"font-size: 10pt\"> Se han realizado 3 reuniones de trabajo para concretar el plan en nuestra provincia este curso escolar, la siguiente&nbsp; est\u00e1 prevista para octubre.<\/span><\/p>\n","protected":false},"excerpt":{"rendered":"<p>PLANES RELACIONADOS CON LA SALUD: IV PLAN DE SALUD&nbsp; DE ANDALUCIA II PLAN DE PROVINCIAL DE SALUD DE JAEN III PASDA (PLAN ANDALUZ SOBRE DROGAS&hellip;<\/p>\n","protected":false},"author":1213,"featured_media":0,"parent":0,"menu_order":0,"comment_status":"closed","ping_status":"closed","template":"","meta":{"ngg_post_thumbnail":0,"footnotes":""},"aioseo_notices":[],"_links":{"self":[{"href":"https:\/\/blogsaverroes.juntadeandalucia.es\/orientajaen\/wp-json\/wp\/v2\/pages\/4915"}],"collection":[{"href":"https:\/\/blogsaverroes.juntadeandalucia.es\/orientajaen\/wp-json\/wp\/v2\/pages"}],"about":[{"href":"https:\/\/blogsaverroes.juntadeandalucia.es\/orientajaen\/wp-json\/wp\/v2\/types\/page"}],"author":[{"embeddable":true,"href":"https:\/\/blogsaverroes.juntadeandalucia.es\/orientajaen\/wp-json\/wp\/v2\/users\/1213"}],"replies":[{"embeddable":true,"href":"https:\/\/blogsaverroes.juntadeandalucia.es\/orientajaen\/wp-json\/wp\/v2\/comments?post=4915"}],"version-history":[{"count":11,"href":"https:\/\/blogsaverroes.juntadeandalucia.es\/orientajaen\/wp-json\/wp\/v2\/pages\/4915\/revisions"}],"predecessor-version":[{"id":7220,"href":"https:\/\/blogsaverroes.juntadeandalucia.es\/orientajaen\/wp-json\/wp\/v2\/pages\/4915\/revisions\/7220"}],"wp:attachment":[{"href":"https:\/\/blogsaverroes.juntadeandalucia.es\/orientajaen\/wp-json\/wp\/v2\/media?parent=4915"}],"curies":[{"name":"wp","href":"https:\/\/api.w.org\/{rel}","templated":true}]}}