{"id":4947,"date":"2017-07-28T17:01:53","date_gmt":"2017-07-28T17:01:53","guid":{"rendered":"https:\/\/blogsaverroes.juntadeandalucia.es\/orientajaen\/?page_id=4947"},"modified":"2020-03-19T17:54:13","modified_gmt":"2020-03-19T17:54:13","slug":"at-id-informes-anuales","status":"publish","type":"page","link":"https:\/\/blogsaverroes.juntadeandalucia.es\/orientajaen\/at-id-informes-anuales\/","title":{"rendered":"AT: ID \u2013 Informes Anuales"},"content":{"rendered":"<p style=\"text-align: center\"><span style=\"font-size: 12pt\"><strong>INFORMES ANUALES REFERENTES AL ESTADO DE LA INFANCIA EN ANDALUCIA<\/strong><\/span><\/p>\n<p><span style=\"font-size: 10pt\">El Observatorio de la Infancia en Andaluc\u00eda presenta un breve resumen con datos cuantitativos sobre el estado de la infancia en Andaluc\u00eda, obtenido a partir de una selecci\u00f3n de indicadores extra\u00eddos de fuentes de informaci\u00f3n que en la mayor\u00eda de los casos proceden de estad\u00edsticas oficiales.<\/span><\/p>\n<p><span style=\"font-size: 10pt\">Indicadores que hacen referencia a poblaci\u00f3n extranjera, natalidad, mortalidad infantil, educaci\u00f3n, sistema de protecci\u00f3n, menores de edad en situaci\u00f3n de vulnerabilidad, pobreza y dificultades econ\u00f3micas, salud mental infantil, personas menores de edad atendidas en las Unidades de Salud Mental Infanto-Juvenil, maltrato infantil, menores de edad expuestos a violencia de g\u00e9nero, evoluci\u00f3n de la violencia de g\u00e9nero en personas menores de 18 a\u00f1os, chicos menores de 18 a\u00f1os enjuiciados por violencia de g\u00e9nero en Andaluc\u00eda y sistema de justicia juvenil.<\/span><\/p>\n<p>&nbsp;<\/p>\n<p><a href=\"https:\/\/www.observatoriodelainfancia.es\/oia\/esp\/cuadernosoia.aspx\" target=\"_blank\" rel=\"noopener noreferrer\"><img fetchpriority=\"high\" decoding=\"async\" class=\"size-medium wp-image-7221 aligncenter\" src=\"https:\/\/blogsaverroes.juntadeandalucia.es\/orientajaen\/files\/2020\/03\/Informe_anual_2019-300x233.jpg\" alt=\"\" width=\"300\" height=\"233\" srcset=\"https:\/\/blogsaverroes.juntadeandalucia.es\/orientajaen\/files\/2020\/03\/Informe_anual_2019-300x233.jpg 300w, https:\/\/blogsaverroes.juntadeandalucia.es\/orientajaen\/files\/2020\/03\/Informe_anual_2019-768x596.jpg 768w, https:\/\/blogsaverroes.juntadeandalucia.es\/orientajaen\/files\/2020\/03\/Informe_anual_2019-24x19.jpg 24w, https:\/\/blogsaverroes.juntadeandalucia.es\/orientajaen\/files\/2020\/03\/Informe_anual_2019-36x28.jpg 36w, https:\/\/blogsaverroes.juntadeandalucia.es\/orientajaen\/files\/2020\/03\/Informe_anual_2019-48x37.jpg 48w, https:\/\/blogsaverroes.juntadeandalucia.es\/orientajaen\/files\/2020\/03\/Informe_anual_2019.jpg 961w\" sizes=\"(max-width: 300px) 100vw, 300px\" \/><\/a><\/p>\n<p><span style=\"font-size: 10pt\">Durante el curso 2016-17 se realizaron dos informes sobre los dos problemas de m\u00e1xima actualidad del a\u00f1o 2016:<\/span><\/p>\n<ol>\n<li><span style=\"font-size: 10pt\"><a href=\"https:\/\/blogsaverroes.juntadeandalucia.es\/orientajaen\/files\/2018\/09\/Estudio_alcohol_menores.pdf\" target=\"_blank\" rel=\"noopener noreferrer\">Cuestiones relevantes el consumo de alcohol por menores de edad: un problema de todos<\/a>.<\/span><\/li>\n<li><span style=\"font-size: 10pt\"><a href=\"https:\/\/blogsaverroes.juntadeandalucia.es\/orientajaen\/files\/2018\/09\/Informe_Acoso_Escolar.pdf\" target=\"_blank\" rel=\"noopener noreferrer\">Informe especial sobre acoso escolar y ciberacoso<\/a>.<\/span><\/li>\n<\/ol>\n<p><span style=\"font-size: 10pt\">El Defensor del menor, Jes\u00fas Maeztu Gregorio de Tejada, present\u00f3 el informe de las actuaciones, propuestas y valoraciones como Defensor del Menor de Andaluc\u00eda en la defensa y promoci\u00f3n de los derechos y libertades de las personas menores de edad durante 2017. <\/span><span style=\"font-size: 10pt\">Los temas que adquirieron mayor protagonismo durante el a\u00f1o 2017 fueron sido el acoso escolar y ciberacoso, el maltrato sexual a menores de edad, menores expuestos a violencia de g\u00e9nero, menores v\u00edctimas de trata de seres humanos, pobreza infantil, menores extranjeros no acompa\u00f1ados, violencia filioparental y la situaci\u00f3n de los menores en acogimiento.<\/span><\/p>\n<p><a href=\"https:\/\/blogsaverroes.juntadeandalucia.es\/orientajaen\/files\/2019\/09\/Informe-defensor-del-menor_2018.pdf\" target=\"_blank\" rel=\"noopener noreferrer\"><img decoding=\"async\" class=\"size-medium wp-image-6862 aligncenter\" src=\"https:\/\/blogsaverroes.juntadeandalucia.es\/orientajaen\/files\/2019\/09\/Informe-defensor-del-menor_2018-229x300.jpg\" alt=\"\" width=\"229\" height=\"300\" srcset=\"https:\/\/blogsaverroes.juntadeandalucia.es\/orientajaen\/files\/2019\/09\/Informe-defensor-del-menor_2018-229x300.jpg 229w, https:\/\/blogsaverroes.juntadeandalucia.es\/orientajaen\/files\/2019\/09\/Informe-defensor-del-menor_2018-768x1008.jpg 768w, https:\/\/blogsaverroes.juntadeandalucia.es\/orientajaen\/files\/2019\/09\/Informe-defensor-del-menor_2018-780x1024.jpg 780w, https:\/\/blogsaverroes.juntadeandalucia.es\/orientajaen\/files\/2019\/09\/Informe-defensor-del-menor_2018-18x24.jpg 18w, https:\/\/blogsaverroes.juntadeandalucia.es\/orientajaen\/files\/2019\/09\/Informe-defensor-del-menor_2018-27x36.jpg 27w, https:\/\/blogsaverroes.juntadeandalucia.es\/orientajaen\/files\/2019\/09\/Informe-defensor-del-menor_2018-37x48.jpg 37w, https:\/\/blogsaverroes.juntadeandalucia.es\/orientajaen\/files\/2019\/09\/Informe-defensor-del-menor_2018.jpg 1219w\" sizes=\"(max-width: 229px) 100vw, 229px\" \/><\/a><\/p>\n<p>&nbsp;<\/p>\n<p>Por \u00faltimo, presentamos los <strong>datos de poblaci\u00f3n municipal de Andaluc\u00eda de 2019.<\/strong><\/p>\n<p>&nbsp;<\/p>\n<p><a href=\"https:\/\/www.observatoriodelainfancia.es\/ficherosoia\/documentos\/6004_d_DPM-2019-ANDALUCIA.pdf\" target=\"_blank\" rel=\"noopener noreferrer\"><img decoding=\"async\" class=\"size-medium wp-image-7224 aligncenter\" src=\"https:\/\/blogsaverroes.juntadeandalucia.es\/orientajaen\/files\/2020\/03\/Poblaci\u00f3n_mundial_2019-300x213.jpg\" alt=\"\" width=\"300\" height=\"213\" srcset=\"https:\/\/blogsaverroes.juntadeandalucia.es\/orientajaen\/files\/2020\/03\/Poblaci\u00f3n_mundial_2019-300x213.jpg 300w, https:\/\/blogsaverroes.juntadeandalucia.es\/orientajaen\/files\/2020\/03\/Poblaci\u00f3n_mundial_2019-768x546.jpg 768w, https:\/\/blogsaverroes.juntadeandalucia.es\/orientajaen\/files\/2020\/03\/Poblaci\u00f3n_mundial_2019-1024x728.jpg 1024w, https:\/\/blogsaverroes.juntadeandalucia.es\/orientajaen\/files\/2020\/03\/Poblaci\u00f3n_mundial_2019-24x17.jpg 24w, https:\/\/blogsaverroes.juntadeandalucia.es\/orientajaen\/files\/2020\/03\/Poblaci\u00f3n_mundial_2019-36x26.jpg 36w, https:\/\/blogsaverroes.juntadeandalucia.es\/orientajaen\/files\/2020\/03\/Poblaci\u00f3n_mundial_2019-48x34.jpg 48w, https:\/\/blogsaverroes.juntadeandalucia.es\/orientajaen\/files\/2020\/03\/Poblaci\u00f3n_mundial_2019.jpg 1600w\" sizes=\"(max-width: 300px) 100vw, 300px\" \/><\/a><\/p>\n","protected":false},"excerpt":{"rendered":"<p>INFORMES ANUALES REFERENTES AL ESTADO DE LA INFANCIA EN ANDALUCIA El Observatorio de la Infancia en Andaluc\u00eda presenta un breve resumen con datos cuantitativos sobre&hellip;<\/p>\n","protected":false},"author":1213,"featured_media":0,"parent":0,"menu_order":0,"comment_status":"closed","ping_status":"closed","template":"","meta":{"ngg_post_thumbnail":0,"footnotes":""},"aioseo_notices":[],"_links":{"self":[{"href":"https:\/\/blogsaverroes.juntadeandalucia.es\/orientajaen\/wp-json\/wp\/v2\/pages\/4947"}],"collection":[{"href":"https:\/\/blogsaverroes.juntadeandalucia.es\/orientajaen\/wp-json\/wp\/v2\/pages"}],"about":[{"href":"https:\/\/blogsaverroes.juntadeandalucia.es\/orientajaen\/wp-json\/wp\/v2\/types\/page"}],"author":[{"embeddable":true,"href":"https:\/\/blogsaverroes.juntadeandalucia.es\/orientajaen\/wp-json\/wp\/v2\/users\/1213"}],"replies":[{"embeddable":true,"href":"https:\/\/blogsaverroes.juntadeandalucia.es\/orientajaen\/wp-json\/wp\/v2\/comments?post=4947"}],"version-history":[{"count":17,"href":"https:\/\/blogsaverroes.juntadeandalucia.es\/orientajaen\/wp-json\/wp\/v2\/pages\/4947\/revisions"}],"predecessor-version":[{"id":7225,"href":"https:\/\/blogsaverroes.juntadeandalucia.es\/orientajaen\/wp-json\/wp\/v2\/pages\/4947\/revisions\/7225"}],"wp:attachment":[{"href":"https:\/\/blogsaverroes.juntadeandalucia.es\/orientajaen\/wp-json\/wp\/v2\/media?parent=4947"}],"curies":[{"name":"wp","href":"https:\/\/api.w.org\/{rel}","templated":true}]}}