{"id":4971,"date":"2017-07-28T17:37:18","date_gmt":"2017-07-28T17:37:18","guid":{"rendered":"https:\/\/blogsaverroes.juntadeandalucia.es\/orientajaen\/?page_id=4971"},"modified":"2022-11-17T11:54:09","modified_gmt":"2022-11-17T11:54:09","slug":"at-convivencia-planes-y-programas","status":"publish","type":"page","link":"https:\/\/blogsaverroes.juntadeandalucia.es\/orientajaen\/at-convivencia-planes-y-programas\/","title":{"rendered":"AT: CONVIVENCIA &#8211; Planes y Programas"},"content":{"rendered":"<p><span style=\"font-size: 10pt\">La convivencia pac\u00edfica es la base sobre la que se construye cualquier estado democr\u00e1tico y de derecho. La Ley de Educaci\u00f3n de Andaluc\u00eda establece, entre los principios del sistema educativo andaluz, la convivencia como meta y condici\u00f3n necesaria para el buen desarrollo del trabajo del alumnado y del profesorado, contemplando entre sus objetivos favorecer la mejora de las relaciones interpersonales y el clima de convivencia entre todos los miembros de la comunidad educativa.<\/span><\/p>\n<p><strong>PLANES Y PROGRAMAS:<\/strong><\/p>\n<ul>\n<li><strong>PLAN DE CONVIVENCIA<\/strong><\/li>\n<\/ul>\n<p><span style=\"font-size: 10pt\">El DECRETO 19\/2007, de 23 de enero, por el que se adoptan medidas para la promoci\u00f3n de la Cultura de Paz y la Mejora de la Convivencia en los Centros Educativos sostenidos con fondos p\u00fablicos en el T\u00cdTULO II: ACTUACIONES EN LOS CENTROS EDUCATIVOS, CAP\u00cdTULO I, Promoci\u00f3n de la convivencia en los centros educativos establec\u00eda en el&nbsp; Art\u00edculo 4 el Plan de convivencia:<\/span><br \/>\n<span style=\"font-size: 10pt\">1. Los centros educativos elaborar\u00e1n un plan de convivencia que, tras su aprobaci\u00f3n por el Consejo Escolar del centro, se incorporar\u00e1 al proyecto educativo del mismo.<\/span><br \/>\n<span style=\"font-size: 10pt\">2. Corresponde al equipo directivo, en colaboraci\u00f3n con los y las profesionales de la orientaci\u00f3n, coordinar su elaboraci\u00f3n, en la que deber\u00e1n participar todos los sectores de la comunidad educativa, de acuerdo con las directrices del Consejo Escolar del centro establecidas por la Comisi\u00f3n de Convivencia, a que se refiere el art\u00edculo 7 del presente Decreto, y las propuestas realizadas por el Claustro de Profesores del centro y las Asociaciones de Madres y Padres de Alumnas y Alumnos, teniendo en cuenta las caracter\u00edsticas del entorno escolar y las necesidades educativas del alumnado.<\/span><\/p>\n<p><span style=\"font-size: 10pt\">Todos los aspectos referidos al Plan de Convivencia se concretan en los reglamentos de organizaci\u00f3n y funcionamiento y en la Orden de 20 de junio de 2011, por la que se adoptan medidas para la promoci\u00f3n de la convivencia en los centros docentes sostenidos con fondos p\u00fablicos y se regula el derecho de las familias a participar en el proceso educativo de sus hijos e hijas (Bolet\u00edn n\u00famero 132 de 07\/07\/2011).<\/span><\/p>\n<p><span style=\"color: #0000ff\"><a style=\"color: #0000ff\" href=\"http:\/\/agrega.juntadeandalucia.es\/repositorio\/11102013\/dc\/es-an_2013101112_9132009\/guia\/presentacion.html\" target=\"_blank\" rel=\"noopener noreferrer\">Gu\u00eda para la elaboraci\u00f3n del plan de convivencia<\/a><\/span><br \/>\n<span style=\"color: #0000ff\"><a style=\"color: #0000ff\" href=\"https:\/\/portals.ced.junta-andalucia.es\/educacion\/portals\/delegate\/content\/1bff7ccb-fb89-4525-81a1-849f6a35ae4d\/Coordinaci%C3%B3n%20Convivencia%20Escolar%20en%20S%C3%A9neca#:~:text=Para%20grabar%20a%20la%20persona,profesor%20que%20ejercer%C3%A1%20la%20coordinaci%C3%B3n.\" target=\"_blank\" rel=\"noopener noreferrer\">Grabaci\u00f3n en S\u00e9neca del profesor o profesora responsable de la coordinaci\u00f3n del Plan de Convivencia<\/a><\/span><\/p>\n<p>Web:&nbsp;<a href=\"https:\/\/portals.ced.junta-andalucia.es\/educacion\/portals\/web\/convivencia-escolar\/plan-de-convivencia\">https:\/\/portals.ced.junta-andalucia.es\/educacion\/portals\/web\/convivencia-escolar\/plan-de-convivencia<\/a><\/p>\n<p>&nbsp;<\/p>\n<ul>\n<li><strong>RED ESCUELA ESPACIO DE PAZ<\/strong><\/li>\n<\/ul>\n<p><span style=\"font-size: 10pt\">La Red Andaluza \u00abEscuela: Espacio de Paz\u00bb es una red de centros interesados en compartir iniciativas, recursos y experiencias para la mejora de la convivencia escolar y la difusi\u00f3n de la Cultura de Paz, contrayendo un compromiso de profundizaci\u00f3n en aspectos concretos de su Plan de Convivencia. La normativa que regula el funcionamiento de la Red pone el acento en la cultura de la evaluaci\u00f3n, en la necesidad de visibilizar las buenas pr\u00e1cticas desarrolladas en los centros y en la voluntad de trabajar en red compartiendo propuestas, estrategias y recursos con toda la comunidad educativa.<\/span><\/p>\n<p><span style=\"font-size: 10pt\">Entre las se\u00f1as de identidad de los centros que integran la Red Andaluza \u00abEscuela: Espacio de Paz\u00bb destacan la promoci\u00f3n de los valores propios de una sociedad democr\u00e1tica, el respeto mutuo, la igualdad, el di\u00e1logo, la solidaridad y la resoluci\u00f3n pac\u00edfica de los conflictos, contando con la participaci\u00f3n de toda la comunidad educativa en la vida de los centros y la vinculaci\u00f3n e implicaci\u00f3n con su entorno.<\/span><br \/>\n<span style=\"font-size: 10pt\">Los centros educativos pueden participar en la Red Andaluza \u00abEscuela: Espacio de Paz\u00bb en modalidad unicentro o en modalidad intercentro, que supone la participaci\u00f3n coordinada de varios centros de una misma zona educativa. Al final de cada curso escolar los centros de la Red Andaluza \u00abEscuela: Espacio de Paz\u00bb pueden solicitar una evaluaci\u00f3n externa para optar al reconocimiento como Centros Promotores de Convivencia Positiva (Convivencia+).<\/span><br \/>\n<span style=\"font-size: 10pt\">La Orden de 11 de abril de 2011, de la Consejer\u00eda de Educaci\u00f3n, estableci\u00f3 el procedimiento de las convocatorias p\u00fablicas para que los centros docentes pertenecientes a la Red Andaluza \u00abEscuela: Espacio de Paz\u00bb pudiesen solicitar su reconocimiento como Centros Promotores de Convivencia Positiva (Convivencia+).<\/span><\/p>\n<p>Web: <span style=\"color: #0000ff\"><a style=\"color: #0000ff\" href=\"https:\/\/portals.ced.junta-andalucia.es\/educacion\/portals\/web\/convivencia-escolar\/red-escuela-espacio-de-paz\/reconocimiento-convivencia-positiva\" target=\"_blank\" rel=\"noopener noreferrer\">http:\/\/www.juntadeandalucia.es\/educacion\/webportal\/web\/convivencia-escolar\/eep<\/a><\/span><\/p>\n","protected":false},"excerpt":{"rendered":"<p>La convivencia pac\u00edfica es la base sobre la que se construye cualquier estado democr\u00e1tico y de derecho. La Ley de Educaci\u00f3n de Andaluc\u00eda establece, entre&hellip;<\/p>\n","protected":false},"author":1213,"featured_media":0,"parent":0,"menu_order":0,"comment_status":"closed","ping_status":"closed","template":"","meta":{"ngg_post_thumbnail":0,"footnotes":""},"aioseo_notices":[],"_links":{"self":[{"href":"https:\/\/blogsaverroes.juntadeandalucia.es\/orientajaen\/wp-json\/wp\/v2\/pages\/4971"}],"collection":[{"href":"https:\/\/blogsaverroes.juntadeandalucia.es\/orientajaen\/wp-json\/wp\/v2\/pages"}],"about":[{"href":"https:\/\/blogsaverroes.juntadeandalucia.es\/orientajaen\/wp-json\/wp\/v2\/types\/page"}],"author":[{"embeddable":true,"href":"https:\/\/blogsaverroes.juntadeandalucia.es\/orientajaen\/wp-json\/wp\/v2\/users\/1213"}],"replies":[{"embeddable":true,"href":"https:\/\/blogsaverroes.juntadeandalucia.es\/orientajaen\/wp-json\/wp\/v2\/comments?post=4971"}],"version-history":[{"count":16,"href":"https:\/\/blogsaverroes.juntadeandalucia.es\/orientajaen\/wp-json\/wp\/v2\/pages\/4971\/revisions"}],"predecessor-version":[{"id":8188,"href":"https:\/\/blogsaverroes.juntadeandalucia.es\/orientajaen\/wp-json\/wp\/v2\/pages\/4971\/revisions\/8188"}],"wp:attachment":[{"href":"https:\/\/blogsaverroes.juntadeandalucia.es\/orientajaen\/wp-json\/wp\/v2\/media?parent=4971"}],"curies":[{"name":"wp","href":"https:\/\/api.w.org\/{rel}","templated":true}]}}