{"id":5566,"date":"2017-08-15T07:50:08","date_gmt":"2017-08-15T07:50:08","guid":{"rendered":"https:\/\/blogsaverroes.juntadeandalucia.es\/orientajaen\/?page_id=5566"},"modified":"2022-11-14T10:07:41","modified_gmt":"2022-11-14T10:07:41","slug":"at-familias-diversidad-familiar","status":"publish","type":"page","link":"https:\/\/blogsaverroes.juntadeandalucia.es\/orientajaen\/at-familias-diversidad-familiar\/","title":{"rendered":"AT: FAMILIAS \u2013 Diversidad Familiar"},"content":{"rendered":"<p><span style=\"font-size: 10pt\"><strong>La Diversidad Familiar<\/strong> debe entenderse como la herramienta m\u00e1s \u00fatil para alcanzar la igualdad plena de todo el alumnado y en todos los ciclos educativos. Es evidente que llevar a las aulas la diversidad actualmente existente en la sociedad supone un reconocimiento necesario de las estructuras familiares posibles. Junto a la familia cl\u00e1sica o nuclear, en las \u00faltimas d\u00e9cadas se han ido incorporando otras como las de progenitores separados o divorciados, reconstituidas, monoparentales, adoptivas o acogedoras, multi\u00e9tnicas u homoparentales, entre otras.<\/span><br \/>\n<span style=\"font-size: 10pt\"> Esta revoluci\u00f3n social tiene que pasar necesariamente a las aulas para que todos los menores vean reconocida la realidad de su hogar en el sistema educativo y para que el conjunto del alumnado sepa y conozca que son m\u00faltiples las formas de poder constituir una familia.<\/span><\/p>\n<p><span style=\"font-size: 10pt\"><strong>TRIPTICO DIVERSIDAD FAMILIAR<\/strong><\/span><\/p>\n<p><a href=\"https:\/\/blogsaverroes.juntadeandalucia.es\/orientajaen\/files\/2017\/08\/Tr\u00edptico_Diversidad_Familiar.jpg\" target=\"_blank\" rel=\"noopener noreferrer\"><img fetchpriority=\"high\" decoding=\"async\" class=\"wp-image-5565 size-medium alignleft\" src=\"https:\/\/blogsaverroes.juntadeandalucia.es\/orientajaen\/files\/2017\/08\/Tr\u00edptico_Diversidad_Familiar-300x211.jpg\" alt=\"\" width=\"300\" height=\"211\" srcset=\"https:\/\/blogsaverroes.juntadeandalucia.es\/orientajaen\/files\/2017\/08\/Tr\u00edptico_Diversidad_Familiar-300x211.jpg 300w, https:\/\/blogsaverroes.juntadeandalucia.es\/orientajaen\/files\/2017\/08\/Tr\u00edptico_Diversidad_Familiar-24x17.jpg 24w, https:\/\/blogsaverroes.juntadeandalucia.es\/orientajaen\/files\/2017\/08\/Tr\u00edptico_Diversidad_Familiar-36x25.jpg 36w, https:\/\/blogsaverroes.juntadeandalucia.es\/orientajaen\/files\/2017\/08\/Tr\u00edptico_Diversidad_Familiar-48x34.jpg 48w, https:\/\/blogsaverroes.juntadeandalucia.es\/orientajaen\/files\/2017\/08\/Tr\u00edptico_Diversidad_Familiar.jpg 567w\" sizes=\"(max-width: 300px) 100vw, 300px\" \/><\/a><\/p>\n<p><span style=\"font-size: 10pt\">Si eres docente y quieres abordar la diversidad familiar en el aula es muy sencillo: s\u00f3lo tienes que abrir las ventanas y ver las familias que pasean por las calles de este pa\u00eds. Adem\u00e1s, existen materiales muy sencillos como este tr\u00edptico, \u201c<strong>La Diversidad Familiar en las Aulas<\/strong>\u201d, que explica, justifica y valida la necesidad de que todas las estructuras familiares tengan un espacio en los centros educativos.<\/span><\/p>\n<p>&nbsp;<\/p>\n<p>&nbsp;<\/p>\n<table style=\"width: 749px\">\n<tbody>\n<tr>\n<td style=\"width: 715px\" colspan=\"2\"><span style=\"font-size: 12pt\"><strong>GU\u00cdA<\/strong><\/span><\/td>\n<\/tr>\n<tr>\n<td style=\"width: 312.55px\"><span style=\"font-size: 10pt\">LAS FAMILIAS EN LAS AULAS. Gu\u00eda pr\u00e1ctica de herramientas y recursos educativos de Diversidad Familiar.<\/span><\/td>\n<td style=\"width: 402.45px\"><a href=\"https:\/\/blogsaverroes.juntadeandalucia.es\/orientajaen\/files\/2017\/08\/Las_familias_en_las_aulas.pdf\" target=\"_blank\" rel=\"noopener noreferrer\"><img decoding=\"async\" class=\"wp-image-5569 aligncenter\" src=\"https:\/\/blogsaverroes.juntadeandalucia.es\/orientajaen\/files\/2017\/08\/Las_familias_en_las_aulas-211x300.jpg\" alt=\"\" width=\"175\" height=\"249\" srcset=\"https:\/\/blogsaverroes.juntadeandalucia.es\/orientajaen\/files\/2017\/08\/Las_familias_en_las_aulas-211x300.jpg 211w, https:\/\/blogsaverroes.juntadeandalucia.es\/orientajaen\/files\/2017\/08\/Las_familias_en_las_aulas-768x1090.jpg 768w, https:\/\/blogsaverroes.juntadeandalucia.es\/orientajaen\/files\/2017\/08\/Las_familias_en_las_aulas-722x1024.jpg 722w, https:\/\/blogsaverroes.juntadeandalucia.es\/orientajaen\/files\/2017\/08\/Las_familias_en_las_aulas-17x24.jpg 17w, https:\/\/blogsaverroes.juntadeandalucia.es\/orientajaen\/files\/2017\/08\/Las_familias_en_las_aulas-25x36.jpg 25w, https:\/\/blogsaverroes.juntadeandalucia.es\/orientajaen\/files\/2017\/08\/Las_familias_en_las_aulas-34x48.jpg 34w, https:\/\/blogsaverroes.juntadeandalucia.es\/orientajaen\/files\/2017\/08\/Las_familias_en_las_aulas.jpg 845w\" sizes=\"(max-width: 175px) 100vw, 175px\" \/><\/a><\/td>\n<\/tr>\n<\/tbody>\n<\/table>\n<p>&nbsp;<\/p>\n<p><span style=\"font-size: 10pt\"><strong>FAMILIAS DE COLORES<\/strong><\/span><\/p>\n<p><a href=\"https:\/\/familiasdecolores.wordpress.com\/2017\/03\/11\/diversidad-familiar-en-las-aulas\/\" target=\"_blank\" rel=\"noopener noreferrer\"><img decoding=\"async\" class=\"wp-image-5564 aligncenter\" src=\"https:\/\/blogsaverroes.juntadeandalucia.es\/orientajaen\/files\/2017\/08\/Familias_de_colores-300x127.jpg\" alt=\"\" width=\"369\" height=\"156\" srcset=\"https:\/\/blogsaverroes.juntadeandalucia.es\/orientajaen\/files\/2017\/08\/Familias_de_colores-300x127.jpg 300w, https:\/\/blogsaverroes.juntadeandalucia.es\/orientajaen\/files\/2017\/08\/Familias_de_colores-768x325.jpg 768w, https:\/\/blogsaverroes.juntadeandalucia.es\/orientajaen\/files\/2017\/08\/Familias_de_colores-1024x433.jpg 1024w, https:\/\/blogsaverroes.juntadeandalucia.es\/orientajaen\/files\/2017\/08\/Familias_de_colores-24x10.jpg 24w, https:\/\/blogsaverroes.juntadeandalucia.es\/orientajaen\/files\/2017\/08\/Familias_de_colores-36x15.jpg 36w, https:\/\/blogsaverroes.juntadeandalucia.es\/orientajaen\/files\/2017\/08\/Familias_de_colores-48x20.jpg 48w, https:\/\/blogsaverroes.juntadeandalucia.es\/orientajaen\/files\/2017\/08\/Familias_de_colores.jpg 1571w\" sizes=\"(max-width: 369px) 100vw, 369px\" \/><\/a><\/p>\n<p><span style=\"font-size: 10pt\"><strong>El proyecto educativo<\/strong> de Diversidad Familiar \u201c<strong>Familias de Colores<\/strong>\u201d est\u00e1 integrado por dos acciones. La primera de ellas es un <strong>cuentacuentos<\/strong> con soporte audiovisual, que se completa con unas fichas que se trabajar\u00e1n en el aula. (V\u00e1lido para Educaci\u00f3n Infantil y para los primeros cursos de Educaci\u00f3n Primaria). <strong>Fichas \u201cFamilias de Colores<\/strong>\u201d: A trav\u00e9s de 5 fichas ilustradas, el alumnado conoce y reconoce los diferentes tipos de familias que se dan en la sociedad actual. Recuerdan la diversidad familiar que han conocido en el Cuentacuentos, pudiendo el personal docente ampliar la informaci\u00f3n y resolver dudas sobre las diferentes modalidades de composici\u00f3n familiar de acuerdo con la edad y el nivel de comprensi\u00f3n del alumnado. Finaliza la actividad con una ficha en blanco en la que podr\u00e1n dibujar a \u201csu familia\u201d. De este modo los ni\u00f1as y ni\u00f1as podr\u00e1n apreciar que existen diferentes familias en su entorno m\u00e1s pr\u00f3ximo con lo que incrementar\u00e1n su formaci\u00f3n en el respeto y tolerancia ante la diversidad.<\/span><br \/>\n<span style=\"font-size: 10pt\"> Pretende ofrecer a los alumnos y alumnas del centro, y a trav\u00e9s de ellos, al conjunto de la comunidad escolar, una herramienta m\u00e1s de tolerancia basada en el respeto a la diversidad. Diversidad entendida como un elemento de aprendizaje y de enriquecimiento y crecimiento personal.<\/span><\/p>\n<p>&nbsp;<\/p>\n","protected":false},"excerpt":{"rendered":"<p>La Diversidad Familiar debe entenderse como la herramienta m\u00e1s \u00fatil para alcanzar la igualdad plena de todo el alumnado y en todos los ciclos educativos.&hellip;<\/p>\n","protected":false},"author":1213,"featured_media":0,"parent":0,"menu_order":0,"comment_status":"closed","ping_status":"closed","template":"","meta":{"ngg_post_thumbnail":0,"footnotes":""},"aioseo_notices":[],"_links":{"self":[{"href":"https:\/\/blogsaverroes.juntadeandalucia.es\/orientajaen\/wp-json\/wp\/v2\/pages\/5566"}],"collection":[{"href":"https:\/\/blogsaverroes.juntadeandalucia.es\/orientajaen\/wp-json\/wp\/v2\/pages"}],"about":[{"href":"https:\/\/blogsaverroes.juntadeandalucia.es\/orientajaen\/wp-json\/wp\/v2\/types\/page"}],"author":[{"embeddable":true,"href":"https:\/\/blogsaverroes.juntadeandalucia.es\/orientajaen\/wp-json\/wp\/v2\/users\/1213"}],"replies":[{"embeddable":true,"href":"https:\/\/blogsaverroes.juntadeandalucia.es\/orientajaen\/wp-json\/wp\/v2\/comments?post=5566"}],"version-history":[{"count":7,"href":"https:\/\/blogsaverroes.juntadeandalucia.es\/orientajaen\/wp-json\/wp\/v2\/pages\/5566\/revisions"}],"predecessor-version":[{"id":8180,"href":"https:\/\/blogsaverroes.juntadeandalucia.es\/orientajaen\/wp-json\/wp\/v2\/pages\/5566\/revisions\/8180"}],"wp:attachment":[{"href":"https:\/\/blogsaverroes.juntadeandalucia.es\/orientajaen\/wp-json\/wp\/v2\/media?parent=5566"}],"curies":[{"name":"wp","href":"https:\/\/api.w.org\/{rel}","templated":true}]}}