{"id":5722,"date":"2017-08-25T08:08:20","date_gmt":"2017-08-25T08:08:20","guid":{"rendered":"https:\/\/blogsaverroes.juntadeandalucia.es\/orientajaen\/?page_id=5722"},"modified":"2026-04-24T06:34:36","modified_gmt":"2026-04-24T06:34:36","slug":"nee-protocolo-neae","status":"publish","type":"page","link":"https:\/\/blogsaverroes.juntadeandalucia.es\/orientajaen\/nee-protocolo-neae\/","title":{"rendered":"NEE: Protocolo NEAE"},"content":{"rendered":"<p><span style=\"font-size: 10pt\"><strong>\u2663 <span style=\"color: #0000ff\"><a style=\"color: #0000ff\" href=\"https:\/\/blogsaverroes.juntadeandalucia.es\/orientajaen\/files\/2017\/07\/INSTRUCCIONES-8_3_2017-CON-ANEXOS-1.pdf\" target=\"_blank\" rel=\"noopener\"><span style=\"color: #000000\">INSTRUCCIONES DE 8 DE MARZO DE 2017 DE LA DIRECCI\u00d3N GENERAL<\/span><\/a><\/span><\/strong> DE PARTICIPACI\u00d3N Y EQUIDAD POR LAS QUE SE ACTUALIZA EL PROTOCOLO PARA LA DETECCI\u00d3N, IDENTIFICACI\u00d3N DEL ALUMNADO CON NECESIDAD ESPEC\u00cdFICA&nbsp; DE APOYO EDUCATIVO Y ORGANIZACI\u00d3N DE LA RESPUESTA EDUCATIVA.<\/span><\/p>\n<p><span style=\"font-size: 10pt\"><strong>\u2663 <span style=\"color: #0000ff\"><a style=\"color: #0000ff\" href=\"https:\/\/blogsaverroes.juntadeandalucia.es\/orientajaen\/files\/2017\/08\/Modificaciones_14-03-2017_Instrucciones-NEAE_08-03-2017.pdf\" target=\"_blank\" rel=\"noopener\"><span style=\"color: #000000\">INFORME SOBRE LAS MODIFICACIONES QUE INTRODUCEN LAS INSTRUCCIONES 8 DE MARZO DE 2017<\/span><\/a><\/span><\/strong>, POR LAS QUE SE ACTUALIZA EL PROTOCOLO DE DETECCI\u00d3N, IDENTIFICACI\u00d3N DEL ALUMNADO CON NEAE Y ORGANIZACI\u00d3N DE LA RESPUESTA EDUCATIVA.<\/span><\/p>\n<p><span style=\"font-size: 10pt\"><strong>\u2663 <span style=\"color: #0000ff\"><a style=\"color: #0000ff\" href=\"http:\/\/www.juntadeandalucia.es\/educacion\/portals\/web\/protocolo-neae\" target=\"_blank\" rel=\"noopener\"><span style=\"color: #000000\">PORTAL DEL PROTOCOLO NEAE<\/span><\/a><\/span><\/strong> DE LA JUNTA DE ANDALUCIA.<\/span><\/p>\n<p><span style=\"font-size: 10pt\"><strong>\u2663<span style=\"color: #000000\"><a style=\"color: #000000\" href=\"https:\/\/drive.google.com\/file\/d\/1PpvLXNCqjCoaWUWjptvXzYLLRzm31K3A\/view?usp=sharing\">PROCEDIMIENTO DE DETECCI\u00d3N DE INDICIOS DE NEAE EN S\u00c9NECA<\/a><\/span><\/strong><\/span><\/p>\n","protected":false},"excerpt":{"rendered":"<p>\u2663 INSTRUCCIONES DE 8 DE MARZO DE 2017 DE LA DIRECCI\u00d3N GENERAL DE PARTICIPACI\u00d3N Y EQUIDAD POR LAS QUE SE ACTUALIZA EL PROTOCOLO PARA LA&hellip;<\/p>\n","protected":false},"author":1213,"featured_media":0,"parent":0,"menu_order":0,"comment_status":"closed","ping_status":"closed","template":"","meta":{"ngg_post_thumbnail":0,"footnotes":""},"aioseo_notices":[],"_links":{"self":[{"href":"https:\/\/blogsaverroes.juntadeandalucia.es\/orientajaen\/wp-json\/wp\/v2\/pages\/5722"}],"collection":[{"href":"https:\/\/blogsaverroes.juntadeandalucia.es\/orientajaen\/wp-json\/wp\/v2\/pages"}],"about":[{"href":"https:\/\/blogsaverroes.juntadeandalucia.es\/orientajaen\/wp-json\/wp\/v2\/types\/page"}],"author":[{"embeddable":true,"href":"https:\/\/blogsaverroes.juntadeandalucia.es\/orientajaen\/wp-json\/wp\/v2\/users\/1213"}],"replies":[{"embeddable":true,"href":"https:\/\/blogsaverroes.juntadeandalucia.es\/orientajaen\/wp-json\/wp\/v2\/comments?post=5722"}],"version-history":[{"count":5,"href":"https:\/\/blogsaverroes.juntadeandalucia.es\/orientajaen\/wp-json\/wp\/v2\/pages\/5722\/revisions"}],"predecessor-version":[{"id":9285,"href":"https:\/\/blogsaverroes.juntadeandalucia.es\/orientajaen\/wp-json\/wp\/v2\/pages\/5722\/revisions\/9285"}],"wp:attachment":[{"href":"https:\/\/blogsaverroes.juntadeandalucia.es\/orientajaen\/wp-json\/wp\/v2\/media?parent=5722"}],"curies":[{"name":"wp","href":"https:\/\/api.w.org\/{rel}","templated":true}]}}