{"id":6482,"date":"2018-12-02T11:17:33","date_gmt":"2018-12-02T11:17:33","guid":{"rendered":"https:\/\/blogsaverroes.juntadeandalucia.es\/orientajaen\/?page_id=6482"},"modified":"2025-12-29T10:00:12","modified_gmt":"2025-12-29T10:00:12","slug":"nee-convenios-con-asociaciones","status":"publish","type":"page","link":"https:\/\/blogsaverroes.juntadeandalucia.es\/orientajaen\/nee-convenios-con-asociaciones\/","title":{"rendered":"NEE: CONVENIOS CON ASOCIACIONES"},"content":{"rendered":"<p style=\"text-align: justify\">\u2663 <a href=\"https:\/\/drive.google.com\/file\/d\/1y36lo6qhlmhz4bTvNBoS_K3cjT-smI11\/view?usp=drive_link\" target=\"_blank\" rel=\"noopener\">CONVENIO DE COLABORACI\u00d3N ENTRE LA CONSEJER\u00cdA DE DESARROLLO EDUCATIVO Y FORMACI\u00d3N PROFESIONAL DE LA JUNTA DE ANDALUC\u00cdA Y LA FEDERACI\u00d3N ANDALUZA DE S\u00cdNDROME DE ASPERGER PARA FAVORECER LA RESPUESTA EDUCATIVA AL ALUMNADO CON S\u00cdNDROME DE ASPERGER Y TRASTORNO DEL ESPECTRO AUTISTA DE NIVEL 1 (TEA-1) ESCOLARIZADO EN CENTROS EDUCATIVOS P\u00daBLICOS Y PRIVADOS CONCERTADOS DE ANDALUC\u00cdA<\/a>, de fecha 10 de julio de 2025.<\/p>\n<p style=\"text-align: justify\">\u2663 &nbsp;<a href=\"https:\/\/drive.google.com\/file\/d\/1GKu38J50wXeXfPuKGHvHSQAPE9SuL4us\/view?usp=sharing\" target=\"_blank\" rel=\"noopener\">CONVENIO DE COLABORACI\u00d3N ENTRE LA CONSEJER\u00cdA DE DESARROLLO EDUCATIVO Y FORMACI\u00d3N PROFESIONAL DE LA JUNTA DE ANDALUC\u00cdA Y LA FEDERACI\u00d3N AUTISMO ANDALUC\u00cdA PARA FAVORECER LA RESPUESTA EDUCATIVA AL ALUMNADO CON TRASTORNO DEL ESPECTRO DEL AUTISMO ESCOLARIZADO EN CENTROS EDUCATIVOS P\u00daBLICOS Y PRIVADOS CONCERTADOS DE ANDALUC\u00cdA<\/a>, de fecha 2 de septiembre de 2025.<\/p>\n<p style=\"text-align: justify\">\u2663 &nbsp;<a href=\"https:\/\/drive.google.com\/file\/d\/1cjZFv2yuy-KrrWbjonGvoyY3pgDFwqDw\/view?usp=sharing\" target=\"_blank\" rel=\"noopener\">CONVENIO DE COLABORACI\u00d3N ENTRE LA CONSEJER\u00cdA DE DESARROLLO EDUCATIVO Y FORMACI\u00d3N PROFESIONAL DE LA JUNTA DE ANDALUC\u00cdA Y LA FEDERACI\u00d3N DOWN ANDALUC\u00cdA PARA FAVORECER LA RESPUESTA EDUCATIVA AL ALUMNADO CON S\u00cdNDROME DOWN ESCOLARIZADO EN CENTROS EDUCATIVOS P\u00daBLICOS Y PRIVADOS CONCERTADOS DE ANDALUC\u00cdA<\/a>, de fecha 25 de junio de 2025.<\/p>\n<p style=\"text-align: justify\">\u2663 &nbsp;<a href=\"https:\/\/drive.google.com\/file\/d\/13wGAiIPX85ZWCLSsTfeyq4LI05NGoN8u\/view?usp=sharing\" target=\"_blank\" rel=\"noopener\">CONVENIO DE COLABORACI\u00d3N ENTRE LA CONSEJER\u00cdA DE DESARROLLO EDUCATIVO Y FORMACI\u00d3N PROFESIONAL DE LA JUNTA DE ANDALUC\u00cdA Y LA FEDERACI\u00d3N ANDALUZA DE ASOCIACIONES DE AYUDA AL TRASTORNO POR D\u00c9FICIT DE ATENCI\u00d3N CON O SIN HIPERACTIVIDAD (FAHYDA), PARA FAVORECER LA RESPUESTA EDUCATIVA AL ALUMNADO CON TRASTORNO HIPERCIN\u00c9TICO Y D\u00c9FICIT DE ATENCI\u00d3N, TDAH,&nbsp; ESCOLARIZADO EN CENTROS EDUCATIVOS P\u00daBLICOS Y PRIVADOS CONCERTADOS DE ANDALUC\u00cdA<\/a>, de fecha 29 de julio de 2025.<\/p>\n","protected":false},"excerpt":{"rendered":"<p>\u2663 CONVENIO DE COLABORACI\u00d3N ENTRE LA CONSEJER\u00cdA DE DESARROLLO EDUCATIVO Y FORMACI\u00d3N PROFESIONAL DE LA JUNTA DE ANDALUC\u00cdA Y LA FEDERACI\u00d3N ANDALUZA DE S\u00cdNDROME DE&hellip;<\/p>\n","protected":false},"author":1213,"featured_media":0,"parent":0,"menu_order":0,"comment_status":"closed","ping_status":"closed","template":"","meta":{"ngg_post_thumbnail":0,"footnotes":""},"aioseo_notices":[],"_links":{"self":[{"href":"https:\/\/blogsaverroes.juntadeandalucia.es\/orientajaen\/wp-json\/wp\/v2\/pages\/6482"}],"collection":[{"href":"https:\/\/blogsaverroes.juntadeandalucia.es\/orientajaen\/wp-json\/wp\/v2\/pages"}],"about":[{"href":"https:\/\/blogsaverroes.juntadeandalucia.es\/orientajaen\/wp-json\/wp\/v2\/types\/page"}],"author":[{"embeddable":true,"href":"https:\/\/blogsaverroes.juntadeandalucia.es\/orientajaen\/wp-json\/wp\/v2\/users\/1213"}],"replies":[{"embeddable":true,"href":"https:\/\/blogsaverroes.juntadeandalucia.es\/orientajaen\/wp-json\/wp\/v2\/comments?post=6482"}],"version-history":[{"count":13,"href":"https:\/\/blogsaverroes.juntadeandalucia.es\/orientajaen\/wp-json\/wp\/v2\/pages\/6482\/revisions"}],"predecessor-version":[{"id":9231,"href":"https:\/\/blogsaverroes.juntadeandalucia.es\/orientajaen\/wp-json\/wp\/v2\/pages\/6482\/revisions\/9231"}],"wp:attachment":[{"href":"https:\/\/blogsaverroes.juntadeandalucia.es\/orientajaen\/wp-json\/wp\/v2\/media?parent=6482"}],"curies":[{"name":"wp","href":"https:\/\/api.w.org\/{rel}","templated":true}]}}