{"id":7111,"date":"2020-02-17T12:09:15","date_gmt":"2020-02-17T12:09:15","guid":{"rendered":"https:\/\/blogsaverroes.juntadeandalucia.es\/orientajaen\/?page_id=7111"},"modified":"2020-02-17T12:26:56","modified_gmt":"2020-02-17T12:26:56","slug":"ce-procedimiento-aed","status":"publish","type":"page","link":"https:\/\/blogsaverroes.juntadeandalucia.es\/orientajaen\/ce-procedimiento-aed\/","title":{"rendered":"CE: Procedimiento AED"},"content":{"rendered":"<p><strong><span style=\"font-size: 36pt;color: #800080\">E<\/span><\/strong><span style=\"font-size: 10pt;font-family: arial, helvetica, sans-serif\">l procedimiento de solicitud, recogido en el documento Instrucciones para la Atenci\u00f3n Educativa en Domicilio (14 de noviembre de 2013), es el siguiente:<\/span><\/p>\n<p><span style=\"font-size: 10pt;font-family: arial, helvetica, sans-serif\">El centro educativo en el que est\u00e1 matriculado el alumno o alumna es el encargado de reunir la documentaci\u00f3n necesaria y remitirla a Delegaci\u00f3n. Esta documentaci\u00f3n es:<\/span><\/p>\n<ol>\n<li><span style=\"font-size: 10pt;font-family: arial, helvetica, sans-serif\">Instancia cumplimentada por los padres o tutores legales del alumno solicitando la <\/span><span style=\"font-size: 10pt;font-family: arial, helvetica, sans-serif\">atenci\u00f3n domiciliaria. Este documento es el Anexo I de las Instrucciones para la <\/span><span style=\"font-size: 10pt;font-family: arial, helvetica, sans-serif\">Atenci\u00f3n Domiciliaria.<\/span><\/li>\n<li><span style=\"font-size: 10pt;font-family: arial, helvetica, sans-serif\">Informe m\u00e9dico que indique la enfermedad que padece el alumno\/a y el tiempo previsible de convalecencia en domicilio. La atenci\u00f3n domiciliaria se concede para periodos superiores a un mes.<\/span><\/li>\n<li><span style=\"font-size: 10pt;font-family: arial, helvetica, sans-serif\">Informe escolar siguiendo el modelo del Anexo II de las Instrucciones citadas, realizado por:<\/span>\n<ul>\n<li><span style=\"font-size: 10pt;font-family: arial, helvetica, sans-serif\">Primaria: el Equipo de Orientaci\u00f3n Educativa de la zona y el tutor o tutora del alumno o alumna.<\/span><\/li>\n<li><span style=\"font-size: 10pt;font-family: arial, helvetica, sans-serif\">Secundaria: el Departamento de Orientaci\u00f3n y el tutor o tutora. Este informe debe describir y concretar las pautas de intervenci\u00f3n educativa y curricular con el alumno\/a. <\/span><\/li>\n<\/ul>\n<\/li>\n<li><span style=\"font-size: 10pt;font-family: arial, helvetica, sans-serif\">Fotocopia del DNI del padre, madre o tutor legal del alumno\/a.<\/span><\/li>\n<\/ol>\n<p><span style=\"font-size: 10pt;font-family: arial, helvetica, sans-serif\">En caso de padres divorciados o separados, se seguir\u00e1 lo establecido en el PROTOCOLO DE ACTUACI\u00d3N DE LOS CENTROS DOCENTES EN CASO DE PROGENITORES DIVORCIADOS O SEPARADOS (<span style=\"color: #3366ff\"><a style=\"color: #3366ff\" href=\"https:\/\/www.adideandalucia.es\/normas\/ordenes\/Protocolopadressepdiv2012.pdf\" target=\"_blank\" rel=\"noopener noreferrer\">Viceconsejer\u00eda de Educaci\u00f3n, 6 de junio de 2012<\/a>)<\/span><\/span><\/p>\n<p><span style=\"font-size: 10pt;font-family: arial, helvetica, sans-serif\">Una vez que el Centro tiene toda esta documentaci\u00f3n, deber\u00e1 remitirla a trav\u00e9s de S\u00e9neca por ventanilla electr\u00f3nica<em>, <\/em>escogiendo la opci\u00f3n:<em><br \/>\n<\/em><\/span><\/p>\n<ul style=\"list-style-type: square\">\n<li><span style=\"font-size: 10pt;font-family: arial, helvetica, sans-serif\"><em>Servicio de Ordenaci\u00f3n Educativa \/ ORIENTACI\u00d3N-Equipo T\u00e9cnico Provincial<\/em><br \/>\n<\/span><\/li>\n<\/ul>\n<p><span style=\"font-size: 10pt;font-family: arial, helvetica, sans-serif\">O por correo ordinario a:<\/span><\/p>\n<ul style=\"list-style-type: square\">\n<li><em><span style=\"font-size: 10pt;font-family: arial, helvetica, sans-serif\">Delegaci\u00f3n Territorial de Educaci\u00f3n, Deporte, Igualdad, Pol\u00edticas Sociales y Conciliaci\u00f3n en Ja\u00e9n.<\/span><\/em><br \/>\n<em><span style=\"font-size: 10pt;font-family: arial, helvetica, sans-serif\">Servicio de Ordenaci\u00f3n Educativa (A\/A Coordinador\/a del \u00c1rea de Compensaci\u00f3n Educativa &#8211; ETPOEP)<\/span><\/em><br \/>\n<em><span style=\"font-size: 10pt;font-family: arial, helvetica, sans-serif\">C\/ Mart\u00ednez Monta\u00f1\u00e9s, 8<\/span><\/em><br \/>\n<em><span style=\"font-size: 10pt;font-family: arial, helvetica, sans-serif\">23007 JA\u00c9N<\/span><\/em><\/li>\n<\/ul>\n","protected":false},"excerpt":{"rendered":"<p>El procedimiento de solicitud, recogido en el documento Instrucciones para la Atenci\u00f3n Educativa en Domicilio (14 de noviembre de 2013), es el siguiente: El centro&hellip;<\/p>\n","protected":false},"author":1213,"featured_media":0,"parent":0,"menu_order":0,"comment_status":"closed","ping_status":"closed","template":"","meta":{"ngg_post_thumbnail":0,"footnotes":""},"aioseo_notices":[],"_links":{"self":[{"href":"https:\/\/blogsaverroes.juntadeandalucia.es\/orientajaen\/wp-json\/wp\/v2\/pages\/7111"}],"collection":[{"href":"https:\/\/blogsaverroes.juntadeandalucia.es\/orientajaen\/wp-json\/wp\/v2\/pages"}],"about":[{"href":"https:\/\/blogsaverroes.juntadeandalucia.es\/orientajaen\/wp-json\/wp\/v2\/types\/page"}],"author":[{"embeddable":true,"href":"https:\/\/blogsaverroes.juntadeandalucia.es\/orientajaen\/wp-json\/wp\/v2\/users\/1213"}],"replies":[{"embeddable":true,"href":"https:\/\/blogsaverroes.juntadeandalucia.es\/orientajaen\/wp-json\/wp\/v2\/comments?post=7111"}],"version-history":[{"count":5,"href":"https:\/\/blogsaverroes.juntadeandalucia.es\/orientajaen\/wp-json\/wp\/v2\/pages\/7111\/revisions"}],"predecessor-version":[{"id":7120,"href":"https:\/\/blogsaverroes.juntadeandalucia.es\/orientajaen\/wp-json\/wp\/v2\/pages\/7111\/revisions\/7120"}],"wp:attachment":[{"href":"https:\/\/blogsaverroes.juntadeandalucia.es\/orientajaen\/wp-json\/wp\/v2\/media?parent=7111"}],"curies":[{"name":"wp","href":"https:\/\/api.w.org\/{rel}","templated":true}]}}