{"id":8042,"date":"2022-10-13T10:39:04","date_gmt":"2022-10-13T10:39:04","guid":{"rendered":"https:\/\/blogsaverroes.juntadeandalucia.es\/orientajaen\/?page_id=8042"},"modified":"2025-12-01T13:16:59","modified_gmt":"2025-12-01T13:16:59","slug":"recursos","status":"publish","type":"page","link":"https:\/\/blogsaverroes.juntadeandalucia.es\/orientajaen\/recursos\/","title":{"rendered":"Recursos"},"content":{"rendered":"<table style=\"width: 100%;height: 5031px\" width=\"100%\" cellspacing=\"0\" cellpadding=\"6\">\n<colgroup>\n<col width=\"128*\">\n<col width=\"128*\"> <\/colgroup>\n<tbody>\n<tr style=\"height: 56px\">\n<td style=\"height: 56px\" colspan=\"2\" valign=\"top\" width=\"100%\">\n<h5 align=\"center\"><span style=\"font-size: 10pt\"><strong>RECURSOS SOBRE CONDUCTA SUICIDA Y AUTOLESIONES.<\/strong><\/span><\/h5>\n<\/td>\n<\/tr>\n<tr>\n<td>\n<h5 align=\"center\"><span style=\"font-size: 12pt\"><b>Protocolo de actuaci\u00f3n en los centros educativos andaluces sostenidos con fondos p\u00fablicos para la prevenci\u00f3n del riesgo ante conductas suicidas o autolesiones del alumnado. Junta de Andaluc\u00eda.<\/b><\/span><\/h5>\n<h1><span style=\"font-family: georgia, palatino, serif;font-size: 12pt\">&nbsp;<\/span><\/h1>\n<h1 class=\"titulo\">&nbsp;<\/h1>\n<h5 align=\"center\"><span style=\"font-size: 10pt\"><strong>&nbsp;<\/strong><\/span><\/h5>\n<\/td>\n<td>\n<h5 align=\"center\"><a href=\"https:\/\/blogsaverroes.juntadeandalucia.es\/orientajaen\/wp-admin\/post.php?post=8598&amp;action=edit\"><span style=\"font-size: 12pt\"><b><img fetchpriority=\"high\" decoding=\"async\" class=\"alignnone size-medium wp-image-8600\" src=\"https:\/\/blogsaverroes.juntadeandalucia.es\/orientajaen\/files\/2023\/10\/portada_page-0001-212x300.jpg\" alt=\"\" width=\"212\" height=\"300\" srcset=\"https:\/\/blogsaverroes.juntadeandalucia.es\/orientajaen\/files\/2023\/10\/portada_page-0001-212x300.jpg 212w, https:\/\/blogsaverroes.juntadeandalucia.es\/orientajaen\/files\/2023\/10\/portada_page-0001-725x1024.jpg 725w, https:\/\/blogsaverroes.juntadeandalucia.es\/orientajaen\/files\/2023\/10\/portada_page-0001-768x1085.jpg 768w, https:\/\/blogsaverroes.juntadeandalucia.es\/orientajaen\/files\/2023\/10\/portada_page-0001-1087x1536.jpg 1087w, https:\/\/blogsaverroes.juntadeandalucia.es\/orientajaen\/files\/2023\/10\/portada_page-0001.jpg 1132w\" sizes=\"(max-width: 212px) 100vw, 212px\" \/><\/b><\/span><\/a><\/h5>\n<\/td>\n<\/tr>\n<tr style=\"height: 316px\" valign=\"top\">\n<td style=\"height: 316px\" width=\"50%\">\n<h5 align=\"center\"><span style=\"font-size: 12pt\"><b>Estrategias de Prevenci\u00f3n, Intervenci\u00f3n y Posvenci\u00f3n de la Conducta Suicida en el \u00c1mbito Educativo<\/b><\/span><\/h5>\n<\/td>\n<td style=\"height: 316px\" width=\"50%\">\n<h5 align=\"left\"><a href=\"https:\/\/drive.google.com\/file\/d\/1vq5a9i8UtwDinxLKrwbSHum4OLWVqdKC\/view?usp=sharing\"> <img decoding=\"async\" class=\" wp-image-9213 aligncenter\" src=\"https:\/\/blogsaverroes.juntadeandalucia.es\/orientajaen\/files\/2025\/12\/Captura-de-pantalla-2025-12-01-134814-208x300.png\" alt=\"\" width=\"173\" height=\"250\" srcset=\"https:\/\/blogsaverroes.juntadeandalucia.es\/orientajaen\/files\/2025\/12\/Captura-de-pantalla-2025-12-01-134814-208x300.png 208w, https:\/\/blogsaverroes.juntadeandalucia.es\/orientajaen\/files\/2025\/12\/Captura-de-pantalla-2025-12-01-134814.png 646w\" sizes=\"(max-width: 173px) 100vw, 173px\" \/><\/a><\/h5>\n<\/td>\n<\/tr>\n<tr>\n<td>\n<h5 align=\"center\">&nbsp;<\/h5>\n<h5 align=\"center\"><span style=\"font-size: 12pt\"><b>Gu\u00eda para Familiares y Educadores. Prevenci\u00f3n del Suicidio en Adolescentes. Red AIPIS<\/b><\/span><\/h5>\n<\/td>\n<td><a href=\"https:\/\/drive.google.com\/file\/d\/1P4lmhILhTPPM8XlSqvn_j1waJfTOD5ZP\/view?usp=sharing\"><img decoding=\"async\" class=\"size-medium wp-image-8893 aligncenter\" src=\"https:\/\/blogsaverroes.juntadeandalucia.es\/orientajaen\/files\/2024\/09\/PORTADA_page-0001-2-212x300.jpg\" alt=\"\" width=\"212\" height=\"300\" srcset=\"https:\/\/blogsaverroes.juntadeandalucia.es\/orientajaen\/files\/2024\/09\/PORTADA_page-0001-2-212x300.jpg 212w, https:\/\/blogsaverroes.juntadeandalucia.es\/orientajaen\/files\/2024\/09\/PORTADA_page-0001-2-725x1024.jpg 725w, https:\/\/blogsaverroes.juntadeandalucia.es\/orientajaen\/files\/2024\/09\/PORTADA_page-0001-2-768x1085.jpg 768w, https:\/\/blogsaverroes.juntadeandalucia.es\/orientajaen\/files\/2024\/09\/PORTADA_page-0001-2-1087x1536.jpg 1087w, https:\/\/blogsaverroes.juntadeandalucia.es\/orientajaen\/files\/2024\/09\/PORTADA_page-0001-2.jpg 1132w\" sizes=\"(max-width: 212px) 100vw, 212px\" \/><\/a><\/td>\n<\/tr>\n<tr style=\"height: 275px\">\n<td style=\"height: 275px\">\n<h5 align=\"center\"><span style=\"font-size: 12pt\"><b>Gu\u00eda para la promoci\u00f3n de la Salud Mental y la Prevenci\u00f3n del Suicidio Adolescente en centros educativos. Equipo de trabajo: Ernesto Gutierrez Crespo, Vanesa Vadillo Vicente, Idoia G\u00f3mez Gr\u00e1valos,<br \/>\nequipo profesional de la asociaci\u00f3n ASAFES y equipo profesional de la asociaci\u00f3n AIDATU<\/b><\/span><\/h5>\n<\/td>\n<td style=\"height: 275px\">\n<h5 align=\"left\"><a href=\"https:\/\/consaludmental.org\/centro-documentacion\/guia-promocion-salud-mental-suicidio-adolescente\/\"><img loading=\"lazy\" decoding=\"async\" class=\"aligncenter wp-image-8313\" src=\"https:\/\/blogsaverroes.juntadeandalucia.es\/orientajaen\/files\/2023\/03\/Guia_promocion_salud_mental_prevencion_suicidio_adolescente_Castellano_page-0001-212x300.jpg\" alt=\"\" width=\"163\" height=\"231\" srcset=\"https:\/\/blogsaverroes.juntadeandalucia.es\/orientajaen\/files\/2023\/03\/Guia_promocion_salud_mental_prevencion_suicidio_adolescente_Castellano_page-0001-212x300.jpg 212w, https:\/\/blogsaverroes.juntadeandalucia.es\/orientajaen\/files\/2023\/03\/Guia_promocion_salud_mental_prevencion_suicidio_adolescente_Castellano_page-0001-725x1024.jpg 725w, https:\/\/blogsaverroes.juntadeandalucia.es\/orientajaen\/files\/2023\/03\/Guia_promocion_salud_mental_prevencion_suicidio_adolescente_Castellano_page-0001-768x1085.jpg 768w, https:\/\/blogsaverroes.juntadeandalucia.es\/orientajaen\/files\/2023\/03\/Guia_promocion_salud_mental_prevencion_suicidio_adolescente_Castellano_page-0001-1087x1536.jpg 1087w, https:\/\/blogsaverroes.juntadeandalucia.es\/orientajaen\/files\/2023\/03\/Guia_promocion_salud_mental_prevencion_suicidio_adolescente_Castellano_page-0001.jpg 1132w\" sizes=\"(max-width: 163px) 100vw, 163px\" \/><\/a><\/h5>\n<\/td>\n<\/tr>\n<tr style=\"height: 332px\">\n<td style=\"height: 332px\">\n<h5 align=\"center\"><span style=\"font-size: 12pt\"><b>Gu\u00eda de Prevenci\u00f3n del Suicidio. Actuaciones en Centros. Consejer\u00eda de Salud y&nbsp; Consejer\u00eda de Educaci\u00f3n. Regi\u00f3n de Murcia. <\/b><\/span><\/h5>\n<\/td>\n<td style=\"height: 332px\">\n<h5 align=\"left\"><a href=\"http:\/\/www.carm.es\/web\/pagina?IDCONTENIDO=20915&amp;IDTIPO=246&amp;RASTRO=c801$m4331,4330\"><img loading=\"lazy\" decoding=\"async\" class=\"alignnone wp-image-8263 aligncenter\" src=\"https:\/\/blogsaverroes.juntadeandalucia.es\/orientajaen\/files\/2023\/01\/guia-de-prevencion-del-suicidio-familias-page-001-212x300.jpg\" alt=\"\" width=\"165\" height=\"233\" srcset=\"https:\/\/blogsaverroes.juntadeandalucia.es\/orientajaen\/files\/2023\/01\/guia-de-prevencion-del-suicidio-familias-page-001-212x300.jpg 212w, https:\/\/blogsaverroes.juntadeandalucia.es\/orientajaen\/files\/2023\/01\/guia-de-prevencion-del-suicidio-familias-page-001-724x1024.jpg 724w, https:\/\/blogsaverroes.juntadeandalucia.es\/orientajaen\/files\/2023\/01\/guia-de-prevencion-del-suicidio-familias-page-001-768x1086.jpg 768w, https:\/\/blogsaverroes.juntadeandalucia.es\/orientajaen\/files\/2023\/01\/guia-de-prevencion-del-suicidio-familias-page-001-1086x1536.jpg 1086w, https:\/\/blogsaverroes.juntadeandalucia.es\/orientajaen\/files\/2023\/01\/guia-de-prevencion-del-suicidio-familias-page-001.jpg 1131w\" sizes=\"(max-width: 165px) 100vw, 165px\" \/><\/a><\/h5>\n<\/td>\n<\/tr>\n<tr style=\"height: 209px\">\n<td style=\"height: 209px\">\n<h5 align=\"center\"><span style=\"font-size: 12pt\"><b>Informaci\u00f3n sobre las autolesiones para adolescentes, familias y profesionales de la educaci\u00f3n. Agencia de Conocimiento en Salud (ACIS). Unidad de Asesoramiento Cient\u00edfico-t\u00e9cnico Avalia-t<\/b><\/span><\/h5>\n<h5>&nbsp;<\/h5>\n<\/td>\n<td style=\"height: 209px\">\n<h5 align=\"left\"><a href=\"https:\/\/portal.guiasalud.es\/descriptor\/autolesiones\/?wpv_view_count=852&amp;wpv_sort_orderby=field-wpcf-fecha-edicion&amp;wpv_sort_orderby_as=numeric&amp;wpv_orderby=field-wpcf-fecha-edicion&amp;wpv_sort_order=desc&amp;wpv_order=desc\"><img loading=\"lazy\" decoding=\"async\" class=\"alignnone wp-image-8273 aligncenter\" src=\"https:\/\/blogsaverroes.juntadeandalucia.es\/orientajaen\/files\/2023\/02\/autolesiones-pac-cuadrada.jpg\" alt=\"\" width=\"165\" height=\"165\" srcset=\"https:\/\/blogsaverroes.juntadeandalucia.es\/orientajaen\/files\/2023\/02\/autolesiones-pac-cuadrada.jpg 214w, https:\/\/blogsaverroes.juntadeandalucia.es\/orientajaen\/files\/2023\/02\/autolesiones-pac-cuadrada-150x150.jpg 150w\" sizes=\"(max-width: 165px) 100vw, 165px\" \/><\/a><\/h5>\n<\/td>\n<\/tr>\n<tr style=\"height: 226px\">\n<td style=\"height: 226px\">\n<div>\n<h5 style=\"text-align: center\"><span style=\"font-size: 12pt\">Evaluaci\u00f3n y manejo cl\u00ednico de la autolesiones en la adolescencia: protocolo basado en la evidencia. Agencia de Conocimiento en Salud (ACIS). Unidad de Asesoramiento Cient\u00edfico-t\u00e9cnico Avalia-t<\/span><\/h5>\n<\/div>\n<p align=\"center\"><span style=\"font-size: 12pt\"><b>&nbsp;<\/b><\/span><\/p>\n<\/td>\n<td style=\"height: 226px\">\n<p align=\"left\"><a href=\"https:\/\/portal.guiasalud.es\/opbe\/autolesiones-adolescencia\/\"><img loading=\"lazy\" decoding=\"async\" class=\" wp-image-8278 aligncenter\" src=\"https:\/\/blogsaverroes.juntadeandalucia.es\/orientajaen\/files\/2023\/02\/autolesiones-pac-cuadrada-1.jpg\" alt=\"\" width=\"139\" height=\"195\"><\/a><\/p>\n<\/td>\n<\/tr>\n<tr style=\"height: 332px\" valign=\"top\">\n<td style=\"height: 332px\" width=\"50%\">\n<p align=\"center\"><span style=\"font-size: 12pt\"><b>Gu\u00eda para la prevenci\u00f3n de la conducta suicida dirigida a docentes. Ens\u00e9\u00f1ales a vivir. Comunidad de Madrid.<\/b><\/span><\/p>\n<\/td>\n<td style=\"height: 332px\" width=\"50%\">\n<p align=\"left\"><a href=\"https:\/\/www.fsme.es\/centro-de-documentaci\u00f3n-sobre-conducta-suicida\/gu\u00edas-sobre-conducta-suicida\/madrid-docentes\/\"><img loading=\"lazy\" decoding=\"async\" class=\"alignnone wp-image-8132 aligncenter\" src=\"https:\/\/blogsaverroes.juntadeandalucia.es\/orientajaen\/files\/2022\/11\/GU\u00cdA-PARA-DOCENTES-209x300.jpg\" alt=\"\" width=\"152\" height=\"218\" srcset=\"https:\/\/blogsaverroes.juntadeandalucia.es\/orientajaen\/files\/2022\/11\/GU\u00cdA-PARA-DOCENTES-209x300.jpg 209w, https:\/\/blogsaverroes.juntadeandalucia.es\/orientajaen\/files\/2022\/11\/GU\u00cdA-PARA-DOCENTES.jpg 226w\" sizes=\"(max-width: 152px) 100vw, 152px\" \/><\/a><\/p>\n<\/td>\n<\/tr>\n<tr style=\"height: 299px\" valign=\"top\">\n<td style=\"height: 299px\" width=\"50%\">\n<p align=\"center\"><b>Gu\u00eda prevenci\u00f3n del suicidio para el \u00e1mbito escolar. Generalitat Valenciana.<\/b><\/p>\n<\/td>\n<td style=\"height: 299px\" width=\"50%\">\n<p align=\"left\"><a href=\"https:\/\/ceice.gva.es\/documents\/169149987\/173803185\/Guia_prevencio_suicidi_ambit_escolar_cas.pdf\"><img loading=\"lazy\" decoding=\"async\" class=\"alignnone wp-image-8134 aligncenter\" src=\"https:\/\/blogsaverroes.juntadeandalucia.es\/orientajaen\/files\/2022\/11\/descarga.jpg\" alt=\"\" width=\"155\" height=\"219\"><\/a><\/p>\n<\/td>\n<\/tr>\n<tr style=\"height: 280px\" valign=\"top\">\n<td style=\"height: 280px\" width=\"50%\">\n<p align=\"center\"><b>Directrices de actuaci\u00f3n para la Prevenci\u00f3n, Intervenci\u00f3n y Postvenci\u00f3n del suicidio en el entorno escolar. Euregenas. <\/b><\/p>\n<\/td>\n<td style=\"height: 280px\" width=\"50%\">\n<p align=\"left\"><a href=\"https:\/\/www.aepsal.com\/wp-content\/uploads\/2016\/09\/Guia-prevencion-suicidio-entornos-escolares.pdf\"><img loading=\"lazy\" decoding=\"async\" class=\"alignnone wp-image-8135 aligncenter\" src=\"https:\/\/blogsaverroes.juntadeandalucia.es\/orientajaen\/files\/2022\/11\/descarga-1.jpg\" alt=\"\" width=\"148\" height=\"210\"><\/a><\/p>\n<\/td>\n<\/tr>\n<tr style=\"height: 299px\" valign=\"top\">\n<td style=\"height: 299px\" width=\"50%\">\n<p align=\"center\"><b>C\u00f3mo hablar con nuestro alumnado del suicidio. Dolors L\u00f3pez Alarc\u00f3n. CEFIRE. Generalitat Valenciana.<\/b><\/p>\n<p>&nbsp;<\/td>\n<td style=\"height: 299px\" width=\"50%\">\n<p align=\"left\"><a href=\"https:\/\/portal.edu.gva.es\/cefireinclusiva\/wp-content\/uploads\/sites\/193\/2021\/05\/COMO-HABLAR-CON-NUESTRO-ALUMNADO-DEL-SUICIDIO-3.pdf\"><img loading=\"lazy\" decoding=\"async\" class=\"alignnone wp-image-8136 aligncenter\" src=\"https:\/\/blogsaverroes.juntadeandalucia.es\/orientajaen\/files\/2022\/11\/descarga-2.jpg\" alt=\"\" width=\"154\" height=\"218\"><\/a><\/p>\n<\/td>\n<\/tr>\n<tr style=\"height: 261px\">\n<td style=\"height: 261px\">\n<p align=\"center\"><b>Hagamos un Plan. Recursos para la prevenci\u00f3n del suicidio. Tel\u00e9fono de la esperanza.&nbsp;<\/b><\/p>\n<\/td>\n<td style=\"height: 261px\">\n<p align=\"left\"><a href=\"https:\/\/www.teprevenciondesuicidio.com\/\"><img loading=\"lazy\" decoding=\"async\" class=\" wp-image-8295 aligncenter\" src=\"https:\/\/blogsaverroes.juntadeandalucia.es\/orientajaen\/files\/2023\/02\/Plan22-212x300.jpg\" alt=\"\" width=\"162\" height=\"229\" srcset=\"https:\/\/blogsaverroes.juntadeandalucia.es\/orientajaen\/files\/2023\/02\/Plan22-212x300.jpg 212w, https:\/\/blogsaverroes.juntadeandalucia.es\/orientajaen\/files\/2023\/02\/Plan22.jpg 370w\" sizes=\"(max-width: 162px) 100vw, 162px\" \/><\/a><\/p>\n<\/td>\n<\/tr>\n<tr style=\"height: 356px\" valign=\"top\">\n<td style=\"height: 356px\" width=\"50%\">\n<p align=\"center\"><b>Gu\u00eda para familiares en duelo por suicidio. Red AIPIS-FaeDS. Salud Madrid.<\/b><\/p>\n<\/td>\n<td style=\"height: 356px\" width=\"50%\">\n<p align=\"left\"><a href=\"https:\/\/www.redaipis.org\/guia-para-familiares-en-duelo-por-suicidio\"><img loading=\"lazy\" decoding=\"async\" class=\"alignnone wp-image-8137 aligncenter\" src=\"https:\/\/blogsaverroes.juntadeandalucia.es\/orientajaen\/files\/2022\/11\/guia_familiares_duelo_por_suicidio--211x300.png\" alt=\"\" width=\"172\" height=\"245\" srcset=\"https:\/\/blogsaverroes.juntadeandalucia.es\/orientajaen\/files\/2022\/11\/guia_familiares_duelo_por_suicidio--211x300.png 211w, https:\/\/blogsaverroes.juntadeandalucia.es\/orientajaen\/files\/2022\/11\/guia_familiares_duelo_por_suicidio-.png 229w\" sizes=\"(max-width: 172px) 100vw, 172px\" \/><\/a><\/p>\n<\/td>\n<\/tr>\n<tr style=\"height: 356px\" valign=\"top\">\n<td style=\"height: 356px\" width=\"50%\">\n<p align=\"center\"><b>Gu\u00eda para familiares. Detecci\u00f3n y prevenci\u00f3n de la Conducta Suicida en personas con una enfermedad mental. FESAMAN. Salud Madrid.<\/b><\/p>\n<\/td>\n<td style=\"height: 356px\" width=\"50%\">\n<p align=\"left\"><a href=\"https:\/\/www.redaipis.org\/guia-para-familiares-deteccion-y-prevencion-de-la-conducta-suicida\"><img loading=\"lazy\" decoding=\"async\" class=\"alignnone wp-image-8138 aligncenter\" src=\"https:\/\/blogsaverroes.juntadeandalucia.es\/orientajaen\/files\/2022\/11\/GUIA-PARA-FAMILIARES-211x300.jpg\" alt=\"\" width=\"167\" height=\"237\" srcset=\"https:\/\/blogsaverroes.juntadeandalucia.es\/orientajaen\/files\/2022\/11\/GUIA-PARA-FAMILIARES-211x300.jpg 211w, https:\/\/blogsaverroes.juntadeandalucia.es\/orientajaen\/files\/2022\/11\/GUIA-PARA-FAMILIARES.jpg 229w\" sizes=\"(max-width: 167px) 100vw, 167px\" \/><\/a><\/p>\n<\/td>\n<\/tr>\n<tr style=\"height: 356px\" valign=\"top\">\n<td style=\"height: 356px\" width=\"50%\">\n<p align=\"center\"><b>Gu\u00eda de autoayuda. Prevenci\u00f3n del suicidio. \u00bfQu\u00e9 puedo hacer?. Salud Madrid.<\/b><\/p>\n<\/td>\n<td style=\"height: 356px\" width=\"50%\">\n<p align=\"left\"><a href=\"https:\/\/www.redaipis.org\/guia-de-autoayuda-prevencion-del-suicidio\"><img loading=\"lazy\" decoding=\"async\" class=\"alignnone wp-image-8139 aligncenter\" src=\"https:\/\/blogsaverroes.juntadeandalucia.es\/orientajaen\/files\/2022\/11\/GUIA-DE-AUTOAYUDA-211x300.jpg\" alt=\"\" width=\"171\" height=\"243\" srcset=\"https:\/\/blogsaverroes.juntadeandalucia.es\/orientajaen\/files\/2022\/11\/GUIA-DE-AUTOAYUDA-211x300.jpg 211w, https:\/\/blogsaverroes.juntadeandalucia.es\/orientajaen\/files\/2022\/11\/GUIA-DE-AUTOAYUDA.jpg 229w\" sizes=\"(max-width: 171px) 100vw, 171px\" \/><\/a><\/p>\n<\/td>\n<\/tr>\n<tr style=\"height: 384px\">\n<td style=\"height: 384px\">\n<p align=\"center\"><b>Nadie Quiere Morir. Ni siquiera las personas que se suicidan. G<strong>u\u00eda gratuita de autoayuda&nbsp;<\/strong>dirigida a personas con ideaci\u00f3n y conducta suicida. Un &nbsp;proyecto que no pretende sustituir el trabajo de los y las profesionales de la salud mental, sino m\u00e1s bien, <strong>animar a la gente a pedir ayuda<\/strong>\u00ab. T\u00e1cticas para \u00abbajar el volumen\u00bb a los pensamientos intrusivos, formas de pedir ayuda, c\u00f3mo alejarte de las cosas que te quitan tu energ\u00eda o qu\u00e9 hacer ante pensamientos suicidas, son algunos de los aspectos que se abordan en la gu\u00eda. <\/b><\/p>\n<p align=\"center\"><b>Matu Santamar\u00eda<\/b><\/p>\n<\/td>\n<td style=\"height: 384px\">\n<p align=\"left\"><a href=\"https:\/\/drive.google.com\/file\/d\/1dSlX17pPAHFKOo8OJ8JVlmeaj5_G4Oz1\/view?usp=sharing\"><img loading=\"lazy\" decoding=\"async\" class=\"alignnone wp-image-8242 aligncenter\" src=\"https:\/\/blogsaverroes.juntadeandalucia.es\/orientajaen\/files\/2022\/12\/descarga.png\" alt=\"\" width=\"165\" height=\"193\"><\/a><\/p>\n<\/td>\n<\/tr>\n<tr style=\"height: 80px\" valign=\"top\">\n<td style=\"height: 80px\" width=\"50%\">\n<p align=\"center\"><b>024. L\u00ednea de atenci\u00f3n a la conducta suicida. Ministerio de Sanidad.<\/b><\/p>\n<\/td>\n<td style=\"height: 80px\" width=\"50%\">\n<p align=\"left\"><a href=\"https:\/\/www.sanidad.gob.es\/linea024\/home.htm\"><img loading=\"lazy\" decoding=\"async\" class=\"alignnone size-full wp-image-8140 aligncenter\" src=\"https:\/\/blogsaverroes.juntadeandalucia.es\/orientajaen\/files\/2022\/11\/descarga-3.jpg\" alt=\"\" width=\"225\" height=\"225\" srcset=\"https:\/\/blogsaverroes.juntadeandalucia.es\/orientajaen\/files\/2022\/11\/descarga-3.jpg 225w, https:\/\/blogsaverroes.juntadeandalucia.es\/orientajaen\/files\/2022\/11\/descarga-3-150x150.jpg 150w\" sizes=\"(max-width: 225px) 100vw, 225px\" \/><\/a><\/p>\n<\/td>\n<\/tr>\n<tr style=\"height: 158px\" valign=\"top\">\n<td style=\"height: 158px\" width=\"50%\">\n<p align=\"center\"><b>L\u00edneas de asistencia de prevenci\u00f3n del suicidio. Tel\u00e9fono de la esperanza.<\/b><\/p>\n<\/td>\n<td style=\"height: 158px\" width=\"50%\">\n<p align=\"left\"><a href=\"https:\/\/telefonodelaesperanza.org\/necesito-ayuda\"><img loading=\"lazy\" decoding=\"async\" class=\"size-medium wp-image-8141 aligncenter\" src=\"https:\/\/blogsaverroes.juntadeandalucia.es\/orientajaen\/files\/2022\/11\/descarga-300x123.png\" alt=\"\" width=\"300\" height=\"123\" srcset=\"https:\/\/blogsaverroes.juntadeandalucia.es\/orientajaen\/files\/2022\/11\/descarga-300x123.png 300w, https:\/\/blogsaverroes.juntadeandalucia.es\/orientajaen\/files\/2022\/11\/descarga.png 351w\" sizes=\"(max-width: 300px) 100vw, 300px\" \/><\/a><\/p>\n<\/td>\n<\/tr>\n<tr style=\"height: 456px\" valign=\"top\">\n<td style=\"height: 456px\" width=\"50%\">\n<p align=\"center\"><b>Enlaces de inter\u00e9s<\/b><\/p>\n<\/td>\n<td style=\"height: 456px\" width=\"50%\">\n<p align=\"justify\">&nbsp;<\/p>\n<ul>\n<li><a href=\"https:\/\/www.fsme.es\/observatorio-del-suicidio\/\">Observatorio del Suicidio en Espa\u00f1a. Fundaci\u00f3n Espa\u00f1ola para la Prevenci\u00f3n del Suicidio.<\/a><\/li>\n<li><a style=\"font-family: inherit;font-size: inherit\" href=\"https:\/\/www.redaipis.org\/quienes-somos\">RedAIPIS-FaeDS<\/a><\/li>\n<li><a style=\"font-family: inherit;font-size: inherit\" href=\"https:\/\/consaludmental.org\/centro-documentacion\/guia-familiares-duelo-suicidio\/\">Confederaci\u00f3n Salud Mental Espa\u00f1a<\/a><\/li>\n<li><a style=\"font-family: inherit;font-size: inherit\" href=\"https:\/\/papageno.es\/\">Papageno. Asociaci\u00f3n de Profesionales en Prevenci\u00f3n y Postvenci\u00f3n del Suicidio<\/a><\/li>\n<li><b style=\"font-family: inherit;font-size: inherit\">&nbsp;<\/b><a style=\"font-family: inherit;font-size: inherit\" href=\"https:\/\/papageno.es\/supervivientes-familiares-fallecidos-suicidio\/asociaciones-de-supervivientes\">Asociaciones de supervivientes. Papageno.<\/a><\/li>\n<li><a style=\"font-family: inherit;font-size: inherit\" href=\"https:\/\/portal.guiasalud.es\/descriptor\/autolesiones\/?wpv_view_count=852&amp;wpv_sort_orderby=field-wpcf-fecha-edicion&amp;wpv_sort_orderby_as=numeric&amp;wpv_orderby=field-wpcf-fecha-edicion&amp;wpv_sort_order=desc&amp;wpv_order=desc\">Asociaci\u00f3n internacional de autolesi\u00f3n.<\/a><\/li>\n<li><a href=\"https:\/\/grupogreta.com\/es\/estrategias\/\">GRETA. Grupo de Estudio y Tratamiento de la Autolesi\u00f3n.<\/a><\/li>\n<li><a href=\"https:\/\/www.isniss.es\/descubreisniss\">Proyecto ISNISS<\/a> (Proyecto con el objetivo de investigar e intervenir en la prevenci\u00f3n de conductas disruptivas, autodestructivas y de abuso y estudiar la influencia de los entornos digitales en la autolesi\u00f3n y el suicidio.<\/li>\n<\/ul>\n<p>&nbsp;<\/td>\n<\/tr>\n<\/tbody>\n<\/table>\n","protected":false},"excerpt":{"rendered":"<p>RECURSOS SOBRE CONDUCTA SUICIDA Y AUTOLESIONES. Protocolo de actuaci\u00f3n en los centros educativos andaluces sostenidos con fondos p\u00fablicos para la prevenci\u00f3n del riesgo ante conductas&hellip;<\/p>\n","protected":false},"author":8650,"featured_media":0,"parent":0,"menu_order":0,"comment_status":"closed","ping_status":"closed","template":"","meta":{"ngg_post_thumbnail":0,"footnotes":""},"aioseo_notices":[],"_links":{"self":[{"href":"https:\/\/blogsaverroes.juntadeandalucia.es\/orientajaen\/wp-json\/wp\/v2\/pages\/8042"}],"collection":[{"href":"https:\/\/blogsaverroes.juntadeandalucia.es\/orientajaen\/wp-json\/wp\/v2\/pages"}],"about":[{"href":"https:\/\/blogsaverroes.juntadeandalucia.es\/orientajaen\/wp-json\/wp\/v2\/types\/page"}],"author":[{"embeddable":true,"href":"https:\/\/blogsaverroes.juntadeandalucia.es\/orientajaen\/wp-json\/wp\/v2\/users\/8650"}],"replies":[{"embeddable":true,"href":"https:\/\/blogsaverroes.juntadeandalucia.es\/orientajaen\/wp-json\/wp\/v2\/comments?post=8042"}],"version-history":[{"count":18,"href":"https:\/\/blogsaverroes.juntadeandalucia.es\/orientajaen\/wp-json\/wp\/v2\/pages\/8042\/revisions"}],"predecessor-version":[{"id":9214,"href":"https:\/\/blogsaverroes.juntadeandalucia.es\/orientajaen\/wp-json\/wp\/v2\/pages\/8042\/revisions\/9214"}],"wp:attachment":[{"href":"https:\/\/blogsaverroes.juntadeandalucia.es\/orientajaen\/wp-json\/wp\/v2\/media?parent=8042"}],"curies":[{"name":"wp","href":"https:\/\/api.w.org\/{rel}","templated":true}]}}