{"id":8056,"date":"2022-10-14T10:13:46","date_gmt":"2022-10-14T10:13:46","guid":{"rendered":"https:\/\/blogsaverroes.juntadeandalucia.es\/orientajaen\/?page_id=8056"},"modified":"2022-10-28T10:58:39","modified_gmt":"2022-10-28T10:58:39","slug":"igualdad","status":"publish","type":"page","link":"https:\/\/blogsaverroes.juntadeandalucia.es\/orientajaen\/igualdad\/","title":{"rendered":"AT: Igualdad -Planes y Programas &#8211; Pacto de Estado"},"content":{"rendered":"<p align=\"justify\">&nbsp; &nbsp; Un pacto de estado es la denominaci\u00f3n que se da a los pactos entre partidos pol\u00edticos de tendencias opuestas para enmarcar la acci\u00f3n del Estado a largo plazo en asuntos de trascendencia, sin importar qu\u00e9 partido ocupe el gobierno en cada momento. Se suele hacer a trav\u00e9s del consenso de la mayor\u00eda de las fuerzas pol\u00edticas del arco parlamentario. En Espa\u00f1a destacan los Pactos de la Moncloa en 1977, el Pacto de Toledo sobre el sistema de pensiones p\u00fablico en 1995, o el Pacto por las Libertades y contra el Terrorismo en el a\u00f1o 2000.<\/p>\n<p align=\"justify\">&nbsp; &nbsp; &nbsp; &nbsp;Este Pacto supone un punto de inflexi\u00f3n en la actuaci\u00f3n de los poderes p\u00fablicos para la erradicaci\u00f3n de la Violencia de g\u00e9nero en todas sus formas en nuestro pa\u00eds. En Espa\u00f1a se han alcanzado resultados positivos a lo largo de los \u00faltimos a\u00f1os pero pese a los avances legales de car\u00e1cter nacional e internacional las mujeres siguen siendo controladas, amenazadas, agredidas y asesinadas; adem\u00e1s han repuntado otras formas de violencia contra las mujeres al comp\u00e1s de los cambios producidos por la globalizaci\u00f3n, como la trata de mujeres y de menores con fines de explotaci\u00f3n sexual.<\/p>\n<p align=\"justify\">&nbsp; &nbsp; &nbsp;Las medidas concretadas en este Pacto de Estado inciden en los \u00e1mbitos de sensibilizaci\u00f3n y prevenci\u00f3n; mejora de la respuesta institucional; perfeccionamiento de la asistencia, ayuda y protecci\u00f3n a las v\u00edctimas; asistencia y protecci\u00f3n de los menores; impulso a la formaci\u00f3n de los distintos agentes; seguimiento estad\u00edstico; recomendaciones a las Administraciones P\u00fablicas y otras instituciones; visualizaci\u00f3n y atenci\u00f3n de otras formas de violencia contra las mujeres; compromiso econ\u00f3mico y seguimiento del pacto<\/p>\n<p align=\"justify\"><a href=\"https:\/\/violenciagenero.igualdad.gob.es\/pactoEstado\/\">Portal Pacto de Estado Contra la Violencia de G\u00e9nero. Ministerio de Igualdad<\/a><\/p>\n<p align=\"justify\"><a href=\"https:\/\/portals.ced.junta-andalucia.es\/educacion\/portals\/web\/igualdad\/actuaciones\/pacto-de-estado-contra-violencia-de-genero\">Portal Pacto de Estado Junta de Andaluc\u00eda<\/a><\/p>\n<p align=\"justify\"><img decoding=\"async\" class=\"alignnone size-medium wp-image-8108\" src=\"https:\/\/blogsaverroes.juntadeandalucia.es\/orientajaen\/files\/2022\/10\/banner_prevencion_vg-300x43.png\" alt=\"\" width=\"300\" height=\"43\" srcset=\"https:\/\/blogsaverroes.juntadeandalucia.es\/orientajaen\/files\/2022\/10\/banner_prevencion_vg-300x43.png 300w, https:\/\/blogsaverroes.juntadeandalucia.es\/orientajaen\/files\/2022\/10\/banner_prevencion_vg-1024x148.png 1024w, https:\/\/blogsaverroes.juntadeandalucia.es\/orientajaen\/files\/2022\/10\/banner_prevencion_vg-768x111.png 768w, https:\/\/blogsaverroes.juntadeandalucia.es\/orientajaen\/files\/2022\/10\/banner_prevencion_vg.png 1239w\" sizes=\"(max-width: 300px) 100vw, 300px\" \/><\/p>\n","protected":false},"excerpt":{"rendered":"<p>&nbsp; &nbsp; Un pacto de estado es la denominaci\u00f3n que se da a los pactos entre partidos pol\u00edticos de tendencias opuestas para enmarcar la acci\u00f3n&hellip;<\/p>\n","protected":false},"author":8650,"featured_media":0,"parent":0,"menu_order":0,"comment_status":"closed","ping_status":"closed","template":"","meta":{"ngg_post_thumbnail":0,"footnotes":""},"aioseo_notices":[],"_links":{"self":[{"href":"https:\/\/blogsaverroes.juntadeandalucia.es\/orientajaen\/wp-json\/wp\/v2\/pages\/8056"}],"collection":[{"href":"https:\/\/blogsaverroes.juntadeandalucia.es\/orientajaen\/wp-json\/wp\/v2\/pages"}],"about":[{"href":"https:\/\/blogsaverroes.juntadeandalucia.es\/orientajaen\/wp-json\/wp\/v2\/types\/page"}],"author":[{"embeddable":true,"href":"https:\/\/blogsaverroes.juntadeandalucia.es\/orientajaen\/wp-json\/wp\/v2\/users\/8650"}],"replies":[{"embeddable":true,"href":"https:\/\/blogsaverroes.juntadeandalucia.es\/orientajaen\/wp-json\/wp\/v2\/comments?post=8056"}],"version-history":[{"count":4,"href":"https:\/\/blogsaverroes.juntadeandalucia.es\/orientajaen\/wp-json\/wp\/v2\/pages\/8056\/revisions"}],"predecessor-version":[{"id":8113,"href":"https:\/\/blogsaverroes.juntadeandalucia.es\/orientajaen\/wp-json\/wp\/v2\/pages\/8056\/revisions\/8113"}],"wp:attachment":[{"href":"https:\/\/blogsaverroes.juntadeandalucia.es\/orientajaen\/wp-json\/wp\/v2\/media?parent=8056"}],"curies":[{"name":"wp","href":"https:\/\/api.w.org\/{rel}","templated":true}]}}