{"id":8063,"date":"2022-10-14T10:26:17","date_gmt":"2022-10-14T10:26:17","guid":{"rendered":"https:\/\/blogsaverroes.juntadeandalucia.es\/orientajaen\/?page_id=8063"},"modified":"2023-05-04T07:27:41","modified_gmt":"2023-05-04T07:27:41","slug":"salud-mental","status":"publish","type":"page","link":"https:\/\/blogsaverroes.juntadeandalucia.es\/orientajaen\/salud-mental\/","title":{"rendered":"Salud Mental"},"content":{"rendered":"<table width=\"100%\" cellspacing=\"0\" cellpadding=\"6\">\n<colgroup>\n<col width=\"128*\">\n<col width=\"128*\"> <\/colgroup>\n<tbody>\n<tr>\n<td colspan=\"2\" valign=\"top\" width=\"100%\">\n<p align=\"center\"><b>RECURSOS SOBRE EL DUELO<\/b><\/p>\n<\/td>\n<\/tr>\n<tr>\n<td>\n<p align=\"center\"><b>Gu\u00eda del Duelo. \u00abHacia el Agradecido Recuerdo. Manual de Acompa\u00f1amiento Educativo En Situaciones de Duelo para Infantil, Primaria y Secundaria. Consejer\u00eda de desarrollo Educativo y Formaci\u00f3n Profesional. Junta de Andaluc\u00eda.&nbsp;<\/b><\/p>\n<\/td>\n<td>\n<p align=\"center\"><a href=\"https:\/\/portals.ced.junta-andalucia.es\/educacion\/portals\/delegate\/content\/41679e8a-47e6-494d-a1b0-9c58544892a3\"><img fetchpriority=\"high\" decoding=\"async\" class=\"alignnone size-medium wp-image-8425\" src=\"https:\/\/blogsaverroes.juntadeandalucia.es\/orientajaen\/files\/2023\/05\/imagen_page-0001-300x300.jpg\" alt=\"\" width=\"300\" height=\"300\" srcset=\"https:\/\/blogsaverroes.juntadeandalucia.es\/orientajaen\/files\/2023\/05\/imagen_page-0001-300x300.jpg 300w, https:\/\/blogsaverroes.juntadeandalucia.es\/orientajaen\/files\/2023\/05\/imagen_page-0001-150x150.jpg 150w, https:\/\/blogsaverroes.juntadeandalucia.es\/orientajaen\/files\/2023\/05\/imagen_page-0001.jpg 716w\" sizes=\"(max-width: 300px) 100vw, 300px\" \/><\/a><\/p>\n<\/td>\n<\/tr>\n<tr valign=\"top\">\n<td width=\"50%\">\n<p align=\"center\"><b>Materiales para trabajar las p\u00e9rdidas y el duelo. Convivencia Positiva. Eskolabakegune.euskadi.eus<\/b><\/p>\n<\/td>\n<td width=\"50%\">\n<p align=\"center\"><a href=\"https:\/\/www.eskolabakegune.euskadi.eus\/es\/web\/eskolabakegune\/materiales-para-trabajar-las-perdidas-y-el-duelo\"><img decoding=\"async\" class=\"alignnone size-medium wp-image-8143\" src=\"https:\/\/blogsaverroes.juntadeandalucia.es\/orientajaen\/files\/2022\/11\/p\u00e1gina_page-0001-212x300.jpg\" alt=\"\" width=\"212\" height=\"300\" srcset=\"https:\/\/blogsaverroes.juntadeandalucia.es\/orientajaen\/files\/2022\/11\/p\u00e1gina_page-0001-212x300.jpg 212w, https:\/\/blogsaverroes.juntadeandalucia.es\/orientajaen\/files\/2022\/11\/p\u00e1gina_page-0001-725x1024.jpg 725w, https:\/\/blogsaverroes.juntadeandalucia.es\/orientajaen\/files\/2022\/11\/p\u00e1gina_page-0001-768x1085.jpg 768w, https:\/\/blogsaverroes.juntadeandalucia.es\/orientajaen\/files\/2022\/11\/p\u00e1gina_page-0001-1087x1536.jpg 1087w, https:\/\/blogsaverroes.juntadeandalucia.es\/orientajaen\/files\/2022\/11\/p\u00e1gina_page-0001.jpg 1132w\" sizes=\"(max-width: 212px) 100vw, 212px\" \/><\/a><\/p>\n<\/td>\n<\/tr>\n<tr valign=\"top\">\n<td width=\"50%\">\n<p align=\"center\"><b>Gu\u00eda y Orientaciones para la Atenci\u00f3n al Duelo desde los Centros Educativos. Generalitat Valenciana.<\/b><\/p>\n<\/td>\n<td width=\"50%\">\n<p align=\"center\"><a href=\"https:\/\/ceice.gva.es\/es\/web\/inclusioeducativa\/guia-per-a-l-atencio-al-dol\"><img decoding=\"async\" class=\"alignnone size-medium wp-image-8145\" src=\"https:\/\/blogsaverroes.juntadeandalucia.es\/orientajaen\/files\/2022\/11\/descarga-6-300x157.jpg\" alt=\"\" width=\"300\" height=\"157\" srcset=\"https:\/\/blogsaverroes.juntadeandalucia.es\/orientajaen\/files\/2022\/11\/descarga-6-300x157.jpg 300w, https:\/\/blogsaverroes.juntadeandalucia.es\/orientajaen\/files\/2022\/11\/descarga-6.jpg 310w\" sizes=\"(max-width: 300px) 100vw, 300px\" \/><\/a><\/p>\n<\/td>\n<\/tr>\n<tr valign=\"top\">\n<td width=\"50%\">\n<p align=\"center\"><b>Hablemos de duelo .Manual pr\u00e1ctico para abordar la muerte con ni\u00f1os y adolescentes. FMLC<\/b><\/p>\n<\/td>\n<td width=\"50%\">\n<p align=\"center\"><a href=\"https:\/\/www.fundacionmlc.org\/descarga-aqui-guia-duelo\/\"><img loading=\"lazy\" decoding=\"async\" class=\"alignnone size-medium wp-image-8146\" src=\"https:\/\/blogsaverroes.juntadeandalucia.es\/orientajaen\/files\/2022\/11\/descarga-4-300x141.jpg\" alt=\"\" width=\"300\" height=\"141\" srcset=\"https:\/\/blogsaverroes.juntadeandalucia.es\/orientajaen\/files\/2022\/11\/descarga-4-300x141.jpg 300w, https:\/\/blogsaverroes.juntadeandalucia.es\/orientajaen\/files\/2022\/11\/descarga-4.jpg 327w\" sizes=\"(max-width: 300px) 100vw, 300px\" \/><\/a><\/p>\n<\/td>\n<\/tr>\n<tr valign=\"top\">\n<td width=\"50%\">\n<p align=\"center\"><b>Expl\u00edcame qu\u00e9 ha pasado. Gu\u00eda para ayudar los adultos a hablar de la muerte y el duelo con los ni\u00f1os. FMLC<\/b><\/p>\n<\/td>\n<td width=\"50%\">\n<p align=\"center\"><img loading=\"lazy\" decoding=\"async\" class=\"alignnone size-full wp-image-8147\" src=\"https:\/\/blogsaverroes.juntadeandalucia.es\/orientajaen\/files\/2022\/11\/descarga-3-1.jpg\" alt=\"\" width=\"189\" height=\"267\"><\/p>\n<\/td>\n<\/tr>\n<tr valign=\"top\">\n<td width=\"50%\">\n<p align=\"center\"><b>Material para abordar el tema de la muerte con pictogramas. Asociaci\u00f3n Navarra de Autismo-Ana<\/b><\/p>\n<\/td>\n<td width=\"50%\">\n<p align=\"center\"><a href=\"https:\/\/www.infocop.es\/view_article.asp?id=17001\"><img loading=\"lazy\" decoding=\"async\" class=\"alignnone size-full wp-image-8148\" src=\"https:\/\/blogsaverroes.juntadeandalucia.es\/orientajaen\/files\/2022\/11\/descarga-2-1.jpg\" alt=\"\" width=\"195\" height=\"259\"><\/a><\/p>\n<\/td>\n<\/tr>\n<tr valign=\"top\">\n<td width=\"50%\">\n<p align=\"center\"><b>Gu\u00eda para familiares en duelo. Sociedad Espa\u00f1ola de Cuidado Paliativos<\/b><\/p>\n<\/td>\n<td width=\"50%\">\n<p align=\"center\"><a href=\"https:\/\/www.infocop.es\/view_article.asp?id=22432\"><img loading=\"lazy\" decoding=\"async\" class=\"alignnone size-full wp-image-8149\" src=\"https:\/\/blogsaverroes.juntadeandalucia.es\/orientajaen\/files\/2022\/11\/descarga-1-1.jpg\" alt=\"\" width=\"186\" height=\"271\"><\/a><\/p>\n<\/td>\n<\/tr>\n<tr valign=\"top\">\n<td width=\"50%\">\n<p align=\"center\"><b>El duelo en los ni\u00f1os. Gobierno de Navarra.<\/b><\/p>\n<\/td>\n<td width=\"50%\">\n<p align=\"center\"><a href=\"http:\/\/www.navarra.es\/home_es\/Temas\/Portal+de+la+Salud\/Ciudadania\/Me+cuido\/Habitos+saludables\/Cuido+mi+salud+mental\/Afrontar+el+duelo\/PromocionSaludEtapasVidaDuelo.htm\"><img loading=\"lazy\" decoding=\"async\" class=\"alignnone size-full wp-image-8150\" src=\"https:\/\/blogsaverroes.juntadeandalucia.es\/orientajaen\/files\/2022\/11\/duelo-en-ni\u00f1os.jpg\" alt=\"\" width=\"240\" height=\"126\"><\/a><\/p>\n<\/td>\n<\/tr>\n<tr valign=\"top\">\n<td width=\"50%\">\n<p align=\"center\"><b>Taller \u201cUna situaci\u00f3n de duelo en clase.\u201d y m\u00e1s recursos sobre el duelo. Colegio de m\u00e9dicos de Bizcaia.<\/b><\/p>\n<\/td>\n<td width=\"50%\">\n<p align=\"center\"><a href=\"https:\/\/www.cmb.eus\/campana-cmb-camino-duelo-2017\"> <img loading=\"lazy\" decoding=\"async\" class=\"alignnone size-full wp-image-8151\" src=\"https:\/\/blogsaverroes.juntadeandalucia.es\/orientajaen\/files\/2022\/11\/descarga-4-copia.jpg\" alt=\"\" width=\"106\" height=\"150\"><\/a><\/p>\n<\/td>\n<\/tr>\n<tr valign=\"top\">\n<td width=\"50%\">\n<p align=\"center\"><b>Orientaciones para una actuaci\u00f3n educativa en procesos de duelo. Servicio de Apoyo al duelo y enfermedad grave avanzada. <\/b><\/p>\n<\/td>\n<td width=\"50%\">\n<p align=\"center\"><a href=\"https:\/\/www.cmb.eus\/campana-cmb-camino-duelo-2017\"><img loading=\"lazy\" decoding=\"async\" class=\"alignnone size-full wp-image-8152\" src=\"https:\/\/blogsaverroes.juntadeandalucia.es\/orientajaen\/files\/2022\/11\/descarga-7.jpg\" alt=\"\" width=\"249\" height=\"203\"><\/a><\/p>\n<\/td>\n<\/tr>\n<\/tbody>\n<\/table>\n","protected":false},"excerpt":{"rendered":"<p>RECURSOS SOBRE EL DUELO Gu\u00eda del Duelo. \u00abHacia el Agradecido Recuerdo. Manual de Acompa\u00f1amiento Educativo En Situaciones de Duelo para Infantil, Primaria y Secundaria. Consejer\u00eda&hellip;<\/p>\n","protected":false},"author":8650,"featured_media":0,"parent":0,"menu_order":0,"comment_status":"closed","ping_status":"closed","template":"","meta":{"ngg_post_thumbnail":0,"footnotes":""},"aioseo_notices":[],"_links":{"self":[{"href":"https:\/\/blogsaverroes.juntadeandalucia.es\/orientajaen\/wp-json\/wp\/v2\/pages\/8063"}],"collection":[{"href":"https:\/\/blogsaverroes.juntadeandalucia.es\/orientajaen\/wp-json\/wp\/v2\/pages"}],"about":[{"href":"https:\/\/blogsaverroes.juntadeandalucia.es\/orientajaen\/wp-json\/wp\/v2\/types\/page"}],"author":[{"embeddable":true,"href":"https:\/\/blogsaverroes.juntadeandalucia.es\/orientajaen\/wp-json\/wp\/v2\/users\/8650"}],"replies":[{"embeddable":true,"href":"https:\/\/blogsaverroes.juntadeandalucia.es\/orientajaen\/wp-json\/wp\/v2\/comments?post=8063"}],"version-history":[{"count":5,"href":"https:\/\/blogsaverroes.juntadeandalucia.es\/orientajaen\/wp-json\/wp\/v2\/pages\/8063\/revisions"}],"predecessor-version":[{"id":8426,"href":"https:\/\/blogsaverroes.juntadeandalucia.es\/orientajaen\/wp-json\/wp\/v2\/pages\/8063\/revisions\/8426"}],"wp:attachment":[{"href":"https:\/\/blogsaverroes.juntadeandalucia.es\/orientajaen\/wp-json\/wp\/v2\/media?parent=8063"}],"curies":[{"name":"wp","href":"https:\/\/api.w.org\/{rel}","templated":true}]}}