{"id":8158,"date":"2022-11-07T08:57:56","date_gmt":"2022-11-07T08:57:56","guid":{"rendered":"https:\/\/blogsaverroes.juntadeandalucia.es\/orientajaen\/?page_id=8158"},"modified":"2025-09-17T11:14:14","modified_gmt":"2025-09-17T11:14:14","slug":"sensibilizacion-salud-mental","status":"publish","type":"page","link":"https:\/\/blogsaverroes.juntadeandalucia.es\/orientajaen\/sensibilizacion-salud-mental\/","title":{"rendered":"Sensibilizaci\u00f3n Salud Mental"},"content":{"rendered":"<table width=\"100%\" cellspacing=\"0\" cellpadding=\"6\">\n<colgroup>\n<col width=\"128*\">\n<col width=\"128*\"> <\/colgroup>\n<tbody>\n<tr>\n<td colspan=\"2\" valign=\"top\" width=\"100%\">\n<p align=\"center\"><strong>RECURSOS PARA LA PREVENCI\u00d3N Y PROMOCI\u00d3N DE LA SALUD MENTAL<\/strong><\/p>\n<\/td>\n<\/tr>\n<tr>\n<td>\n<p style=\"text-align: left\"><strong>Programa de promoci\u00f3n de la salud de la Generalitat Valenciana<\/strong>: \u00ab<em>el presente documento tiene como objetivo encarar el reto y la obligaci\u00f3n de potenciar el compromiso de la juventud con sus vidas y proporcionarles herramientas donde descubran el \u201cpara qu\u00e9\u201d de sus existencias, a pesar de sus circunstancias<\/em>\u00ab.<\/p>\n<\/td>\n<td>\n<p align=\"center\"><a href=\"https:\/\/drive.google.com\/file\/d\/1AcC798aX84YJn220p-osuaMv7WCczM_Q\/view?usp=sharing\"><img decoding=\"async\" class=\"alignnone  wp-image-9175\" src=\"https:\/\/blogsaverroes.juntadeandalucia.es\/orientajaen\/files\/2025\/09\/Captura-de-pantalla-2025-09-17-130804-214x300.png\" alt=\"\" width=\"143\" height=\"200\" srcset=\"https:\/\/blogsaverroes.juntadeandalucia.es\/orientajaen\/files\/2025\/09\/Captura-de-pantalla-2025-09-17-130804-214x300.png 214w, https:\/\/blogsaverroes.juntadeandalucia.es\/orientajaen\/files\/2025\/09\/Captura-de-pantalla-2025-09-17-130804.png 492w\" sizes=\"(max-width: 143px) 100vw, 143px\" \/><\/a><\/p>\n<\/td>\n<\/tr>\n<tr>\n<td>La&nbsp;<b>Universidad de Ja\u00e9n (UJA) y la Red PROEMO<\/b>, en colaboraci\u00f3n con<b>&nbsp;la Diputaci\u00f3n Provincial de Ja\u00e9n<\/b>, ponen en marcha una iniciativa&nbsp;<b>para ayudar a adolescentes de 12 a 18 a\u00f1os de la provincia de Ja\u00e9n<\/b>.<\/p>\n<p align=\"center\"><b>&nbsp;<\/b><\/p>\n<\/td>\n<td>\n<p align=\"center\"><a href=\"https:\/\/redproem.es\/iniciativa-procare-diputacion-provincial-de-jaen\/\"><img decoding=\"async\" src=\"https:\/\/redproem.es\/wp-content\/uploads\/2024\/02\/Copia-de-Iniciativa-PROCARE_Jaen_presentacion.png\"><\/a><\/p>\n<\/td>\n<\/tr>\n<tr>\n<td><strong>Gu\u00eda de Bienestar Emocional y Juventud. Roc\u00edo Moral Garc\u00eda. Diputaci\u00f3n De Ja\u00e9n. Ofrece pautas claras para desarrollar competencias socioemocionales y mejorar el bienestar emocional.&nbsp;<\/strong><\/td>\n<td><a href=\"https:\/\/www.jaenicolas.es\/wp-content\/uploads\/2024\/07\/Guia-BienestarEmocional.pdf\"><img decoding=\"async\" class=\" wp-image-9010 aligncenter\" src=\"https:\/\/blogsaverroes.juntadeandalucia.es\/orientajaen\/files\/2025\/03\/Captura-de-pantalla-2025-03-17-112555-274x300.png\" alt=\"\" width=\"164\" height=\"180\" srcset=\"https:\/\/blogsaverroes.juntadeandalucia.es\/orientajaen\/files\/2025\/03\/Captura-de-pantalla-2025-03-17-112555-274x300.png 274w, https:\/\/blogsaverroes.juntadeandalucia.es\/orientajaen\/files\/2025\/03\/Captura-de-pantalla-2025-03-17-112555.png 701w\" sizes=\"(max-width: 164px) 100vw, 164px\" \/><\/a><\/td>\n<\/tr>\n<tr>\n<td>\n<p align=\"center\"><b>\u00bb Esas Cosas que nos pesan\u00bb. Gu\u00eda Did\u00e1ctica Creativa ESO. Escrita por&nbsp; Cristian Oliv\u00e9 y validada por Pablo Rodr\u00edguez Coca (Occimorons), psic\u00f3logo sanitario. Gu\u00eda pensada para llevarla a cabo en el aula con adolescentes, se trata de un material de prevenci\u00f3n y promoci\u00f3n de la salud mental; no de intervenci\u00f3n.<\/b><\/p>\n<\/td>\n<td>\n<p align=\"center\"><a href=\"https:\/\/drive.google.com\/file\/d\/17gkNbD5_q9ZLTgcKYlisPWP1ZOvdHg4d\/view?usp=sharing\"><img decoding=\"async\" class=\"alignnone wp-image-8562\" src=\"https:\/\/blogsaverroes.juntadeandalucia.es\/orientajaen\/files\/2023\/09\/salud-mental-300x298.png\" alt=\"\" width=\"213\" height=\"211\" srcset=\"https:\/\/blogsaverroes.juntadeandalucia.es\/orientajaen\/files\/2023\/09\/salud-mental-300x298.png 300w, https:\/\/blogsaverroes.juntadeandalucia.es\/orientajaen\/files\/2023\/09\/salud-mental-150x150.png 150w, https:\/\/blogsaverroes.juntadeandalucia.es\/orientajaen\/files\/2023\/09\/salud-mental.png 375w\" sizes=\"(max-width: 213px) 100vw, 213px\" \/><\/a><\/p>\n<\/td>\n<\/tr>\n<tr valign=\"top\">\n<td width=\"50%\">\n<p align=\"center\"><b>Lo Hablamos. Proyecto para la sensibilizaci\u00f3n de la poblaci\u00f3n adolescente (14 a 16 a\u00f1os) sobre salud mental. FEAFES Andaluc\u00eda. Salud Mental.<\/b><\/p>\n<\/td>\n<td width=\"50%\">\n<p align=\"center\"><a href=\"https:\/\/www.1decada4.es\/mod\/page\/view.php?id=183\"><img loading=\"lazy\" decoding=\"async\" class=\"alignnone size-full wp-image-8162\" src=\"https:\/\/blogsaverroes.juntadeandalucia.es\/orientajaen\/files\/2022\/11\/lohablamos2_nuevoj.png\" alt=\"\" width=\"168\" height=\"115\"><\/a><\/p>\n<\/td>\n<\/tr>\n<tr>\n<td>\n<p align=\"center\"><b>\u00bfC\u00f3mo Cuidas tu Salud Mental? Un libro de actividades para el bienestar. M\u00e9dicos sin Fronteras<\/b><\/p>\n<\/td>\n<td>\n<p align=\"center\"><a href=\"https:\/\/drive.google.com\/file\/d\/1a-3_64-jl-pL1ZzSSDuwgxI2j43VodIk\/view?usp=sharing\"><img loading=\"lazy\" decoding=\"async\" class=\"alignnone size-medium wp-image-8259\" src=\"https:\/\/blogsaverroes.juntadeandalucia.es\/orientajaen\/files\/2023\/01\/foto-212x300.jpg\" alt=\"\" width=\"212\" height=\"300\" srcset=\"https:\/\/blogsaverroes.juntadeandalucia.es\/orientajaen\/files\/2023\/01\/foto-212x300.jpg 212w, https:\/\/blogsaverroes.juntadeandalucia.es\/orientajaen\/files\/2023\/01\/foto-725x1024.jpg 725w, https:\/\/blogsaverroes.juntadeandalucia.es\/orientajaen\/files\/2023\/01\/foto-768x1085.jpg 768w, https:\/\/blogsaverroes.juntadeandalucia.es\/orientajaen\/files\/2023\/01\/foto-1087x1536.jpg 1087w, https:\/\/blogsaverroes.juntadeandalucia.es\/orientajaen\/files\/2023\/01\/foto.jpg 1132w\" sizes=\"(max-width: 212px) 100vw, 212px\" \/><\/a><\/p>\n<\/td>\n<\/tr>\n<tr>\n<td><strong>Gimnasia Emocional. Pasamos a la Acci\u00f3n. Jos\u00e9 Luis Bimbela Pedrola. Consejer\u00eda de Salud. EASP<\/strong><\/td>\n<td>\n<p align=\"center\"><a href=\"https:\/\/www.easp.es\/project\/gimnasia-emocional-pasamos-a-la-accion\/\"><b><img loading=\"lazy\" decoding=\"async\" class=\"alignnone wp-image-8353\" src=\"https:\/\/blogsaverroes.juntadeandalucia.es\/orientajaen\/files\/2023\/04\/GE_CUBIERTA_recortada-300x293.jpg\" alt=\"\" width=\"239\" height=\"233\" srcset=\"https:\/\/blogsaverroes.juntadeandalucia.es\/orientajaen\/files\/2023\/04\/GE_CUBIERTA_recortada-300x293.jpg 300w, https:\/\/blogsaverroes.juntadeandalucia.es\/orientajaen\/files\/2023\/04\/GE_CUBIERTA_recortada-1024x1000.jpg 1024w, https:\/\/blogsaverroes.juntadeandalucia.es\/orientajaen\/files\/2023\/04\/GE_CUBIERTA_recortada-768x750.jpg 768w, https:\/\/blogsaverroes.juntadeandalucia.es\/orientajaen\/files\/2023\/04\/GE_CUBIERTA_recortada.jpg 1386w\" sizes=\"(max-width: 239px) 100vw, 239px\" \/><\/b><\/a><\/p>\n<\/td>\n<\/tr>\n<tr valign=\"top\">\n<td width=\"50%\">\n<p align=\"center\"><b>Amar La Vida En las Aulas. Plataforma online de sensibillizaci\u00f3n y promoci\u00f3n de la salud mental en el entorno educativo. Confederaci\u00f3n Salut Mental Comunitat Valenciana.<\/b><\/p>\n<\/td>\n<td width=\"50%\">\n<p align=\"center\"><a href=\"http:\/\/aulas.amalavida.es\/salud-mental-y-escuela\"><img loading=\"lazy\" decoding=\"async\" class=\"alignnone size-medium wp-image-8164\" src=\"https:\/\/blogsaverroes.juntadeandalucia.es\/orientajaen\/files\/2022\/11\/descarga-1-300x75.png\" alt=\"\" width=\"300\" height=\"75\" srcset=\"https:\/\/blogsaverroes.juntadeandalucia.es\/orientajaen\/files\/2022\/11\/descarga-1-300x75.png 300w, https:\/\/blogsaverroes.juntadeandalucia.es\/orientajaen\/files\/2022\/11\/descarga-1.png 450w\" sizes=\"(max-width: 300px) 100vw, 300px\" \/><\/a><\/p>\n<\/td>\n<\/tr>\n<tr valign=\"top\">\n<td width=\"50%\">\n<p align=\"center\"><b>Oca Anti Estigma. Juego centrado en la salud mental. Tablero formado por un total de 41 casillas con preguntas relacionadas con la salud mental. FEAFES Salud Mental Extremadura.<\/b><\/p>\n<\/td>\n<td width=\"50%\">\n<p align=\"center\"><a href=\"https:\/\/www.feafesextremadura.com\/la-oca-anti-estigma-de-feafes-sm-extremadura\/\"><img loading=\"lazy\" decoding=\"async\" class=\"alignnone size-medium wp-image-8165\" src=\"https:\/\/blogsaverroes.juntadeandalucia.es\/orientajaen\/files\/2022\/11\/JUEGO-S.I.O-JUVENTUD-1024x724-1-300x212.jpg\" alt=\"\" width=\"300\" height=\"212\" srcset=\"https:\/\/blogsaverroes.juntadeandalucia.es\/orientajaen\/files\/2022\/11\/JUEGO-S.I.O-JUVENTUD-1024x724-1-300x212.jpg 300w, https:\/\/blogsaverroes.juntadeandalucia.es\/orientajaen\/files\/2022\/11\/JUEGO-S.I.O-JUVENTUD-1024x724-1-768x543.jpg 768w, https:\/\/blogsaverroes.juntadeandalucia.es\/orientajaen\/files\/2022\/11\/JUEGO-S.I.O-JUVENTUD-1024x724-1.jpg 1024w\" sizes=\"(max-width: 300px) 100vw, 300px\" \/><\/a><\/p>\n<\/td>\n<\/tr>\n<tr valign=\"top\">\n<td width=\"50%\">\n<p align=\"center\"><b>Ma\u00f1ana puedes ser tu. Juego online para romper estereotipos y destestimagtizar a las personas con problemas de salud mental. Confederaci\u00f3n Salud Mental Espa\u00f1a. <\/b><\/p>\n<\/td>\n<td width=\"50%\">\n<p align=\"center\"><a href=\"https:\/\/consaludmental.org\/sala-prensa\/salud-mental-espana-juego-online-derribar-estereotipos-problemas-salud-mental\/\"><img loading=\"lazy\" decoding=\"async\" class=\"alignnone size-medium wp-image-8166\" src=\"https:\/\/blogsaverroes.juntadeandalucia.es\/orientajaen\/files\/2022\/11\/descarga-5-300x157.jpg\" alt=\"\" width=\"300\" height=\"157\" srcset=\"https:\/\/blogsaverroes.juntadeandalucia.es\/orientajaen\/files\/2022\/11\/descarga-5-300x157.jpg 300w, https:\/\/blogsaverroes.juntadeandalucia.es\/orientajaen\/files\/2022\/11\/descarga-5.jpg 310w\" sizes=\"(max-width: 300px) 100vw, 300px\" \/><\/a><\/p>\n<\/td>\n<\/tr>\n<tr>\n<td style=\"text-align: center\"><strong>&nbsp;Proyecto ISNISS es un proyecto con&nbsp; el objetivo principal de investigar e intervenir en la prevenci\u00f3n de conductas disruptivas, autodestructivas y de abuso, as\u00ed como estudiar la posible influencia que los entornos digitales puedan tener en la autolesi\u00f3n y el suicidio.<\/strong><\/p>\n<p align=\"center\"><b>&nbsp;<\/b><\/p>\n<\/td>\n<td>\n<p align=\"center\"><a href=\"https:\/\/www.isniss.es\/descubreisniss\"><img loading=\"lazy\" decoding=\"async\" class=\"alignnone size-medium wp-image-8178\" src=\"https:\/\/blogsaverroes.juntadeandalucia.es\/orientajaen\/files\/2022\/11\/descarga-8-300x114.jpg\" alt=\"\" width=\"300\" height=\"114\" srcset=\"https:\/\/blogsaverroes.juntadeandalucia.es\/orientajaen\/files\/2022\/11\/descarga-8-300x114.jpg 300w, https:\/\/blogsaverroes.juntadeandalucia.es\/orientajaen\/files\/2022\/11\/descarga-8.jpg 364w\" sizes=\"(max-width: 300px) 100vw, 300px\" \/><\/a><\/p>\n<\/td>\n<\/tr>\n<tr>\n<td style=\"text-align: center\"><strong>Gu\u00eda de Acci\u00f3n Tutorial para la Promoci\u00f3n de la Salud Mental en el \u00e1mbito Educativo. Herramienta para la Promoci\u00f3n de la Salud Mental en las aulas, centr\u00e1ndose en las<br \/>\nactuaciones que las tutoras y tutores pueden realizar desde el \u00e1mbito educativo llev\u00e1ndose a cabo desde la<br \/>\nAcci\u00f3n Tutorial (Educaci\u00f3n Secundaria y Formaci\u00f3n Profesional) y desde las aulas en general (Educaci\u00f3n<br \/>\nInfantil y Educaci\u00f3n Primaria).Vicepresidencia segunda y Consejer\u00eda de Sanidad y Servicios Sociales. Consejer\u00eda de Educaci\u00f3n. Junta de Extremadura.<\/strong><\/td>\n<td>\n<p align=\"center\"><a href=\"https:\/\/www.educarex.es\/atencion-diversidad\/guia-accion-tutorial-para-promocion-salud-mental.html\"><img loading=\"lazy\" decoding=\"async\" class=\"alignnone size-full wp-image-8211\" src=\"https:\/\/blogsaverroes.juntadeandalucia.es\/orientajaen\/files\/2022\/12\/descarga.jpg\" alt=\"\" width=\"188\" height=\"268\"><\/a><\/p>\n<\/td>\n<\/tr>\n<tr>\n<td style=\"text-align: center\"><strong>Un tel\u00e9fono en el Lago Esperanza. Gu\u00eda para educadores de educaci\u00f3n infantil y primaria. Tel\u00e9fono de la esperanza. <\/strong><\/td>\n<td>\n<p align=\"center\"><a href=\"https:\/\/telefonodelaesperanza.org\/un-telefono-en-el-lago-esperanza\"><img loading=\"lazy\" decoding=\"async\" class=\"alignnone wp-image-9012\" src=\"https:\/\/blogsaverroes.juntadeandalucia.es\/orientajaen\/files\/2025\/03\/telefante-300x300.jpg\" alt=\"\" width=\"200\" height=\"200\" srcset=\"https:\/\/blogsaverroes.juntadeandalucia.es\/orientajaen\/files\/2025\/03\/telefante-300x300.jpg 300w, https:\/\/blogsaverroes.juntadeandalucia.es\/orientajaen\/files\/2025\/03\/telefante-150x150.jpg 150w, https:\/\/blogsaverroes.juntadeandalucia.es\/orientajaen\/files\/2025\/03\/telefante.jpg 500w\" sizes=\"(max-width: 200px) 100vw, 200px\" \/><\/a><\/p>\n<\/td>\n<\/tr>\n<\/tbody>\n<\/table>\n","protected":false},"excerpt":{"rendered":"<p>RECURSOS PARA LA PREVENCI\u00d3N Y PROMOCI\u00d3N DE LA SALUD MENTAL Programa de promoci\u00f3n de la salud de la Generalitat Valenciana: \u00abel presente documento tiene como&hellip;<\/p>\n","protected":false},"author":8650,"featured_media":0,"parent":0,"menu_order":0,"comment_status":"closed","ping_status":"closed","template":"","meta":{"ngg_post_thumbnail":0,"footnotes":""},"aioseo_notices":[],"_links":{"self":[{"href":"https:\/\/blogsaverroes.juntadeandalucia.es\/orientajaen\/wp-json\/wp\/v2\/pages\/8158"}],"collection":[{"href":"https:\/\/blogsaverroes.juntadeandalucia.es\/orientajaen\/wp-json\/wp\/v2\/pages"}],"about":[{"href":"https:\/\/blogsaverroes.juntadeandalucia.es\/orientajaen\/wp-json\/wp\/v2\/types\/page"}],"author":[{"embeddable":true,"href":"https:\/\/blogsaverroes.juntadeandalucia.es\/orientajaen\/wp-json\/wp\/v2\/users\/8650"}],"replies":[{"embeddable":true,"href":"https:\/\/blogsaverroes.juntadeandalucia.es\/orientajaen\/wp-json\/wp\/v2\/comments?post=8158"}],"version-history":[{"count":11,"href":"https:\/\/blogsaverroes.juntadeandalucia.es\/orientajaen\/wp-json\/wp\/v2\/pages\/8158\/revisions"}],"predecessor-version":[{"id":9176,"href":"https:\/\/blogsaverroes.juntadeandalucia.es\/orientajaen\/wp-json\/wp\/v2\/pages\/8158\/revisions\/9176"}],"wp:attachment":[{"href":"https:\/\/blogsaverroes.juntadeandalucia.es\/orientajaen\/wp-json\/wp\/v2\/media?parent=8158"}],"curies":[{"name":"wp","href":"https:\/\/api.w.org\/{rel}","templated":true}]}}