{"id":8415,"date":"2023-04-28T11:33:53","date_gmt":"2023-04-28T11:33:53","guid":{"rendered":"https:\/\/blogsaverroes.juntadeandalucia.es\/orientajaen\/?page_id=8415"},"modified":"2023-04-28T11:38:18","modified_gmt":"2023-04-28T11:38:18","slug":"trastornos-de-la-conducta-alimentaria-en-el-ambito-educativo","status":"publish","type":"page","link":"https:\/\/blogsaverroes.juntadeandalucia.es\/orientajaen\/trastornos-de-la-conducta-alimentaria-en-el-ambito-educativo\/","title":{"rendered":"Trastornos de la Conducta Alimentaria en el \u00c1mbito Educativo"},"content":{"rendered":"<table style=\"border-collapse: collapse;width: 100%\">\n<tbody>\n<tr>\n<td style=\"width: 50%\">\n<p align=\"justify\"><b>Gu\u00edas y Manuales <\/b><b>Para Educadores<\/b><b>. AFEBAC<\/b> ( Asociaci\u00f3n de Familiares y Enfermos de bulimia y Anorexia de Cuenta.<\/p>\n<\/td>\n<td style=\"width: 50%\"><a href=\"https:\/\/afebac.com\/guias-y-manuales-tca\"><img fetchpriority=\"high\" decoding=\"async\" class=\"size-medium wp-image-8419 aligncenter\" src=\"https:\/\/blogsaverroes.juntadeandalucia.es\/orientajaen\/files\/2023\/04\/gu\u00edas-y-manuales_page-0001-212x300.jpg\" alt=\"\" width=\"212\" height=\"300\" srcset=\"https:\/\/blogsaverroes.juntadeandalucia.es\/orientajaen\/files\/2023\/04\/gu\u00edas-y-manuales_page-0001-212x300.jpg 212w, https:\/\/blogsaverroes.juntadeandalucia.es\/orientajaen\/files\/2023\/04\/gu\u00edas-y-manuales_page-0001-725x1024.jpg 725w, https:\/\/blogsaverroes.juntadeandalucia.es\/orientajaen\/files\/2023\/04\/gu\u00edas-y-manuales_page-0001-768x1085.jpg 768w, https:\/\/blogsaverroes.juntadeandalucia.es\/orientajaen\/files\/2023\/04\/gu\u00edas-y-manuales_page-0001-1087x1536.jpg 1087w, https:\/\/blogsaverroes.juntadeandalucia.es\/orientajaen\/files\/2023\/04\/gu\u00edas-y-manuales_page-0001.jpg 1132w\" sizes=\"(max-width: 212px) 100vw, 212px\" \/><\/a><\/td>\n<\/tr>\n<tr>\n<td style=\"width: 50%\">\n<p align=\"justify\"><b>Gu\u00eda de prevenci\u00f3n de los Trastornos de la Conducta Alimentaria y el Sobrepeso. Gobierno de Cantabria.<\/b> Estrategias educativas dirigidas al medio escolar y familiar.<\/p>\n<\/td>\n<td style=\"width: 50%\"><a href=\"https:\/\/saludcantabria.es\/index.php?page=trastornos-de-la-conducta-alimentaria-y-el-sobrepeso\"><img decoding=\"async\" class=\" wp-image-8421 aligncenter\" src=\"https:\/\/blogsaverroes.juntadeandalucia.es\/orientajaen\/files\/2023\/04\/page_1-212x300.jpg\" alt=\"\" width=\"143\" height=\"203\" srcset=\"https:\/\/blogsaverroes.juntadeandalucia.es\/orientajaen\/files\/2023\/04\/page_1-212x300.jpg 212w, https:\/\/blogsaverroes.juntadeandalucia.es\/orientajaen\/files\/2023\/04\/page_1-724x1024.jpg 724w, https:\/\/blogsaverroes.juntadeandalucia.es\/orientajaen\/files\/2023\/04\/page_1-768x1086.jpg 768w, https:\/\/blogsaverroes.juntadeandalucia.es\/orientajaen\/files\/2023\/04\/page_1.jpg 1059w\" sizes=\"(max-width: 143px) 100vw, 143px\" \/><\/a><\/td>\n<\/tr>\n<tr>\n<td style=\"width: 50%\">\n<p align=\"justify\"><b>Orientaciones para dar respuesta al alumnado con trastorno de la conducta alimentaria en la escuela inclusiva. Junta de Castilla y Le\u00f3n.<\/b> \u201cPretende sensibilizar al profesorado, alumnado y familias sobre los TCA, concretar el papel que debe desempe\u00f1ar cada mienbro en la comunidad educativa y dotar al profesorado y a los servicios de orientaci\u00f3n de materiales y recursos sobre TCA2.<\/p>\n<\/td>\n<td style=\"width: 50%\"><a href=\"https:\/\/www.educa.jcyl.es\/es\/temas\/atencion-diversidad\/cuadernos-apuntes-guias-protocolos-educativos\/cuadernos-apuntes-guias-educativas\/orientaciones-dar-respuesta-alumnado-trastorno-conducta-ali\"><img decoding=\"async\" class=\" wp-image-8422 aligncenter\" src=\"https:\/\/blogsaverroes.juntadeandalucia.es\/orientajaen\/files\/2023\/04\/descarga.jpg\" alt=\"\" width=\"156\" height=\"220\"><\/a><\/td>\n<\/tr>\n<\/tbody>\n<\/table>\n","protected":false},"excerpt":{"rendered":"<p>Gu\u00edas y Manuales Para Educadores. AFEBAC ( Asociaci\u00f3n de Familiares y Enfermos de bulimia y Anorexia de Cuenta. Gu\u00eda de prevenci\u00f3n de los Trastornos de&hellip;<\/p>\n","protected":false},"author":8650,"featured_media":0,"parent":0,"menu_order":0,"comment_status":"closed","ping_status":"closed","template":"","meta":{"ngg_post_thumbnail":0,"footnotes":""},"aioseo_notices":[],"_links":{"self":[{"href":"https:\/\/blogsaverroes.juntadeandalucia.es\/orientajaen\/wp-json\/wp\/v2\/pages\/8415"}],"collection":[{"href":"https:\/\/blogsaverroes.juntadeandalucia.es\/orientajaen\/wp-json\/wp\/v2\/pages"}],"about":[{"href":"https:\/\/blogsaverroes.juntadeandalucia.es\/orientajaen\/wp-json\/wp\/v2\/types\/page"}],"author":[{"embeddable":true,"href":"https:\/\/blogsaverroes.juntadeandalucia.es\/orientajaen\/wp-json\/wp\/v2\/users\/8650"}],"replies":[{"embeddable":true,"href":"https:\/\/blogsaverroes.juntadeandalucia.es\/orientajaen\/wp-json\/wp\/v2\/comments?post=8415"}],"version-history":[{"count":3,"href":"https:\/\/blogsaverroes.juntadeandalucia.es\/orientajaen\/wp-json\/wp\/v2\/pages\/8415\/revisions"}],"predecessor-version":[{"id":8423,"href":"https:\/\/blogsaverroes.juntadeandalucia.es\/orientajaen\/wp-json\/wp\/v2\/pages\/8415\/revisions\/8423"}],"wp:attachment":[{"href":"https:\/\/blogsaverroes.juntadeandalucia.es\/orientajaen\/wp-json\/wp\/v2\/media?parent=8415"}],"curies":[{"name":"wp","href":"https:\/\/api.w.org\/{rel}","templated":true}]}}