{"id":302,"date":"2016-01-06T21:39:13","date_gmt":"2016-01-06T20:39:13","guid":{"rendered":"http:\/\/blogsaverroes.juntadeandalucia.es\/oscarprofesociales\/?page_id=302"},"modified":"2019-01-20T22:28:02","modified_gmt":"2019-01-20T21:28:02","slug":"quien-soy","status":"publish","type":"page","link":"https:\/\/blogsaverroes.juntadeandalucia.es\/oscarprofesociales\/quien-soy\/","title":{"rendered":"Sobre m\u00ed"},"content":{"rendered":"<p style=\"text-align: center\"><em><strong><a href=\"https:\/\/blogsaverroes.juntadeandalucia.es\/oscarprofesociales\/files\/2016\/01\/pMJfu81MSWeo3Kf1jMmMzA_thumb_1b7.jpg\"><img loading=\"lazy\" decoding=\"async\" class=\"aligncenter wp-image-872 size-thumbnail\" src=\"https:\/\/blogsaverroes.juntadeandalucia.es\/oscarprofesociales\/files\/2016\/01\/pMJfu81MSWeo3Kf1jMmMzA_thumb_1b7-150x150.jpg\" alt=\"\" width=\"150\" height=\"150\"\/><\/a>\u00abLa educaci\u00f3n es un arma cargada de futuro\u00bb<\/strong><\/em><\/p>\n<p style=\"text-align: justify\">&nbsp;<\/p>\n<p style=\"text-align: justify\">Bienvenidos a este blog educativo realizado WordPress e incluido en la <a href=\"http:\/\/blogsaverroes.juntadeandalucia.es\/\">Red Averroes<\/a>:<\/p>\n<ul>\n<li style=\"text-align: justify\">Blog <a href=\"http:\/\/blogsaverroes.juntadeandalucia.es\/oscarprofesociales\">Oscarprofesociales<\/a>.<\/li>\n<\/ul>\n<p style=\"text-align: justify\">Breve curr\u00edculo vital, personal y laboral:<\/p>\n<p style=\"text-align: justify\">Soy \u00d3scar Marcos, nacido en 1975 y educado en C\u00f3rdoba capital (Colegio Enr\u00edquez Barrios e Instituto S\u00e9neca), segundo de cuatro hermanos de una familia de clase media-trabajadora. Despu\u00e9s de licenciarme en Historia del Arte por la Universidad de C\u00f3rdoba (1995-1999) altern\u00e9 diversos trabajos m\u00e1s o menos cualificados (hosteler\u00eda, agente comercial, monitor de Educaci\u00f3n Especial&#8230;), con el estudio de las oposiciones de Secundaria y la realizaci\u00f3n de varios cursos de formaci\u00f3n (Emprendimiento Tur\u00edstico, Educaci\u00f3n para la Paz) hasta que consegu\u00ed empezar a trabajar como profesor en la Educaci\u00f3n P\u00fablica en la especialidad de Geograf\u00eda e Historia ejerciendo desde febrero de 2006 en diferentes Institutos de Ense\u00f1anza Secundaria de Andaluc\u00eda (Almer\u00eda, Sevilla, C\u00f3rdoba y Ja\u00e9n) sin dejar de formarme en muy diferentes \u00e1mbitos relacionados con la Educaci\u00f3n desde entonces pero a trav\u00e9s de los Centros de Profesores y Plataformas Educativas (Helvia, Moodle&#8230;) Entre mis inquietudes e intereses personales est\u00e1n la lectura, la m\u00fasica, la cultura, los deportes y viajar por Espa\u00f1a (he visitado casi todas las Comunidades Aut\u00f3nomas salvo Canarias, La Rioja, Murcia y Melilla)&nbsp;y el mundo (Grecia, Inglaterra, Italia, Estados Unidos, Rusia, Mongolia, China, Argentina, Chile, Per\u00fa, Francia, Myanmar, Cuba o Jap\u00f3n). He vivido o trabajado en diferentes pueblos y ciudades de Andaluc\u00eda (poniente almeriense, Sevilla, Pegalajar, Pozo Alc\u00f3n, And\u00fajar o \u00dabeda) pero desde 2014 mi destino profesional est\u00e1 en el <a href=\"http:\/\/www.juntadeandalucia.es\/averroes\/centros-tic\/23700499\/helvia\/sitio\/\">IES NIEVES L\u00d3PEZ PASTOR<\/a>&nbsp;de Villanueva del Arzobispo (Ja\u00e9n) y mi vida personal se ha asentado en Baeza, ciudad monumental de la misma provincia. En los \u00faltimos a\u00f1os me he interesado a\u00fan m\u00e1s por la Educaci\u00f3n Ambiental (coordinando el Programa Educativo Aldea en mi centro) y el Patrimonio Natural y Cultural (visitando cuanto puedo los bellos parajes de Sierra M\u00e1gina o Sierras de Cazorla, Segura y Las Villas as\u00ed como diferentes pueblos de la provincia de Ja\u00e9n como Alcal\u00e1 la Real, Sabiote, Cazorla, Iznatoraf, Canena o La Iruela), y soy el responsable de Formaci\u00f3n e Innovaci\u00f3n en mi instituto.<\/p>\n<p>&nbsp;<\/p>\n<div class=\"separator\"><a href=\"http:\/\/4.bp.blogspot.com\/-aEhzfabg3bI\/VgGbapl6PDI\/AAAAAAAALKI\/O77TEML_67Q\/s1600\/logo_ies_nieves_lopez_pastor.jpg\"><img loading=\"lazy\" decoding=\"async\" class=\" aligncenter\" src=\"http:\/\/4.bp.blogspot.com\/-aEhzfabg3bI\/VgGbapl6PDI\/AAAAAAAALKI\/O77TEML_67Q\/s200\/logo_ies_nieves_lopez_pastor.jpg\" alt=\"\" width=\"160\" height=\"103\" border=\"0\"\/><\/a><\/div>\n<div class=\"separator\">&nbsp;<\/div>\n<div class=\"separator\">&nbsp;<\/div>\n<div class=\"separator\"><a href=\"http:\/\/1.bp.blogspot.com\/-PAw4NIhHmZM\/VgGc1eoJ7LI\/AAAAAAAALKU\/gtKJ4gmGr8I\/s1600\/Villanueva%2Bdel%2BArzobispo%2Bubicaci%25C3%25B3n%2Bgeogr%25C3%25A1fica.jpg\"><img loading=\"lazy\" decoding=\"async\" class=\"aligncenter\" src=\"http:\/\/1.bp.blogspot.com\/-PAw4NIhHmZM\/VgGc1eoJ7LI\/AAAAAAAALKU\/gtKJ4gmGr8I\/s640\/Villanueva%2Bdel%2BArzobispo%2Bubicaci%25C3%25B3n%2Bgeogr%25C3%25A1fica.jpg\" alt=\"\" width=\"640\" height=\"236\" border=\"0\"\/><\/a><\/div>\n<p>&nbsp;<\/p>\n<div style=\"text-align: justify\">Creo en la Educaci\u00f3n P\u00fablica, en el intercambio libre de ideas y en el software libre por lo que cualquiera puede valerse de cualquier recurso que encuentre en este blog, s\u00f3lo pido que se cite la fuente:&nbsp;<a href=\"http:\/\/blogsaverroes.juntadeandalucia.es\/oscarprofesociale\" target=\"_blank\" rel=\"noopener\">http:\/\/blogsaverroes.juntadeandalucia.es\/oscarprofesociales<\/a><\/div>\n<div>&nbsp;<\/div>\n<div>\n<div><a href=\"http:\/\/2.bp.blogspot.com\/-ET9NpKqGzP0\/UySptQ3pNRI\/AAAAAAAAC1I\/TQ5OnxjQz6M\/s1600\/88x31.png\"><img loading=\"lazy\" decoding=\"async\" class=\" aligncenter\" src=\"http:\/\/2.bp.blogspot.com\/-ET9NpKqGzP0\/UySptQ3pNRI\/AAAAAAAAC1I\/TQ5OnxjQz6M\/s1600\/88x31.png\" alt=\"\" width=\"200\" height=\"70\" border=\"0\"\/><\/a><\/div>\n<\/div>\n<p>&nbsp;<\/p>\n<div style=\"text-align: justify\"><i>Los contenidos propios y publicados directamente en el portal pueden ser usados con total libertad siempre que se respete su Licencia Creative Commons: Reconocimiento 2.5.<\/i><\/div>\n<div>&nbsp;<\/div>\n<div>\n<div class=\"separator\"><a href=\"http:\/\/3.bp.blogspot.com\/-rjGD5ajg8vg\/UySpQkKzc5I\/AAAAAAAAC1A\/pR-6PAaSZWo\/s1600\/sex.jpg\"><img loading=\"lazy\" decoding=\"async\" class=\" aligncenter\" src=\"http:\/\/3.bp.blogspot.com\/-rjGD5ajg8vg\/UySpQkKzc5I\/AAAAAAAAC1A\/pR-6PAaSZWo\/s1600\/sex.jpg\" alt=\"\" width=\"320\" height=\"150\" border=\"0\"\/><\/a><\/div>\n<div style=\"text-align: justify\"><i><br \/>\n<\/i><i>Desde este blog asumimos y compartimos la preocupaci\u00f3n social por el uso de un lenguaje no sexista. Toda referencia que se haga aqu\u00ed a personas o cargos utilizando t\u00e9rminos gen\u00e9ricos, se entender\u00e1 que se realiza indistintamente a mujeres y a hombres.<\/i><br \/>\n<i><br \/>\n<\/i><\/div>\n<\/div>\n","protected":false},"excerpt":{"rendered":"<p>\u00abLa educaci\u00f3n es un arma cargada de futuro\u00bb &nbsp; Bienvenidos a este blog educativo realizado WordPress e incluido en la Red Averroes: Blog Oscarprofesociales. Breve curr\u00edculo vital, personal y laboral: Soy \u00d3scar Marcos, nacido&#46;&#46;&#46;<\/p>\n","protected":false},"author":2588,"featured_media":0,"parent":0,"menu_order":0,"comment_status":"closed","ping_status":"closed","template":"","meta":{"ngg_post_thumbnail":0,"footnotes":""},"aioseo_notices":[],"_links":{"self":[{"href":"https:\/\/blogsaverroes.juntadeandalucia.es\/oscarprofesociales\/wp-json\/wp\/v2\/pages\/302"}],"collection":[{"href":"https:\/\/blogsaverroes.juntadeandalucia.es\/oscarprofesociales\/wp-json\/wp\/v2\/pages"}],"about":[{"href":"https:\/\/blogsaverroes.juntadeandalucia.es\/oscarprofesociales\/wp-json\/wp\/v2\/types\/page"}],"author":[{"embeddable":true,"href":"https:\/\/blogsaverroes.juntadeandalucia.es\/oscarprofesociales\/wp-json\/wp\/v2\/users\/2588"}],"replies":[{"embeddable":true,"href":"https:\/\/blogsaverroes.juntadeandalucia.es\/oscarprofesociales\/wp-json\/wp\/v2\/comments?post=302"}],"version-history":[{"count":10,"href":"https:\/\/blogsaverroes.juntadeandalucia.es\/oscarprofesociales\/wp-json\/wp\/v2\/pages\/302\/revisions"}],"predecessor-version":[{"id":877,"href":"https:\/\/blogsaverroes.juntadeandalucia.es\/oscarprofesociales\/wp-json\/wp\/v2\/pages\/302\/revisions\/877"}],"wp:attachment":[{"href":"https:\/\/blogsaverroes.juntadeandalucia.es\/oscarprofesociales\/wp-json\/wp\/v2\/media?parent=302"}],"curies":[{"name":"wp","href":"https:\/\/api.w.org\/{rel}","templated":true}]}}