{"id":1542,"date":"2021-12-09T22:38:48","date_gmt":"2021-12-09T22:38:48","guid":{"rendered":"https:\/\/oscarquevedo83.com\/?page_id=1542"},"modified":"2022-12-19T12:09:38","modified_gmt":"2022-12-19T12:09:38","slug":"mi-avatar-y-yo-recargamos-la-tid","status":"publish","type":"page","link":"https:\/\/blogsaverroes.juntadeandalucia.es\/oscarquevedo83\/mi-avatar-y-yo-recargamos-la-tid\/","title":{"rendered":"Mi Avatar y Yo Recargamos la TID (2017-2018)."},"content":{"rendered":"\r\n<p><img loading=\"lazy\" decoding=\"async\" src=\"https:\/\/blogsaverroes.juntadeandalucia.es\/oscarquevedo83\/files\/2018\/04\/proyecto-gamificado.jpg\" alt=\"PROYECTO GAMIFICADO\" width=\"757\" height=\"1024\"><a href=\"https:\/\/blogsaverroes.juntadeandalucia.es\/oscarquevedo83\/files\/2018\/04\/proyecto-gamificado.pdf\">PROYECTO GAMIFICADO<\/a><\/p>\r\n\r\n\r\n\r\n<p><a href=\"https:\/\/oscarquevedo83.wordpress.com\/2017\/11\/01\/educacion-fisica-gamificada\/\">M\u00e1s informaci\u00f3n&#8230;<\/a><\/p>\r\n\r\n\r\n\r\n<p>PROYECTO GANADOR DE LA II EDICI\u00d3N DE LOS PREMIOS VIDA SANA EN LA CATEGOR\u00cdA CRECIENDO EN SALUD.<\/p>\r\n\r\n\r\n\r\n<p>https:\/\/www.fundacioncaser.org\/premios-vida-sana-2018<\/p>\r\n","protected":false},"excerpt":{"rendered":"<p>PROYECTO GAMIFICADO M\u00e1s informaci\u00f3n&#8230; PROYECTO GANADOR DE LA II EDICI\u00d3N DE LOS PREMIOS VIDA SANA EN LA CATEGOR\u00cdA CRECIENDO EN SALUD. https:\/\/www.fundacioncaser.org\/premios-vida-sana-2018<\/p>\n","protected":false},"author":4794,"featured_media":0,"parent":0,"menu_order":5,"comment_status":"closed","ping_status":"closed","template":"","meta":{"ngg_post_thumbnail":0,"footnotes":""},"aioseo_notices":[],"_links":{"self":[{"href":"https:\/\/blogsaverroes.juntadeandalucia.es\/oscarquevedo83\/wp-json\/wp\/v2\/pages\/1542"}],"collection":[{"href":"https:\/\/blogsaverroes.juntadeandalucia.es\/oscarquevedo83\/wp-json\/wp\/v2\/pages"}],"about":[{"href":"https:\/\/blogsaverroes.juntadeandalucia.es\/oscarquevedo83\/wp-json\/wp\/v2\/types\/page"}],"author":[{"embeddable":true,"href":"https:\/\/blogsaverroes.juntadeandalucia.es\/oscarquevedo83\/wp-json\/wp\/v2\/users\/4794"}],"replies":[{"embeddable":true,"href":"https:\/\/blogsaverroes.juntadeandalucia.es\/oscarquevedo83\/wp-json\/wp\/v2\/comments?post=1542"}],"version-history":[{"count":2,"href":"https:\/\/blogsaverroes.juntadeandalucia.es\/oscarquevedo83\/wp-json\/wp\/v2\/pages\/1542\/revisions"}],"predecessor-version":[{"id":1717,"href":"https:\/\/blogsaverroes.juntadeandalucia.es\/oscarquevedo83\/wp-json\/wp\/v2\/pages\/1542\/revisions\/1717"}],"wp:attachment":[{"href":"https:\/\/blogsaverroes.juntadeandalucia.es\/oscarquevedo83\/wp-json\/wp\/v2\/media?parent=1542"}],"curies":[{"name":"wp","href":"https:\/\/api.w.org\/{rel}","templated":true}]}}