{"id":1555,"date":"2021-12-09T22:48:24","date_gmt":"2021-12-09T22:48:24","guid":{"rendered":"https:\/\/oscarquevedo83.com\/?page_id=1555"},"modified":"2022-12-19T12:09:23","modified_gmt":"2022-12-19T12:09:23","slug":"la-historia-en-codigo-3","status":"publish","type":"page","link":"https:\/\/blogsaverroes.juntadeandalucia.es\/oscarquevedo83\/la-historia-en-codigo-3\/","title":{"rendered":"La Historia en C\u00f3digo (2017-2018)."},"content":{"rendered":"\r\n<p><img loading=\"lazy\" decoding=\"async\" src=\"https:\/\/blogsaverroes.juntadeandalucia.es\/oscarquevedo83\/files\/2018\/01\/la-historia-en-cc3b3digo.jpg\" alt=\"LA HISTORIA EN C\u00d3DIGO\" width=\"757\" height=\"1024\"><a href=\"https:\/\/blogsaverroes.juntadeandalucia.es\/oscarquevedo83\/files\/2018\/01\/la-historia-en-cc3b3digo.pdf\">LA HISTORIA EN C\u00d3DIGO<\/a><\/p>\r\n\r\n\r\n\r\n<p><br>PROYECTO LA HISTORIA EN C\u00d3DIGO by \u00d3scar Quevedo Ojeda is licensed under a <a href=\"http:\/\/creativecommons.org\/licenses\/by-nc-sa\/4.0\/\">Creative Commons Reconocimiento-NoComercial-CompartirIgual 4.0 Internacional License<\/a>.<\/p>\r\n","protected":false},"excerpt":{"rendered":"<p>LA HISTORIA EN C\u00d3DIGO PROYECTO LA HISTORIA EN C\u00d3DIGO by \u00d3scar Quevedo Ojeda is licensed under a Creative Commons Reconocimiento-NoComercial-CompartirIgual 4.0 Internacional License.<\/p>\n","protected":false},"author":4794,"featured_media":0,"parent":0,"menu_order":6,"comment_status":"closed","ping_status":"closed","template":"","meta":{"ngg_post_thumbnail":0,"footnotes":""},"aioseo_notices":[],"_links":{"self":[{"href":"https:\/\/blogsaverroes.juntadeandalucia.es\/oscarquevedo83\/wp-json\/wp\/v2\/pages\/1555"}],"collection":[{"href":"https:\/\/blogsaverroes.juntadeandalucia.es\/oscarquevedo83\/wp-json\/wp\/v2\/pages"}],"about":[{"href":"https:\/\/blogsaverroes.juntadeandalucia.es\/oscarquevedo83\/wp-json\/wp\/v2\/types\/page"}],"author":[{"embeddable":true,"href":"https:\/\/blogsaverroes.juntadeandalucia.es\/oscarquevedo83\/wp-json\/wp\/v2\/users\/4794"}],"replies":[{"embeddable":true,"href":"https:\/\/blogsaverroes.juntadeandalucia.es\/oscarquevedo83\/wp-json\/wp\/v2\/comments?post=1555"}],"version-history":[{"count":3,"href":"https:\/\/blogsaverroes.juntadeandalucia.es\/oscarquevedo83\/wp-json\/wp\/v2\/pages\/1555\/revisions"}],"predecessor-version":[{"id":1714,"href":"https:\/\/blogsaverroes.juntadeandalucia.es\/oscarquevedo83\/wp-json\/wp\/v2\/pages\/1555\/revisions\/1714"}],"wp:attachment":[{"href":"https:\/\/blogsaverroes.juntadeandalucia.es\/oscarquevedo83\/wp-json\/wp\/v2\/media?parent=1555"}],"curies":[{"name":"wp","href":"https:\/\/api.w.org\/{rel}","templated":true}]}}