{"id":1702,"date":"2022-12-16T09:39:24","date_gmt":"2022-12-16T09:39:24","guid":{"rendered":"https:\/\/blogsaverroes.juntadeandalucia.es\/oscarquevedo83\/?page_id=1702"},"modified":"2022-12-19T12:08:14","modified_gmt":"2022-12-19T12:08:14","slug":"los-monstruos-van-al-cole","status":"publish","type":"page","link":"https:\/\/blogsaverroes.juntadeandalucia.es\/oscarquevedo83\/los-monstruos-van-al-cole\/","title":{"rendered":"Los Monstruos van al Cole (2018-2019)."},"content":{"rendered":"<p>Proyecto globalizado de las \u00e1reas de Lengua Castellana y Literatura, Matem\u00e1ticas y Educaci\u00f3n F\u00edsica llevado a cabo en el C.E.I.P. Ram\u00f3n Mendoza de Beg\u00edjar en el curso 2018\/2019:<\/p>\n<p><a href=\"https:\/\/view.genial.ly\/5d1efc87f218fd0f60b7c5c0\/guide-proyecto-2018-19\"><img loading=\"lazy\" decoding=\"async\" class=\"aligncenter wp-image-1703 size-large\" src=\"https:\/\/blogsaverroes.juntadeandalucia.es\/oscarquevedo83\/files\/2022\/12\/Captura-de-Pantalla-2022-12-16-a-las-10.37.10-1024x577.png\" alt=\"\" width=\"1024\" height=\"577\" srcset=\"https:\/\/blogsaverroes.juntadeandalucia.es\/oscarquevedo83\/files\/2022\/12\/Captura-de-Pantalla-2022-12-16-a-las-10.37.10-1024x577.png 1024w, https:\/\/blogsaverroes.juntadeandalucia.es\/oscarquevedo83\/files\/2022\/12\/Captura-de-Pantalla-2022-12-16-a-las-10.37.10-300x169.png 300w, https:\/\/blogsaverroes.juntadeandalucia.es\/oscarquevedo83\/files\/2022\/12\/Captura-de-Pantalla-2022-12-16-a-las-10.37.10-768x433.png 768w, https:\/\/blogsaverroes.juntadeandalucia.es\/oscarquevedo83\/files\/2022\/12\/Captura-de-Pantalla-2022-12-16-a-las-10.37.10-1536x866.png 1536w, https:\/\/blogsaverroes.juntadeandalucia.es\/oscarquevedo83\/files\/2022\/12\/Captura-de-Pantalla-2022-12-16-a-las-10.37.10-2048x1155.png 2048w\" sizes=\"(max-width: 1024px) 100vw, 1024px\" \/><\/a><\/p>\n","protected":false},"excerpt":{"rendered":"<p>Proyecto globalizado de las \u00e1reas de Lengua Castellana y Literatura, Matem\u00e1ticas y Educaci\u00f3n F\u00edsica llevado a cabo en el C.E.I.P. Ram\u00f3n Mendoza de Beg\u00edjar en el curso 2018\/2019:<\/p>\n","protected":false},"author":4794,"featured_media":1703,"parent":0,"menu_order":4,"comment_status":"closed","ping_status":"closed","template":"","meta":{"ngg_post_thumbnail":0,"footnotes":""},"aioseo_notices":[],"_links":{"self":[{"href":"https:\/\/blogsaverroes.juntadeandalucia.es\/oscarquevedo83\/wp-json\/wp\/v2\/pages\/1702"}],"collection":[{"href":"https:\/\/blogsaverroes.juntadeandalucia.es\/oscarquevedo83\/wp-json\/wp\/v2\/pages"}],"about":[{"href":"https:\/\/blogsaverroes.juntadeandalucia.es\/oscarquevedo83\/wp-json\/wp\/v2\/types\/page"}],"author":[{"embeddable":true,"href":"https:\/\/blogsaverroes.juntadeandalucia.es\/oscarquevedo83\/wp-json\/wp\/v2\/users\/4794"}],"replies":[{"embeddable":true,"href":"https:\/\/blogsaverroes.juntadeandalucia.es\/oscarquevedo83\/wp-json\/wp\/v2\/comments?post=1702"}],"version-history":[{"count":4,"href":"https:\/\/blogsaverroes.juntadeandalucia.es\/oscarquevedo83\/wp-json\/wp\/v2\/pages\/1702\/revisions"}],"predecessor-version":[{"id":1715,"href":"https:\/\/blogsaverroes.juntadeandalucia.es\/oscarquevedo83\/wp-json\/wp\/v2\/pages\/1702\/revisions\/1715"}],"wp:featuredmedia":[{"embeddable":true,"href":"https:\/\/blogsaverroes.juntadeandalucia.es\/oscarquevedo83\/wp-json\/wp\/v2\/media\/1703"}],"wp:attachment":[{"href":"https:\/\/blogsaverroes.juntadeandalucia.es\/oscarquevedo83\/wp-json\/wp\/v2\/media?parent=1702"}],"curies":[{"name":"wp","href":"https:\/\/api.w.org\/{rel}","templated":true}]}}