{"id":2647,"date":"2021-02-09T17:53:35","date_gmt":"2021-02-09T17:53:35","guid":{"rendered":"https:\/\/blogsaverroes.juntadeandalucia.es\/pablofreireelejido\/?page_id=2647"},"modified":"2021-04-26T17:40:47","modified_gmt":"2021-04-26T16:40:47","slug":"en-la-clase","status":"publish","type":"page","link":"https:\/\/blogsaverroes.juntadeandalucia.es\/pablofreireelejido\/en-la-clase\/","title":{"rendered":"En la clase"},"content":{"rendered":"<p>En este espacio encontrar\u00e1s algunas tareas realizadas por nuestro alumnado en el centro.&nbsp;<\/p>\n<h1 style=\"text-align: center\"><strong>Curso 2020 &#8211; 2021<\/strong><\/h1>\n<p style=\"text-align: center\">Tema 6: Los deportes que hacemos &#8211; <strong>EJM1ESP &#8211; (El Ejido)<\/strong><\/p>\nngg_shortcode_0_placeholder\n<p style=\"text-align: center\">Tema 6: Los deportes que hacemos &#8211; &nbsp; <strong>EJM2ESPC &#8211; (El Ejido)<\/strong><\/p>\nngg_shortcode_1_placeholder\n<p>&nbsp;<\/p>\n<p style=\"text-align: center\"><strong>EJM1ESP &#8211; (El Ejido)<\/strong><\/p>\n<table style=\"border-collapse: collapse;width: 100%;height: 240px\">\n<tbody>\n<tr style=\"height: 24px\">\n<td style=\"width: 71.2253%;height: 24px\">T\u00edtulo de la unidad: <strong>Comemos con conciencia<\/strong><\/td>\n<td style=\"width: 28.7747%;height: 24px;text-align: center\">Duraci\u00f3n: <em>8-9 sesiones<\/em><\/td>\n<\/tr>\n<tr style=\"height: 216px\">\n<td style=\"width: 71.2253%;height: 216px\">Objetivos generales:<\/p>\n<ul>\n<li>Desarrollar las habilidades ling\u00fc\u00edsticas con el uso de recetas tradicionales (escuchar, hablar, leer y escribir).<\/li>\n<li>Despertar la conciencia sobre una buena alimentaci\u00f3n.<\/li>\n<li>Fomentar la interculturalidad y respeto por otras culturas.<\/li>\n<\/ul>\n<\/td>\n<td style=\"width: 28.7747%;text-align: center;height: 216px\">Plan al que contribuye:<\/p>\n<p><em>Plan de h\u00e1bitos de vida saludable<\/em><\/td>\n<\/tr>\n<tr>\n<td style=\"width: 71.2253%\"><strong>Tarea final<\/strong>: Elaboraci\u00f3n de una receta tradicional + exposici\u00f3n delante de la clase.<\/td>\n<td style=\"width: 28.7747%;text-align: center\">Grupos: EJM1ESP y EJM2ESPC<\/td>\n<\/tr>\n<\/tbody>\n<\/table>\n<p>Estas son algunas de las recetas creadas por el grupo de alfabetizaci\u00f3n. Gran trabajo el realizado por ellas, que ense\u00f1an sus platos m\u00e1s ricos y tradicionales de la cocina Marroqu\u00ed.<\/p>\nngg_shortcode_2_placeholder\n<p style=\"text-align: center\"><strong>EJM2ESPC &#8211; (El Ejido)<\/strong><\/p>\n<p>Este es el trabajo realizado por algunas alumn@s del grupo de A1 en clase. En este caso, las recetas se han realizado en formato digital, usando los ordenadores para ampliar informaci\u00f3n en cada receta (valor nutricional, historia, etc.).&nbsp;<\/p>\n<p>Podemos encontrar recetas tradicionales de distintos pa\u00edses.<\/p>\nngg_shortcode_3_placeholderOtras recetas:&nbsp;<\/p>\n<p>Muslo de pollo: <a href=\"https:\/\/blogsaverroes.juntadeandalucia.es\/pablofreireelejido\/files\/2021\/02\/manal-harkati.odt\">manal harkati<\/a><\/p>\n<p>Carne con albaricoques: <a href=\"https:\/\/blogsaverroes.juntadeandalucia.es\/pablofreireelejido\/files\/2021\/02\/Sanae.odt\">Sanae<\/a><\/p>\n<p>Bolas de sardinas picadas: <a href=\"https:\/\/blogsaverroes.juntadeandalucia.es\/pablofreireelejido\/files\/2021\/02\/rachida-dadsi.odt\">rachida dadsi<\/a><\/p>\n<p>Patatas a lo pobre con marisco: <a href=\"https:\/\/blogsaverroes.juntadeandalucia.es\/pablofreireelejido\/files\/2021\/02\/zoli-elkadi.odt\">zoli elkadi<\/a><\/p>\n<p>Taj\u00edn con carne de cordero:<\/p>\n<div style=\"width: 474px;\" class=\"wp-video\"><!--[if lt IE 9]><script>document.createElement('video');<\/script><![endif]-->\n<video class=\"wp-video-shortcode\" id=\"video-2647-1\" width=\"474\" height=\"837\" preload=\"metadata\" controls=\"controls\"><source type=\"video\/mp4\" src=\"https:\/\/blogsaverroes.juntadeandalucia.es\/pablofreireelejido\/files\/2021\/02\/Taj\u00edn-con-carne-de-cordero.mp4?_=1\" \/><a href=\"https:\/\/blogsaverroes.juntadeandalucia.es\/pablofreireelejido\/files\/2021\/02\/Taj\u00edn-con-carne-de-cordero.mp4\">https:\/\/blogsaverroes.juntadeandalucia.es\/pablofreireelejido\/files\/2021\/02\/Taj\u00edn-con-carne-de-cordero.mp4<\/a><\/video><\/div>\n<p>&nbsp;<\/p>\n<p style=\"text-align: center\"><strong>EJM2ESPC &#8211; (El Ejido)<\/strong><\/p>\n<p>De forma paralela, algun@s alumn@s est\u00e1n realizando presentaciones orales en clase sobre temas interesantes. Estas son las presentaciones creadas por alguno de ell@s.<\/p>\n<ul>\n<li>Costumbres y tradiciones de pascua en oeste de Ruman\u00eda y Hungr\u00eda (pdf): <a href=\"https:\/\/blogsaverroes.juntadeandalucia.es\/pablofreireelejido\/files\/2021\/02\/Prezentare-15.pdf\">Prezentare 15<\/a><\/li>\n<li>Achoura, fiesta tradicional marroqu\u00ed: <a title=\"achoura\" href=\"http:\/\/m.viajesmarrakech.com\/news\/achoura-marruecos\/\" target=\"_blank\" rel=\"noopener noreferrer\">http:\/\/m.viajesmarrakech.com\/news\/achoura-marruecos\/<\/a><\/li>\n<\/ul>\n","protected":false},"excerpt":{"rendered":"<p>En este espacio encontrar\u00e1s algunas tareas realizadas por nuestro alumnado en el centro.&nbsp; Curso 2020 &#8211; 2021 Tema 6: Los deportes que hacemos &#8211; EJM1ESP &#8211; (El Ejido) Tema 6: Los deportes que hacemos &#8211; &nbsp; EJM2ESPC &#8211; (El Ejido) &nbsp; &nbsp; EJM1ESP &#8211; (El Ejido) T\u00edtulo de la unidad: Comemos con conciencia Duraci\u00f3n: 8-9 &hellip; <a href=\"https:\/\/blogsaverroes.juntadeandalucia.es\/pablofreireelejido\/en-la-clase\/\" class=\"more-link\">Seguir leyendo <span class=\"screen-reader-text\">En la clase<\/span> <span class=\"meta-nav\">&rarr;<\/span><\/a><\/p>\n","protected":false},"author":10425,"featured_media":0,"parent":0,"menu_order":0,"comment_status":"closed","ping_status":"closed","template":"","meta":{"ngg_post_thumbnail":0,"footnotes":"","_mc_calendar":[]},"aioseo_notices":[],"_links":{"self":[{"href":"https:\/\/blogsaverroes.juntadeandalucia.es\/pablofreireelejido\/wp-json\/wp\/v2\/pages\/2647"}],"collection":[{"href":"https:\/\/blogsaverroes.juntadeandalucia.es\/pablofreireelejido\/wp-json\/wp\/v2\/pages"}],"about":[{"href":"https:\/\/blogsaverroes.juntadeandalucia.es\/pablofreireelejido\/wp-json\/wp\/v2\/types\/page"}],"author":[{"embeddable":true,"href":"https:\/\/blogsaverroes.juntadeandalucia.es\/pablofreireelejido\/wp-json\/wp\/v2\/users\/10425"}],"replies":[{"embeddable":true,"href":"https:\/\/blogsaverroes.juntadeandalucia.es\/pablofreireelejido\/wp-json\/wp\/v2\/comments?post=2647"}],"version-history":[{"count":26,"href":"https:\/\/blogsaverroes.juntadeandalucia.es\/pablofreireelejido\/wp-json\/wp\/v2\/pages\/2647\/revisions"}],"predecessor-version":[{"id":2760,"href":"https:\/\/blogsaverroes.juntadeandalucia.es\/pablofreireelejido\/wp-json\/wp\/v2\/pages\/2647\/revisions\/2760"}],"wp:attachment":[{"href":"https:\/\/blogsaverroes.juntadeandalucia.es\/pablofreireelejido\/wp-json\/wp\/v2\/media?parent=2647"}],"curies":[{"name":"wp","href":"https:\/\/api.w.org\/{rel}","templated":true}]}}