{"id":1014,"date":"2022-09-26T12:29:35","date_gmt":"2022-09-26T10:29:35","guid":{"rendered":"https:\/\/blogsaverroes.juntadeandalucia.es\/pablolenguajemusical\/?page_id=1014"},"modified":"2023-01-23T00:11:51","modified_gmt":"2023-01-22T23:11:51","slug":"canciones","status":"publish","type":"page","link":"https:\/\/blogsaverroes.juntadeandalucia.es\/pablolenguajemusical\/1eebb\/canciones\/","title":{"rendered":"1\u00ba EEBB &#8211; Canciones"},"content":{"rendered":"\t\t<div data-elementor-type=\"wp-page\" data-elementor-id=\"1014\" class=\"elementor elementor-1014\">\n\t\t\t\t\t\t<section class=\"elementor-section elementor-top-section elementor-element elementor-element-85ff17e elementor-section-boxed elementor-section-height-default elementor-section-height-default\" data-id=\"85ff17e\" data-element_type=\"section\">\n\t\t\t\t\t\t<div class=\"elementor-container elementor-column-gap-default\">\n\t\t\t\t\t<div class=\"elementor-column elementor-col-50 elementor-top-column elementor-element elementor-element-5621779\" data-id=\"5621779\" data-element_type=\"column\">\n\t\t\t<div class=\"elementor-widget-wrap elementor-element-populated\">\n\t\t\t\t\t\t<div class=\"elementor-element elementor-element-1b79a39 elementor-widget elementor-widget-heading\" data-id=\"1b79a39\" data-element_type=\"widget\" data-widget_type=\"heading.default\">\n\t\t\t\t<div class=\"elementor-widget-container\">\n\t\t\t\t\t<h2 class=\"elementor-heading-title elementor-size-default\">La Escala<\/h2>\t\t\t\t<\/div>\n\t\t\t\t<\/div>\n\t\t\t\t\t<\/div>\n\t\t<\/div>\n\t\t\t\t<div class=\"elementor-column elementor-col-50 elementor-top-column elementor-element elementor-element-278938e\" data-id=\"278938e\" data-element_type=\"column\">\n\t\t\t<div class=\"elementor-widget-wrap elementor-element-populated\">\n\t\t\t\t\t\t<div class=\"elementor-element elementor-element-6fea556 elementor-star-rating--align-center elementor--star-style-star_fontawesome elementor-widget elementor-widget-star-rating\" data-id=\"6fea556\" data-element_type=\"widget\" data-widget_type=\"star-rating.default\">\n\t\t\t\t<div class=\"elementor-widget-container\">\n\t\t\t\t\t\n\t\t<div class=\"elementor-star-rating__wrapper\">\n\t\t\t\t\t\t<div class=\"elementor-star-rating\" title=\"4.5\/5\" itemtype=\"http:\/\/schema.org\/Rating\" itemscope=\"\" itemprop=\"reviewRating\"><i class=\"elementor-star-full\">&#xE934;<\/i><i class=\"elementor-star-full\">&#xE934;<\/i><i class=\"elementor-star-full\">&#xE934;<\/i><i class=\"elementor-star-full\">&#xE934;<\/i><i class=\"elementor-star-5\">&#xE934;<\/i> <span itemprop=\"ratingValue\" class=\"elementor-screen-only\">4.5\/5<\/span><\/div>\t\t<\/div>\n\t\t\t\t\t\t<\/div>\n\t\t\t\t<\/div>\n\t\t\t\t\t<\/div>\n\t\t<\/div>\n\t\t\t\t\t<\/div>\n\t\t<\/section>\n\t\t\t\t<section class=\"elementor-section elementor-top-section elementor-element elementor-element-a85d631 elementor-section-boxed elementor-section-height-default elementor-section-height-default\" data-id=\"a85d631\" data-element_type=\"section\">\n\t\t\t\t\t\t<div class=\"elementor-container elementor-column-gap-default\">\n\t\t\t\t\t<div class=\"elementor-column elementor-col-100 elementor-top-column elementor-element elementor-element-2fe62ef\" data-id=\"2fe62ef\" data-element_type=\"column\">\n\t\t\t<div class=\"elementor-widget-wrap elementor-element-populated\">\n\t\t\t\t\t\t<div class=\"elementor-element elementor-element-5e9217a elementor-widget elementor-widget-image\" data-id=\"5e9217a\" data-element_type=\"widget\" data-widget_type=\"image.default\">\n\t\t\t\t<div class=\"elementor-widget-container\">\n\t\t\t\t\t\t\t\t\t\t\t\t<figure class=\"wp-caption\">\n\t\t\t\t\t\t\t\t\t\t<img fetchpriority=\"high\" decoding=\"async\" width=\"803\" height=\"431\" src=\"https:\/\/blogsaverroes.juntadeandalucia.es\/pablolenguajemusical\/files\/2022\/09\/escala.png\" class=\"attachment-large size-large wp-image-1027\" alt=\"\" srcset=\"https:\/\/blogsaverroes.juntadeandalucia.es\/pablolenguajemusical\/files\/2022\/09\/escala.png 803w, https:\/\/blogsaverroes.juntadeandalucia.es\/pablolenguajemusical\/files\/2022\/09\/escala-300x161.png 300w, https:\/\/blogsaverroes.juntadeandalucia.es\/pablolenguajemusical\/files\/2022\/09\/escala-768x412.png 768w\" sizes=\"(max-width: 803px) 100vw, 803px\" \/>\t\t\t\t\t\t\t\t\t\t\t<figcaption class=\"widget-image-caption wp-caption-text\">Autor\u00eda: Mar\u00eda Quintanilla y Javier Campa\u00f1a<\/figcaption>\n\t\t\t\t\t\t\t\t\t\t<\/figure>\n\t\t\t\t\t\t\t\t\t<\/div>\n\t\t\t\t<\/div>\n\t\t\t\t\t<\/div>\n\t\t<\/div>\n\t\t\t\t\t<\/div>\n\t\t<\/section>\n\t\t\t\t<section class=\"elementor-section elementor-top-section elementor-element elementor-element-8dd1a40 elementor-section-boxed elementor-section-height-default elementor-section-height-default\" data-id=\"8dd1a40\" data-element_type=\"section\">\n\t\t\t\t\t\t<div class=\"elementor-container elementor-column-gap-default\">\n\t\t\t\t\t<div class=\"elementor-column elementor-col-50 elementor-top-column elementor-element elementor-element-fc3064b\" data-id=\"fc3064b\" data-element_type=\"column\">\n\t\t\t<div class=\"elementor-widget-wrap elementor-element-populated\">\n\t\t\t\t\t\t<div class=\"elementor-element elementor-element-a14ff3a elementor-widget elementor-widget-heading\" data-id=\"a14ff3a\" data-element_type=\"widget\" data-widget_type=\"heading.default\">\n\t\t\t\t<div class=\"elementor-widget-container\">\n\t\t\t\t\t<h2 class=\"elementor-heading-title elementor-size-default\">Yo soy un Champi\u00f1\u00f3n<\/h2>\t\t\t\t<\/div>\n\t\t\t\t<\/div>\n\t\t\t\t\t<\/div>\n\t\t<\/div>\n\t\t\t\t<div class=\"elementor-column elementor-col-50 elementor-top-column elementor-element elementor-element-dd32370\" data-id=\"dd32370\" data-element_type=\"column\">\n\t\t\t<div class=\"elementor-widget-wrap elementor-element-populated\">\n\t\t\t\t\t\t<div class=\"elementor-element elementor-element-f919d30 elementor-star-rating--align-center elementor--star-style-star_fontawesome elementor-widget elementor-widget-star-rating\" data-id=\"f919d30\" data-element_type=\"widget\" data-widget_type=\"star-rating.default\">\n\t\t\t\t<div class=\"elementor-widget-container\">\n\t\t\t\t\t\n\t\t<div class=\"elementor-star-rating__wrapper\">\n\t\t\t\t\t\t<div class=\"elementor-star-rating\" title=\"5\/5\" itemtype=\"http:\/\/schema.org\/Rating\" itemscope=\"\" itemprop=\"reviewRating\"><i class=\"elementor-star-full\">&#xE934;<\/i><i class=\"elementor-star-full\">&#xE934;<\/i><i class=\"elementor-star-full\">&#xE934;<\/i><i class=\"elementor-star-full\">&#xE934;<\/i><i class=\"elementor-star-full\">&#xE934;<\/i> <span itemprop=\"ratingValue\" class=\"elementor-screen-only\">5\/5<\/span><\/div>\t\t<\/div>\n\t\t\t\t\t\t<\/div>\n\t\t\t\t<\/div>\n\t\t\t\t\t<\/div>\n\t\t<\/div>\n\t\t\t\t\t<\/div>\n\t\t<\/section>\n\t\t\t\t<section class=\"elementor-section elementor-top-section elementor-element elementor-element-d0d04db elementor-section-boxed elementor-section-height-default elementor-section-height-default\" data-id=\"d0d04db\" data-element_type=\"section\">\n\t\t\t\t\t\t<div class=\"elementor-container elementor-column-gap-default\">\n\t\t\t\t\t<div class=\"elementor-column elementor-col-50 elementor-top-column elementor-element elementor-element-0a0ed2c\" data-id=\"0a0ed2c\" data-element_type=\"column\">\n\t\t\t<div class=\"elementor-widget-wrap elementor-element-populated\">\n\t\t\t\t\t\t<div class=\"elementor-element elementor-element-377cb24 elementor-widget elementor-widget-accordion\" data-id=\"377cb24\" data-element_type=\"widget\" data-widget_type=\"accordion.default\">\n\t\t\t\t<div class=\"elementor-widget-container\">\n\t\t\t\t\t\t\t<div class=\"elementor-accordion\">\n\t\t\t\t\t\t\t<div class=\"elementor-accordion-item\">\n\t\t\t\t\t<div id=\"elementor-tab-title-5811\" class=\"elementor-tab-title\" data-tab=\"1\" role=\"button\" aria-controls=\"elementor-tab-content-5811\" aria-expanded=\"false\">\n\t\t\t\t\t\t\t\t\t\t\t\t\t<span class=\"elementor-accordion-icon elementor-accordion-icon-left\" aria-hidden=\"true\">\n\t\t\t\t\t\t\t\t\t\t\t\t\t\t\t<span class=\"elementor-accordion-icon-closed\"><i class=\"fas fa-plus\"><\/i><\/span>\n\t\t\t\t\t\t\t\t<span class=\"elementor-accordion-icon-opened\"><i class=\"fas fa-minus\"><\/i><\/span>\n\t\t\t\t\t\t\t\t\t\t\t\t\t\t<\/span>\n\t\t\t\t\t\t\t\t\t\t\t\t<a class=\"elementor-accordion-title\" tabindex=\"0\">Letra<\/a>\n\t\t\t\t\t<\/div>\n\t\t\t\t\t<div id=\"elementor-tab-content-5811\" class=\"elementor-tab-content elementor-clearfix\" data-tab=\"1\" role=\"region\" aria-labelledby=\"elementor-tab-title-5811\"><p>Yo soy, yo soy, yo soy un <strong>champi\u00f1\u00f3n<\/strong><br \/>Y voy, y voy, y voy en un <strong>cami\u00f3n<\/strong>.<br \/>Recorriendo el mundo, de ac\u00e1 para all\u00e1,<br \/>me encanta el turismo no me gusta estudiar.<\/p><p>Yo soy, yo soy, yo soy una <strong>sart\u00e9n<\/strong><br \/>Y voy, y voy, y voy siempre en un <strong>tren<\/strong>.<br \/>Desde el Polo Norte, hasta el Polo Sur,<br \/>Y yo te lo canto<br \/>pa que me acompa\u00f1es t\u00fa.<\/p><p>Yo soy, yo soy, yo soy un <strong>macarr\u00f3n<\/strong><br \/>Y voy, y voy, y voy en un <strong>avi\u00f3n<\/strong>.<br \/>Cruzando las nubes, llegando hasta el sol, que est\u00e1 calentito<br \/>y amarillo es su color.<\/p><p>Yo soy, yo soy, yo soy un <strong>galop\u00edn<\/strong>,<br \/>Y voy, y voy, y voy en <strong>zeppelin<\/strong>.<br \/>Arriba y abajo, subir y bajar,<br \/>con tantos vaivenes yo me voy a marear<\/p><\/div>\n\t\t\t\t<\/div>\n\t\t\t\t\t\t\t\t<\/div>\n\t\t\t\t\t\t<\/div>\n\t\t\t\t<\/div>\n\t\t\t\t\t<\/div>\n\t\t<\/div>\n\t\t\t\t<div class=\"elementor-column elementor-col-50 elementor-top-column elementor-element elementor-element-b1c1ed1\" data-id=\"b1c1ed1\" data-element_type=\"column\">\n\t\t\t<div class=\"elementor-widget-wrap elementor-element-populated\">\n\t\t\t\t\t\t<div class=\"elementor-element elementor-element-9958c1d elementor-widget elementor-widget-image\" data-id=\"9958c1d\" data-element_type=\"widget\" data-widget_type=\"image.default\">\n\t\t\t\t<div class=\"elementor-widget-container\">\n\t\t\t\t\t\t\t\t\t\t\t\t<figure class=\"wp-caption\">\n\t\t\t\t\t\t\t\t\t\t<img decoding=\"async\" width=\"653\" height=\"748\" src=\"https:\/\/blogsaverroes.juntadeandalucia.es\/pablolenguajemusical\/files\/2022\/09\/Sin-t\u00edtulo-1.png\" class=\"attachment-large size-large wp-image-1026\" alt=\"\" srcset=\"https:\/\/blogsaverroes.juntadeandalucia.es\/pablolenguajemusical\/files\/2022\/09\/Sin-t\u00edtulo-1.png 653w, https:\/\/blogsaverroes.juntadeandalucia.es\/pablolenguajemusical\/files\/2022\/09\/Sin-t\u00edtulo-1-262x300.png 262w\" sizes=\"(max-width: 653px) 100vw, 653px\" \/>\t\t\t\t\t\t\t\t\t\t\t<figcaption class=\"widget-image-caption wp-caption-text\">Autor\u00eda: \u00c1ngel Moreno<\/figcaption>\n\t\t\t\t\t\t\t\t\t\t<\/figure>\n\t\t\t\t\t\t\t\t\t<\/div>\n\t\t\t\t<\/div>\n\t\t\t\t\t<\/div>\n\t\t<\/div>\n\t\t\t\t\t<\/div>\n\t\t<\/section>\n\t\t\t\t<section class=\"elementor-section elementor-top-section elementor-element elementor-element-233182d elementor-section-boxed elementor-section-height-default elementor-section-height-default\" data-id=\"233182d\" data-element_type=\"section\">\n\t\t\t\t\t\t<div class=\"elementor-container elementor-column-gap-default\">\n\t\t\t\t\t<div class=\"elementor-column elementor-col-50 elementor-top-column elementor-element elementor-element-bfba8f0\" data-id=\"bfba8f0\" data-element_type=\"column\">\n\t\t\t<div class=\"elementor-widget-wrap elementor-element-populated\">\n\t\t\t\t\t\t<div class=\"elementor-element elementor-element-980a2b6 elementor-widget elementor-widget-wp-widget-media_audio\" data-id=\"980a2b6\" data-element_type=\"widget\" data-widget_type=\"wp-widget-media_audio.default\">\n\t\t\t\t<div class=\"elementor-widget-container\">\n\t\t\t\t\t<h5>Voz y Acompa\u00f1amiento<\/h5><!--[if lt IE 9]><script>document.createElement('audio');<\/script><![endif]-->\n<audio class=\"wp-audio-shortcode\" id=\"audio-1014-1\" preload=\"none\" style=\"width: 100%;\" controls=\"controls\"><source type=\"audio\/mpeg\" src=\"https:\/\/www.clasedelenguajemusical.com\/wp-content\/uploads\/yo-soy-un-champinon.mp3?_=1\" \/><source type=\"audio\/mpeg\" src=\"https:\/\/www.clasedelenguajemusical.com\/wp-content\/uploads\/yo-soy-un-champinon.mp3?_=1\" \/><a href=\"https:\/\/www.clasedelenguajemusical.com\/wp-content\/uploads\/yo-soy-un-champinon.mp3\">https:\/\/www.clasedelenguajemusical.com\/wp-content\/uploads\/yo-soy-un-champinon.mp3<\/a><\/audio>\t\t\t\t<\/div>\n\t\t\t\t<\/div>\n\t\t\t\t\t<\/div>\n\t\t<\/div>\n\t\t\t\t<div class=\"elementor-column elementor-col-50 elementor-top-column elementor-element elementor-element-d479081\" data-id=\"d479081\" data-element_type=\"column\">\n\t\t\t<div class=\"elementor-widget-wrap elementor-element-populated\">\n\t\t\t\t\t\t<div class=\"elementor-element elementor-element-7564541 elementor-widget elementor-widget-text-editor\" data-id=\"7564541\" data-element_type=\"widget\" data-widget_type=\"text-editor.default\">\n\t\t\t\t<div class=\"elementor-widget-container\">\n\t\t\t\t\t\t\t\t\t<p>Descargar Partitura<\/p><p><a href=\"http:\/\/www.clasedelenguajemusical.com\/wp-content\/uploads\/2017\/09\/YO-SOY-UN-CHAMPIN%CC%83O%CC%81N.pdf\">Descargar partitura en PDF<\/a><\/p>\t\t\t\t\t\t\t\t<\/div>\n\t\t\t\t<\/div>\n\t\t\t\t\t<\/div>\n\t\t<\/div>\n\t\t\t\t\t<\/div>\n\t\t<\/section>\n\t\t\t\t<section class=\"elementor-section elementor-top-section elementor-element elementor-element-afb72c0 elementor-section-boxed elementor-section-height-default elementor-section-height-default\" data-id=\"afb72c0\" data-element_type=\"section\">\n\t\t\t\t\t\t<div class=\"elementor-container elementor-column-gap-default\">\n\t\t\t\t\t<div class=\"elementor-column elementor-col-100 elementor-top-column elementor-element elementor-element-f0244f2\" data-id=\"f0244f2\" data-element_type=\"column\">\n\t\t\t<div class=\"elementor-widget-wrap elementor-element-populated\">\n\t\t\t\t\t\t<div class=\"elementor-element elementor-element-d28ec31 elementor-widget elementor-widget-html\" data-id=\"d28ec31\" data-element_type=\"widget\" data-widget_type=\"html.default\">\n\t\t\t\t<div class=\"elementor-widget-container\">\n\t\t\t\t\t<img decoding=\"async\" class=\"size-large aligncenter\" src=\"https:\/\/i0.wp.com\/cooperacioambalegria.co\/wp-content\/uploads\/2022\/02\/51avIrn7bmL._AC_SY450_.jpg?resize=300%2C160&amp;ssl=1\" width=\"300\" height=\"160\"\/>\r\n.\r\n<p style=\"text-align: center\">M\u00fasica: John Williams&nbsp; - Arr.: Pablo Guerrero&nbsp; &nbsp; Letra: Javier Campa\u00f1a<\/p><\/div><\/div><\/div><\/div><\/div><\/section><\/div> <a href=\"https:\/\/blogsaverroes.juntadeandalucia.es\/pablolenguajemusical\/1eebb\/canciones\/#more-1014\" class=\"more-link elementor-more-link\"><span aria-label=\"Sigue leyendo 1\u00ba EEBB &#8211; Canciones\">(m\u00e1s&hellip;)<\/span><\/a>","protected":false},"excerpt":{"rendered":"<p>La Escala &#xE934;&#xE934;&#xE934;&#xE934;&#xE934; 4.5\/5 Autor\u00eda: Mar\u00eda Quintanilla y Javier Campa\u00f1a Yo soy un Champi\u00f1\u00f3n &#xE934;&#xE934;&#xE934;&#xE934;&#xE934; 5\/5 Letra Yo soy, yo soy, yo soy un champi\u00f1\u00f3nY voy, y voy, y voy en un cami\u00f3n.Recorriendo el&#46;&#46;&#46;<\/p>\n","protected":false},"author":9762,"featured_media":0,"parent":23,"menu_order":0,"comment_status":"closed","ping_status":"closed","template":"","meta":{"ngg_post_thumbnail":0,"footnotes":""},"aioseo_notices":[],"_links":{"self":[{"href":"https:\/\/blogsaverroes.juntadeandalucia.es\/pablolenguajemusical\/wp-json\/wp\/v2\/pages\/1014"}],"collection":[{"href":"https:\/\/blogsaverroes.juntadeandalucia.es\/pablolenguajemusical\/wp-json\/wp\/v2\/pages"}],"about":[{"href":"https:\/\/blogsaverroes.juntadeandalucia.es\/pablolenguajemusical\/wp-json\/wp\/v2\/types\/page"}],"author":[{"embeddable":true,"href":"https:\/\/blogsaverroes.juntadeandalucia.es\/pablolenguajemusical\/wp-json\/wp\/v2\/users\/9762"}],"replies":[{"embeddable":true,"href":"https:\/\/blogsaverroes.juntadeandalucia.es\/pablolenguajemusical\/wp-json\/wp\/v2\/comments?post=1014"}],"version-history":[{"count":16,"href":"https:\/\/blogsaverroes.juntadeandalucia.es\/pablolenguajemusical\/wp-json\/wp\/v2\/pages\/1014\/revisions"}],"predecessor-version":[{"id":1212,"href":"https:\/\/blogsaverroes.juntadeandalucia.es\/pablolenguajemusical\/wp-json\/wp\/v2\/pages\/1014\/revisions\/1212"}],"up":[{"embeddable":true,"href":"https:\/\/blogsaverroes.juntadeandalucia.es\/pablolenguajemusical\/wp-json\/wp\/v2\/pages\/23"}],"wp:attachment":[{"href":"https:\/\/blogsaverroes.juntadeandalucia.es\/pablolenguajemusical\/wp-json\/wp\/v2\/media?parent=1014"}],"curies":[{"name":"wp","href":"https:\/\/api.w.org\/{rel}","templated":true}]}}