{"id":1062,"date":"2022-10-07T11:56:50","date_gmt":"2022-10-07T09:56:50","guid":{"rendered":"https:\/\/blogsaverroes.juntadeandalucia.es\/pablolenguajemusical\/?page_id=1062"},"modified":"2022-10-07T12:19:43","modified_gmt":"2022-10-07T10:19:43","slug":"juegos","status":"publish","type":"page","link":"https:\/\/blogsaverroes.juntadeandalucia.es\/pablolenguajemusical\/1eebb\/juegos\/","title":{"rendered":"Juegos"},"content":{"rendered":"\t\t<div data-elementor-type=\"wp-page\" data-elementor-id=\"1062\" class=\"elementor elementor-1062\">\n\t\t\t\t\t\t<section class=\"elementor-section elementor-top-section elementor-element elementor-element-ef62898 elementor-section-boxed elementor-section-height-default elementor-section-height-default\" data-id=\"ef62898\" data-element_type=\"section\">\n\t\t\t\t\t\t<div class=\"elementor-container elementor-column-gap-default\">\n\t\t\t\t\t<div class=\"elementor-column elementor-col-100 elementor-top-column elementor-element elementor-element-396ac55\" data-id=\"396ac55\" data-element_type=\"column\">\n\t\t\t<div class=\"elementor-widget-wrap elementor-element-populated\">\n\t\t\t\t\t\t<div class=\"elementor-element elementor-element-d09abe0 elementor-widget elementor-widget-text-editor\" data-id=\"d09abe0\" data-element_type=\"widget\" data-widget_type=\"text-editor.default\">\n\t\t\t\t<div class=\"elementor-widget-container\">\n\t\t\t\t\t\t\t\t\t<h3>L\u00edneas y espacios <a href=\"https:\/\/aprendomusica.com\/const2\/45lineasyespacios\/game.html\"><img decoding=\"async\" class=\"img-fluid center aligncenter\" src=\"https:\/\/aprendomusica.com\/imagen\/cards\/45lineasyespacios.png\" alt=\"L\u00edneas y espacios\" width=\"194\" height=\"162\" \/><\/a><\/h3><p>\u00a0<\/p>\t\t\t\t\t\t\t\t<\/div>\n\t\t\t\t<\/div>\n\t\t\t\t\t<\/div>\n\t\t<\/div>\n\t\t\t\t\t<\/div>\n\t\t<\/section>\n\t\t\t\t<section class=\"elementor-section elementor-top-section elementor-element elementor-element-3e2ec786 elementor-section-boxed elementor-section-height-default elementor-section-height-default\" data-id=\"3e2ec786\" data-element_type=\"section\">\n\t\t\t\t\t\t<div class=\"elementor-container elementor-column-gap-default\">\n\t\t\t\t\t<div class=\"elementor-column elementor-col-100 elementor-top-column elementor-element elementor-element-698ee2e\" data-id=\"698ee2e\" data-element_type=\"column\">\n\t\t\t<div class=\"elementor-widget-wrap elementor-element-populated\">\n\t\t\t\t\t\t<div class=\"elementor-element elementor-element-44ad9cdb elementor-widget elementor-widget-text-editor\" data-id=\"44ad9cdb\" data-element_type=\"widget\" data-widget_type=\"text-editor.default\">\n\t\t\t\t<div class=\"elementor-widget-container\">\n\t\t\t\t\t\t\t\t\t<h3>Atrapa la nota: Aprendemos el nombre de las notas<\/h3>\t\t\t\t\t\t\t\t<\/div>\n\t\t\t\t<\/div>\n\t\t\t\t\t<\/div>\n\t\t<\/div>\n\t\t\t\t\t<\/div>\n\t\t<\/section>\n\t\t\t\t<section class=\"elementor-section elementor-top-section elementor-element elementor-element-f6554b4 elementor-section-boxed elementor-section-height-default elementor-section-height-default\" data-id=\"f6554b4\" data-element_type=\"section\">\n\t\t\t\t\t\t<div class=\"elementor-container elementor-column-gap-default\">\n\t\t\t\t\t<div class=\"elementor-column elementor-col-100 elementor-top-column elementor-element elementor-element-5009d5d\" data-id=\"5009d5d\" data-element_type=\"column\">\n\t\t\t<div class=\"elementor-widget-wrap\">\n\t\t\t\t\t\t\t<\/div>\n\t\t<\/div>\n\t\t\t\t\t<\/div>\n\t\t<\/section>\n\t\t\t\t<section class=\"elementor-section elementor-top-section elementor-element elementor-element-f7c6854 elementor-section-boxed elementor-section-height-default elementor-section-height-default\" data-id=\"f7c6854\" data-element_type=\"section\">\n\t\t\t\t\t\t<div class=\"elementor-container elementor-column-gap-default\">\n\t\t\t\t\t<div class=\"elementor-column elementor-col-50 elementor-top-column elementor-element elementor-element-f201b52\" data-id=\"f201b52\" data-element_type=\"column\">\n\t\t\t<div class=\"elementor-widget-wrap elementor-element-populated\">\n\t\t\t\t\t\t<div class=\"elementor-element elementor-element-a0a9a7d elementor-widget elementor-widget-text-editor\" data-id=\"a0a9a7d\" data-element_type=\"widget\" data-widget_type=\"text-editor.default\">\n\t\t\t\t<div class=\"elementor-widget-container\">\n\t\t\t\t\t\t\t\t\t<p style=\"text-align: center\"><strong>Clave de Sol<\/strong><\/p><p><a href=\"https:\/\/aprendomusica.com\/const2\/03atrapanotas\/game.html\"><img decoding=\"async\" class=\"aligncenter\" src=\"https:\/\/aprendomusica.com\/imagen\/cards\/03atrapanotasA.png\" alt=\"Atrapanotas\" width=\"206\" height=\"172\" \/><\/a><\/p>\t\t\t\t\t\t\t\t<\/div>\n\t\t\t\t<\/div>\n\t\t\t\t\t<\/div>\n\t\t<\/div>\n\t\t\t\t<div class=\"elementor-column elementor-col-50 elementor-top-column elementor-element elementor-element-babaa77\" data-id=\"babaa77\" data-element_type=\"column\">\n\t\t\t<div class=\"elementor-widget-wrap elementor-element-populated\">\n\t\t\t\t\t\t<div class=\"elementor-element elementor-element-b30d3ef elementor-widget elementor-widget-text-editor\" data-id=\"b30d3ef\" data-element_type=\"widget\" data-widget_type=\"text-editor.default\">\n\t\t\t\t<div class=\"elementor-widget-container\">\n\t\t\t\t\t\t\t\t\t<p style=\"text-align: center\"><strong>Clave de Fa<\/strong><\/p><p><a href=\"https:\/\/aprendomusica.com\/const2\/14cazanotasclavefa\/game.html\" target=\"new\"><img decoding=\"async\" class=\"img-fluid center aligncenter\" src=\"https:\/\/aprendomusica.com\/imagen\/cards\/14cazanotasclavefa.png\" alt=\"Atrapa Notas en clave de fa\" width=\"209\" height=\"174\" \/><\/a><\/p><p>\u00a0<\/p>\t\t\t\t\t\t\t\t<\/div>\n\t\t\t\t<\/div>\n\t\t\t\t\t<\/div>\n\t\t<\/div>\n\t\t\t\t\t<\/div>\n\t\t<\/section>\n\t\t\t\t<section class=\"elementor-section elementor-top-section elementor-element elementor-element-b9d0e0a elementor-section-boxed elementor-section-height-default elementor-section-height-default\" data-id=\"b9d0e0a\" data-element_type=\"section\">\n\t\t\t\t\t\t<div class=\"elementor-container elementor-column-gap-default\">\n\t\t\t\t\t<div class=\"elementor-column elementor-col-100 elementor-top-column elementor-element elementor-element-c1cf495\" data-id=\"c1cf495\" data-element_type=\"column\">\n\t\t\t<div class=\"elementor-widget-wrap elementor-element-populated\">\n\t\t\t\t\t\t<div class=\"elementor-element elementor-element-8ef1565 elementor-widget elementor-widget-text-editor\" data-id=\"8ef1565\" data-element_type=\"widget\" data-widget_type=\"text-editor.default\">\n\t\t\t\t<div class=\"elementor-widget-container\">\n\t\t\t\t\t\t\t\t\t<h3>Dictados Mel\u00f3dicos y R\u00edtmicos<\/h3>\t\t\t\t\t\t\t\t<\/div>\n\t\t\t\t<\/div>\n\t\t\t\t\t<\/div>\n\t\t<\/div>\n\t\t\t\t\t<\/div>\n\t\t<\/section>\n\t\t\t\t<section class=\"elementor-section elementor-top-section elementor-element elementor-element-08eb67b elementor-section-boxed elementor-section-height-default elementor-section-height-default\" data-id=\"08eb67b\" data-element_type=\"section\">\n\t\t\t\t\t\t<div class=\"elementor-container elementor-column-gap-default\">\n\t\t\t\t\t<div class=\"elementor-column elementor-col-50 elementor-top-column elementor-element elementor-element-c1b346a\" data-id=\"c1b346a\" data-element_type=\"column\">\n\t\t\t<div class=\"elementor-widget-wrap elementor-element-populated\">\n\t\t\t\t\t\t<div class=\"elementor-element elementor-element-35eb87f elementor-widget elementor-widget-text-editor\" data-id=\"35eb87f\" data-element_type=\"widget\" data-widget_type=\"text-editor.default\">\n\t\t\t\t<div class=\"elementor-widget-container\">\n\t\t\t\t\t\t\t\t\t<p style=\"text-align: center\"><strong>Dictados R\u00edtmicos<\/strong><\/p><p><a href=\"https:\/\/aprendomusica.com\/const2\/30dictadoritmico1\/game.html\" target=\"new\"><img decoding=\"async\" class=\"img-fluid center aligncenter\" src=\"https:\/\/aprendomusica.com\/imagen\/cards\/30dictadoritmico1A.png\" alt=\"Dictado ritmico 1\" \/><\/a><a href=\"https:\/\/aprendomusica.com\/const2\/29dictadoritmico2\/game.html\" target=\"new\"><img decoding=\"async\" class=\"img-fluid center aligncenter\" src=\"https:\/\/aprendomusica.com\/imagen\/cards\/29dictadoritmico2A.png\" alt=\"Dictado ritmico\" \/><\/a><\/p><p><a href=\"https:\/\/aprendomusica.com\/const2\/17ritmo4compases1\/game.html\" target=\"new\"><img decoding=\"async\" class=\"img-fluid center aligncenter\" src=\"https:\/\/aprendomusica.com\/imagen\/cards\/17ritmo4compases1a.png\" alt=\"Ritmo4compases1\" \/><\/a><\/p><p>\u00a0<\/p><p>\u00a0<\/p><p>\u00a0<\/p>\t\t\t\t\t\t\t\t<\/div>\n\t\t\t\t<\/div>\n\t\t\t\t\t<\/div>\n\t\t<\/div>\n\t\t\t\t<div class=\"elementor-column elementor-col-50 elementor-top-column elementor-element elementor-element-848398e\" data-id=\"848398e\" data-element_type=\"column\">\n\t\t\t<div class=\"elementor-widget-wrap elementor-element-populated\">\n\t\t\t\t\t\t<div class=\"elementor-element elementor-element-b48ef60 elementor-widget elementor-widget-text-editor\" data-id=\"b48ef60\" data-element_type=\"widget\" data-widget_type=\"text-editor.default\">\n\t\t\t\t<div class=\"elementor-widget-container\">\n\t\t\t\t\t\t\t\t\t<p style=\"text-align: center\"><strong>Dictados Mel\u00f3dicos<\/strong><\/p><p style=\"text-align: center\"><a href=\"https:\/\/www.teoria.com\/es\/ejercicios\/ne.php?o=0;0;0;C;D;E;F;G;groupSize=5;showFirst;tempo=1600;clef=g;answerMode=keyb;\">Nivel 1: Do Re Mi Fa Sol<\/a><\/p><p style=\"text-align: center\"><a href=\"https:\/\/www.teoria.com\/es\/ejercicios\/kne.php?o=0;0;0;I_IV_V;groupSize=4;tempo=3500;clef=g;ks=C;answerMode=keyb;mode=major;\">Nivel 2 : Escala de Do<\/a><\/p><p style=\"text-align: center\">Nivel 3:\u00a0 En proceso<\/p><p style=\"text-align: center\"><a href=\"https:\/\/musescore.com\/cemlapalmera\/scores\/6143427\">Nivel 4: Mis primeros Dictados<\/a><\/p><p>\u00a0<\/p>\t\t\t\t\t\t\t\t<\/div>\n\t\t\t\t<\/div>\n\t\t\t\t\t<\/div>\n\t\t<\/div>\n\t\t\t\t\t<\/div>\n\t\t<\/section>\n\t\t\t\t<section class=\"elementor-section elementor-top-section elementor-element elementor-element-56fff98 elementor-section-boxed elementor-section-height-default elementor-section-height-default\" data-id=\"56fff98\" data-element_type=\"section\">\n\t\t\t\t\t\t<div class=\"elementor-container elementor-column-gap-default\">\n\t\t\t\t\t<div class=\"elementor-column elementor-col-100 elementor-top-column elementor-element elementor-element-733f577\" data-id=\"733f577\" data-element_type=\"column\">\n\t\t\t<div class=\"elementor-widget-wrap elementor-element-populated\">\n\t\t\t\t\t\t<div class=\"elementor-element elementor-element-6ea1569 elementor-widget elementor-widget-text-editor\" data-id=\"6ea1569\" data-element_type=\"widget\" data-widget_type=\"text-editor.default\">\n\t\t\t\t<div class=\"elementor-widget-container\">\n\t\t\t\t\t\t\t\t\t<h3>Trivial: Preguntas de Teor\u00eda<\/h3><p><a href=\"https:\/\/aprendomusica.com\/const2\/21trivial1\/game.html\" target=\"new\"><img loading=\"lazy\" decoding=\"async\" class=\"img-fluid center aligncenter\" src=\"https:\/\/aprendomusica.com\/imagen\/cards\/21Trivial1A.png\" alt=\"Trivial 1\" width=\"230\" height=\"192\" \/><\/a><\/p><p>\u00a0<\/p>\t\t\t\t\t\t\t\t<\/div>\n\t\t\t\t<\/div>\n\t\t\t\t\t<\/div>\n\t\t<\/div>\n\t\t\t\t\t<\/div>\n\t\t<\/section>\n\t\t\t\t<section class=\"elementor-section elementor-top-section elementor-element elementor-element-7f28c73 elementor-section-boxed elementor-section-height-default elementor-section-height-default\" data-id=\"7f28c73\" data-element_type=\"section\">\n\t\t\t\t\t\t<div class=\"elementor-container elementor-column-gap-default\">\n\t\t\t\t\t<div class=\"elementor-column elementor-col-100 elementor-top-column elementor-element elementor-element-6edac7e\" data-id=\"6edac7e\" data-element_type=\"column\">\n\t\t\t<div class=\"elementor-widget-wrap elementor-element-populated\">\n\t\t\t\t\t\t<div class=\"elementor-element elementor-element-889b2d3 elementor-widget elementor-widget-text-editor\" data-id=\"889b2d3\" data-element_type=\"widget\" data-widget_type=\"text-editor.default\">\n\t\t\t\t<div class=\"elementor-widget-container\">\n\t\t\t\t\t\t\t\t\t<p style=\"text-align: center\">https:\/\/aprendomusica.com\/<\/p>\t\t\t\t\t\t\t\t<\/div>\n\t\t\t\t<\/div>\n\t\t\t\t\t<\/div>\n\t\t<\/div>\n\t\t\t\t\t<\/div>\n\t\t<\/section>\n\t\t\t\t<\/div>\n\t\t","protected":false},"excerpt":{"rendered":"<p>L\u00edneas y espacios \u00a0 Atrapa la nota: Aprendemos el nombre de las notas Clave de Sol Clave de Fa \u00a0 Dictados Mel\u00f3dicos y R\u00edtmicos Dictados R\u00edtmicos \u00a0 \u00a0 \u00a0 Dictados Mel\u00f3dicos Nivel 1: Do&#46;&#46;&#46;<\/p>\n","protected":false},"author":9762,"featured_media":0,"parent":23,"menu_order":0,"comment_status":"closed","ping_status":"closed","template":"","meta":{"ngg_post_thumbnail":0,"footnotes":""},"aioseo_notices":[],"_links":{"self":[{"href":"https:\/\/blogsaverroes.juntadeandalucia.es\/pablolenguajemusical\/wp-json\/wp\/v2\/pages\/1062"}],"collection":[{"href":"https:\/\/blogsaverroes.juntadeandalucia.es\/pablolenguajemusical\/wp-json\/wp\/v2\/pages"}],"about":[{"href":"https:\/\/blogsaverroes.juntadeandalucia.es\/pablolenguajemusical\/wp-json\/wp\/v2\/types\/page"}],"author":[{"embeddable":true,"href":"https:\/\/blogsaverroes.juntadeandalucia.es\/pablolenguajemusical\/wp-json\/wp\/v2\/users\/9762"}],"replies":[{"embeddable":true,"href":"https:\/\/blogsaverroes.juntadeandalucia.es\/pablolenguajemusical\/wp-json\/wp\/v2\/comments?post=1062"}],"version-history":[{"count":10,"href":"https:\/\/blogsaverroes.juntadeandalucia.es\/pablolenguajemusical\/wp-json\/wp\/v2\/pages\/1062\/revisions"}],"predecessor-version":[{"id":1075,"href":"https:\/\/blogsaverroes.juntadeandalucia.es\/pablolenguajemusical\/wp-json\/wp\/v2\/pages\/1062\/revisions\/1075"}],"up":[{"embeddable":true,"href":"https:\/\/blogsaverroes.juntadeandalucia.es\/pablolenguajemusical\/wp-json\/wp\/v2\/pages\/23"}],"wp:attachment":[{"href":"https:\/\/blogsaverroes.juntadeandalucia.es\/pablolenguajemusical\/wp-json\/wp\/v2\/media?parent=1062"}],"curies":[{"name":"wp","href":"https:\/\/api.w.org\/{rel}","templated":true}]}}