{"id":438,"date":"2020-09-25T11:46:31","date_gmt":"2020-09-25T09:46:31","guid":{"rendered":"https:\/\/blogsaverroes.juntadeandalucia.es\/pablolenguajemusical\/?page_id=438"},"modified":"2020-09-25T12:22:52","modified_gmt":"2020-09-25T10:22:52","slug":"blackboard","status":"publish","type":"page","link":"https:\/\/blogsaverroes.juntadeandalucia.es\/pablolenguajemusical\/blackboard\/","title":{"rendered":"Plataforma Blackboard Collaborate"},"content":{"rendered":"\t\t<div data-elementor-type=\"wp-page\" data-elementor-id=\"438\" class=\"elementor elementor-438\">\n\t\t\t\t\t\t<section class=\"elementor-section elementor-top-section elementor-element elementor-element-ef1476f elementor-section-boxed elementor-section-height-default elementor-section-height-default\" data-id=\"ef1476f\" data-element_type=\"section\">\n\t\t\t\t\t\t<div class=\"elementor-container elementor-column-gap-default\">\n\t\t\t\t\t<div class=\"elementor-column elementor-col-50 elementor-top-column elementor-element elementor-element-190f297\" data-id=\"190f297\" data-element_type=\"column\">\n\t\t\t<div class=\"elementor-widget-wrap elementor-element-populated\">\n\t\t\t\t\t\t<div class=\"elementor-element elementor-element-1a4225dd elementor-widget elementor-widget-text-editor\" data-id=\"1a4225dd\" data-element_type=\"widget\" data-widget_type=\"text-editor.default\">\n\t\t\t\t<div class=\"elementor-widget-container\">\n\t\t\t\t\t\t\t\t\t<h3 style=\"text-align: left\">Enlace a la plataforma<\/h3><p><a href=\"https:\/\/eu.bbcollab.com\/guest\/0a8f19febf64443a9b143a7f5c8606d0\"><img decoding=\"async\" class=\"\" src=\"https:\/\/lh4.googleusercontent.com\/lFMyY-yry0rFZ1ZV2GpkMFjV0_IWhY51ujnkUD_6jZik2L2ywV3xiBVCFzMBvBmrn2PyYMM3AwJQRgPLDRpi9q76gTTdi6HpqyI_FWSFW-yHL0q0pnim8auBzT7IqGmP-vMgnuHz\" alt=\"Blackboard Collaborate - IDEA Toolbox\" width=\"222\" height=\"102\" \/><\/a><a href=\"https:\/\/eu.bbcollab.com\/guest\/0a8f19febf64443a9b143a7f5c8606d0\"><img decoding=\"async\" class=\"\" src=\"https:\/\/www.uc3m.es\/ss\/Satellite?blobcol=urldata&amp;blobkey=id&amp;blobtable=MungoBlobs&amp;blobwhere=1371570517652&amp;ssbinary=true\" alt=\"Blackboard Collaborate: salas virtuales | UC3M\" width=\"115\" height=\"115\" \/><\/a><\/p><h6>\u00a0<\/h6><h6>Es obligatorio que al entrar\u00a0 el nombre del alumnado:<\/h6><h6>\u00a0 \u00a0 \u00a0<em> \u00a0Ejemplo:<\/em>\u00a0 \u00a0 \u00a0Apelido1\u00a0 \u00a0 Apellido2,\u00a0 \u00a0 \u00a0Nombre.\u00a0<\/h6><p>\u00a0<\/p><h6 style=\"text-align: left\">Se recomienda el uso de Tablet u Ordenador aunque la aplicaci\u00f3n es compatible con m\u00f3viles. Puedes entrar en cualquier momento para probar la aplicaci\u00f3n.<\/h6>\t\t\t\t\t\t\t\t<\/div>\n\t\t\t\t<\/div>\n\t\t\t\t\t<\/div>\n\t\t<\/div>\n\t\t\t\t<div class=\"elementor-column elementor-col-50 elementor-top-column elementor-element elementor-element-4ac66e4\" data-id=\"4ac66e4\" data-element_type=\"column\">\n\t\t\t<div class=\"elementor-widget-wrap elementor-element-populated\">\n\t\t\t\t\t\t<div class=\"elementor-element elementor-element-4802720 elementor-widget elementor-widget-text-editor\" data-id=\"4802720\" data-element_type=\"widget\" data-widget_type=\"text-editor.default\">\n\t\t\t\t<div class=\"elementor-widget-container\">\n\t\t\t\t\t\t\t\t\t<h3 style=\"text-align: right\">Calendario<iframe src=\"https:\/\/calendar.google.com\/calendar\/embed?height=800&amp;wkst=2&amp;bgcolor=%23ffffff&amp;ctz=Europe%2FMadrid&amp;src=cGFibG9sZW5ndWFqZW11c2ljYWxAZ21haWwuY29t&amp;color=%23039BE5&amp;showCalendars=0&amp;showTz=0&amp;showTabs=0&amp;showPrint=0&amp;showDate=1&amp;showNav=0&amp;showTitle=0\" width=\"800\" height=\"450\" frameborder=\"0\" scrolling=\"no\"><span data-mce-type=\"bookmark\" style=\"width: 0px;overflow: hidden;line-height: 0\" class=\"mce_SELRES_start\">\ufeff<\/span><span data-mce-type=\"bookmark\" style=\"width: 0px;overflow: hidden;line-height: 0\" class=\"mce_SELRES_start\">\ufeff<\/span><span data-mce-type=\"bookmark\" style=\"width: 0px;overflow: hidden;line-height: 0\" class=\"mce_SELRES_start\">\ufeff<\/span><\/iframe><br \/><a class=\"myButton\" href=\"https:\/\/calendar.google.com\/calendar\/embed?src=pablolenguajemusical%40gmail.com&amp;ctz=Europe%2FMadrid\">\u00a0 A m p l i a r\u00a0\u00a0<\/a><\/h3>\t\t\t\t\t\t\t\t<\/div>\n\t\t\t\t<\/div>\n\t\t\t\t\t<\/div>\n\t\t<\/div>\n\t\t\t\t\t<\/div>\n\t\t<\/section>\n\t\t\t\t<section class=\"elementor-section elementor-top-section elementor-element elementor-element-7e787e1e elementor-section-boxed elementor-section-height-default elementor-section-height-default\" data-id=\"7e787e1e\" data-element_type=\"section\">\n\t\t\t\t\t\t<div class=\"elementor-container elementor-column-gap-default\">\n\t\t\t\t\t<div class=\"elementor-column elementor-col-100 elementor-top-column elementor-element elementor-element-2f9f0f14\" data-id=\"2f9f0f14\" data-element_type=\"column\">\n\t\t\t<div class=\"elementor-widget-wrap\">\n\t\t\t\t\t\t\t<\/div>\n\t\t<\/div>\n\t\t\t\t\t<\/div>\n\t\t<\/section>\n\t\t\t\t<\/div>\n\t\t","protected":false},"excerpt":{"rendered":"<p>Enlace a la plataforma \u00a0 Es obligatorio que al entrar\u00a0 el nombre del alumnado: \u00a0 \u00a0 \u00a0 \u00a0Ejemplo:\u00a0 \u00a0 \u00a0Apelido1\u00a0 \u00a0 Apellido2,\u00a0 \u00a0 \u00a0Nombre.\u00a0 \u00a0 Se recomienda el uso de Tablet u Ordenador aunque&#46;&#46;&#46;<\/p>\n","protected":false},"author":9762,"featured_media":0,"parent":0,"menu_order":0,"comment_status":"closed","ping_status":"closed","template":"","meta":{"ngg_post_thumbnail":0,"footnotes":""},"aioseo_notices":[],"_links":{"self":[{"href":"https:\/\/blogsaverroes.juntadeandalucia.es\/pablolenguajemusical\/wp-json\/wp\/v2\/pages\/438"}],"collection":[{"href":"https:\/\/blogsaverroes.juntadeandalucia.es\/pablolenguajemusical\/wp-json\/wp\/v2\/pages"}],"about":[{"href":"https:\/\/blogsaverroes.juntadeandalucia.es\/pablolenguajemusical\/wp-json\/wp\/v2\/types\/page"}],"author":[{"embeddable":true,"href":"https:\/\/blogsaverroes.juntadeandalucia.es\/pablolenguajemusical\/wp-json\/wp\/v2\/users\/9762"}],"replies":[{"embeddable":true,"href":"https:\/\/blogsaverroes.juntadeandalucia.es\/pablolenguajemusical\/wp-json\/wp\/v2\/comments?post=438"}],"version-history":[{"count":7,"href":"https:\/\/blogsaverroes.juntadeandalucia.es\/pablolenguajemusical\/wp-json\/wp\/v2\/pages\/438\/revisions"}],"predecessor-version":[{"id":452,"href":"https:\/\/blogsaverroes.juntadeandalucia.es\/pablolenguajemusical\/wp-json\/wp\/v2\/pages\/438\/revisions\/452"}],"wp:attachment":[{"href":"https:\/\/blogsaverroes.juntadeandalucia.es\/pablolenguajemusical\/wp-json\/wp\/v2\/media?parent=438"}],"curies":[{"name":"wp","href":"https:\/\/api.w.org\/{rel}","templated":true}]}}