{"id":549,"date":"2020-10-06T13:02:55","date_gmt":"2020-10-06T11:02:55","guid":{"rendered":"https:\/\/blogsaverroes.juntadeandalucia.es\/pablolenguajemusical\/?page_id=549"},"modified":"2020-12-02T12:19:03","modified_gmt":"2020-12-02T11:19:03","slug":"compases","status":"publish","type":"page","link":"https:\/\/blogsaverroes.juntadeandalucia.es\/pablolenguajemusical\/compases\/","title":{"rendered":"Compases simples y compuestos"},"content":{"rendered":"\t\t<div data-elementor-type=\"wp-page\" data-elementor-id=\"549\" class=\"elementor elementor-549\">\n\t\t\t\t\t\t<section class=\"elementor-section elementor-top-section elementor-element elementor-element-6d7d011b elementor-section-boxed elementor-section-height-default elementor-section-height-default\" data-id=\"6d7d011b\" data-element_type=\"section\">\n\t\t\t\t\t\t<div class=\"elementor-container elementor-column-gap-default\">\n\t\t\t\t\t<div class=\"elementor-column elementor-col-100 elementor-top-column elementor-element elementor-element-3aab38c7\" data-id=\"3aab38c7\" data-element_type=\"column\">\n\t\t\t<div class=\"elementor-widget-wrap elementor-element-populated\">\n\t\t\t\t\t\t<div class=\"elementor-element elementor-element-13f5c8a7 elementor-widget elementor-widget-text-editor\" data-id=\"13f5c8a7\" data-element_type=\"widget\" data-widget_type=\"text-editor.default\">\n\t\t\t\t<div class=\"elementor-widget-container\">\n\t\t\t\t\t\t\t\t\t<h6 style=\"text-align: right\">\u00a0<\/h6><h3><strong>1.1 \u00bfQu\u00e9 es un comp\u00e1s? CIFRADO DE COMPASES<\/strong><\/h3><p>Un comp\u00e1s es un s\u00edmbolo que delimita conjuntos de pulsos, formando \u00abcajones\u00bb donde podemos encontrar una serie de figuras. Es el \u00ablienzo\u00bb donde se encuentra escrita la m\u00fasica y da orden a los pulsos y a las figuras.<\/p><p><img decoding=\"async\" src=\"http:\/\/mariajesuscamino.com\/exe\/actividad-compases\/Captura_de_pantalla_2016-04-26_a_las_21.10.22.png\" alt=\"los compases\" \/><\/p><h3><img fetchpriority=\"high\" decoding=\"async\" class=\"aligncenter size-thumbnail\" src=\"https:\/\/blogsaverroes.juntadeandalucia.es\/pablolenguajemusical\/files\/2020\/10\/diagrama-compases.png\" width=\"985\" height=\"635\" \/><\/h3><p>Se conforma por dos n\u00fameros que por su similitud a las fracciones matem\u00e1ticas los llamamos: <strong>Numerador <\/strong>(numero superior) y <strong>Denominador<\/strong> (n\u00famero inferior).<\/p><p>El n\u00famero superior nos indica el <strong>n\u00famero de pulsos<\/strong>* y el n\u00famero de abajo nos indica una <strong>figura musical.<\/strong><\/p><p><img decoding=\"async\" class=\"alignleft\" src=\"https:\/\/mcarmenfer.files.wordpress.com\/2011\/01\/dosporcuatro.jpg\" alt=\"Resultado de imagen de compases que significa\" width=\"423\" height=\"314\" \/><\/p><ul><li><h4>Pensamos:\u00bfPor qu\u00e9 el n\u00famero de abajo es 4 para la negra u 8 para la corchea?<\/h4><\/li><\/ul><p>La respuesta es: <em>El n\u00famero de abajo es cu\u00e1ntas veces esa figura est\u00e1 contenida en una rendonda. Por ejemplo:una negra es 4 porque en una redonda caben 4 negras.<\/em><\/p><h3><strong>1.2 Compases regulares<\/strong><\/h3><p>Los compases regulares son los m\u00e1s comunes; <strong>son aquellos que tienen 2, 3 o 4 pulsos.<\/strong> Hist\u00f3ricamente se ha llamado a los compases de dos pulsos, compases binarios, a los de tres, compases ternarios y a los de cuatro, compases cuaternarios. Pero <b>no debemos confundir el n\u00famero de pulsos con su subdivisi\u00f3n.<\/b><\/p><p>Existen dos tipos de compases regulares.<\/p><table style=\"border-collapse: collapse;width: 100%\"><tbody><tr><td style=\"width: 50%\"><p style=\"padding: 2px 6px 4px 6px;color: #555555;background-color: #eeeeee;border: #dddddd 2px solid\"><strong>Compases de Subdivisi\u00f3n Binaria<\/strong><\/p><ul><li>Numerador : 2, 3 o 4.<\/li><li>Su n\u00famero de pulsos <strong>coincide<\/strong> siendo 2 (dos pulsos) , 3 (3 pulsos) o 4 ( 4 pulsos).<\/li><li>La figura del pulso <strong>coincide<\/strong>.<ul><li style=\"list-style-type: none\"><ul style=\"list-style-type: circle\"><li>Ej: <em>Un 3\/2 tiene tres pulsos de <img decoding=\"async\" class=\"\" src=\"https:\/\/www.escribircanciones.com.ar\/images\/teoriamusical\/imagenesdenotasmusicales\/blanca.png\" width=\"26\" height=\"25\" \/><\/em><\/li><\/ul><\/li><\/ul><\/li><\/ul><p><img decoding=\"async\" src=\"https:\/\/auladelenguajemusical.files.wordpress.com\/2016\/10\/simples.jpg?w=584&amp;h=75\" alt=\"simples\" \/><\/p><\/td><td style=\"width: 50%\"><p style=\"padding: 2px 6px 4px 6px;color: #555555;background-color: #eeeeee;border: #dddddd 2px solid\"><strong>Compases de Subdivisi\u00f3n Ternaria<\/strong><\/p><ul><li>Numerador 6,9 o 12.<\/li><li>Su n\u00famero de pulsos <strong>se multiplica por tres<\/strong>, siendo 6 (2 pulsos) , 9 (3 pulsos) o 12 (4 pulsos).<\/li><li>La figura del pulso <strong>se multiplica por tres.<\/strong><br \/><ul style=\"list-style-type: circle\"><li>Ej: <em>Un 6\/8 tiene dos pulsos de <img loading=\"lazy\" decoding=\"async\" class=\"\" src=\"http:\/\/upload.wikimedia.org\/wikipedia\/commons\/thumb\/c\/c4\/Dotted_quarter_note_with_upwards_stem.svg\/200px-Dotted_quarter_note_with_upwards_stem.svg.png\" alt=\"Resultado de imagen de negra con puntillo\" width=\"13\" height=\"21\" \/><\/em><\/li><\/ul><\/li><\/ul><p><img decoding=\"async\" src=\"https:\/\/auladelenguajemusical.files.wordpress.com\/2016\/10\/compases-compuestos.jpg?w=584\" alt=\"compases-compuestos\" \/><\/p><\/td><\/tr><\/tbody><\/table><ul><li style=\"list-style-type: none\">\u00a0<\/li><\/ul><h3><b>1.3 Glosario de t\u00e9rminos<\/b><\/h3><table style=\"border-collapse: collapse;width: 100%\"><tbody><tr><td style=\"width: 9.26544%\"><h3>UP<\/h3><\/td><td style=\"width: 90.7346%\"><h4>La figura o <strong>unidad de pulso<\/strong> es la figura que marca un pulso, si el comp\u00e1s es de 2\/4 es la <img loading=\"lazy\" decoding=\"async\" class=\"\" src=\"https:\/\/d30y9cdsu7xlg0.cloudfront.net\/png\/98893-200.png\" width=\"24\" height=\"26\" \/><\/h4><\/td><\/tr><tr><td style=\"width: 9.26544%\"><h3>UC<\/h3><\/td><td style=\"width: 90.7346%\"><h4>La figura o <strong>unidad de comp\u00e1s <\/strong>es la figura que <strong>completa<\/strong> un comp\u00e1s: En 2\/4 es la <em><img decoding=\"async\" class=\"\" src=\"https:\/\/www.escribircanciones.com.ar\/images\/teoriamusical\/imagenesdenotasmusicales\/blanca.png\" width=\"26\" height=\"25\" \/><\/em><\/h4><\/td><\/tr><tr><td style=\"width: 9.26544%\"><h3>Sub<\/h3><\/td><td style=\"width: 90.7346%\"><h4>La figura o <strong>unidad de subdivisi\u00f3n\/parte <\/strong>es seg\u00fan el <strong>tipo de subdivisi\u00f3n<\/strong>: la mitad (subdivisi\u00f3n binaria) o un tercio (subdivisi\u00f3n ternaria) de la unidad de pulso. En 2\/4 es la <img loading=\"lazy\" decoding=\"async\" class=\"\" src=\"https:\/\/www.escribircanciones.com.ar\/images\/teoriamusical\/imagenesdenotasmusicales\/corchea.png\" width=\"18\" height=\"25\" \/><\/h4><\/td><\/tr><\/tbody><\/table><ul><li>Video Tutorial por Carlos y Alberto<\/li><\/ul><h3 style=\"text-align: center\"><iframe src=\"https:\/\/www.youtube.com\/embed\/e-v1Bn7J31g\" width=\"640\" height=\"360\" frameborder=\"0\"><\/iframe><\/h3><h2>Ejercicios Auditivos de ejemplo de compases habituales<\/h2><h4 style=\"text-align: center\">EJEMPLOS DE COMPASES SIMPLES<\/h4><table style=\"border-collapse: collapse;width: 100%;height: 464px\"><tbody><tr style=\"height: 44px\"><td style=\"width: 50%;height: 44px\"><b>COMP\u00c1S SIMPLE DE DOS POR CUATRO 2\/4<\/b><\/td><td style=\"width: 50%;height: 44px\"><b>COMP\u00c1S SIMPLE DE TRES POR CUATRO 3\/4<\/b><\/td><\/tr><tr style=\"height: 21px\"><td style=\"width: 50%;height: 21px\"><b><a style=\"clear: left;margin-bottom: 1em;margin-right: 1em\" href=\"https:\/\/4.bp.blogspot.com\/-Fv9VN2REu0g\/WdG4YGknRZI\/AAAAAAAAAek\/8GImX_1juTwTtDWKlmPYyZ7XeyN_zpyngCEwYBhgL\/s1600\/DOS-POR-CUATRO.PNG\"><img loading=\"lazy\" decoding=\"async\" class=\"alignleft\" title=\"Tenemos 2 tiempos en nuestros compases. La figura que forma un tiempo es la negra\" src=\"https:\/\/4.bp.blogspot.com\/-Fv9VN2REu0g\/WdG4YGknRZI\/AAAAAAAAAek\/8GImX_1juTwTtDWKlmPYyZ7XeyN_zpyngCEwYBhgL\/s400\/DOS-POR-CUATRO.PNG\" alt=\"Signatura de tiempo 2 por 4\" width=\"400\" height=\"71\" border=\"0\" data-original-height=\"106\" data-original-width=\"569\" \/><\/a><\/b><\/td><td style=\"width: 50%;height: 21px\"><a style=\"clear: left;margin-bottom: 1em;margin-right: 1em\" href=\"https:\/\/4.bp.blogspot.com\/-f5UXeGPXNYM\/WdG4a5u4VAI\/AAAAAAAAAe8\/rP5PHQNIKEkHp6tjt56TghrTgu0b2NkFQCEwYBhgL\/s1600\/TRES-POR-CUATRO.PNG\"><img loading=\"lazy\" decoding=\"async\" title=\"Tenemos 3 tiempos en nuestros compases. La figura que forma un tiempo es la negra\" src=\"https:\/\/4.bp.blogspot.com\/-f5UXeGPXNYM\/WdG4a5u4VAI\/AAAAAAAAAe8\/rP5PHQNIKEkHp6tjt56TghrTgu0b2NkFQCEwYBhgL\/s640\/TRES-POR-CUATRO.PNG\" alt=\"Signatura de tiempo 3 por 4\" width=\"640\" height=\"104\" border=\"0\" data-original-height=\"127\" data-original-width=\"771\" \/><\/a><\/td><\/tr><tr style=\"height: 302px\"><td style=\"width: 50%;height: 10px\"><p><audio style=\"background-image: url('img\/object.gif')\" controls=\"controls\">\n<p><\/p><\/audio><b><br \/><\/b><\/p><\/td><td style=\"width: 50%;height: 10px\"><p><audio controls=\"controls\">\n<p><\/p><\/audio><\/p><\/td><\/tr><tr style=\"height: 44px\"><td style=\"width: 50%;height: 44px\"><b>COMP\u00c1S SIMPLE DE CUATRO POR CUATRO 4\/4<\/b><\/td><td style=\"width: 50%;height: 44px\"><b>COMP\u00c1S SIMPLE DOS POR DOS 2\/2<\/b><\/td><\/tr><tr style=\"height: 43px\"><td style=\"width: 50%;height: 43px\"><a style=\"clear: left;margin-bottom: 1em;margin-right: 1em\" href=\"https:\/\/1.bp.blogspot.com\/-cN2tNAmLEaM\/WdG4XR75ZHI\/AAAAAAAAAeY\/V7wEejNiX-AUXIsagAKOJo3Nfsil2IkjACEwYBhgL\/s1600\/CUATRO-POR-CUATRO.PNG\"><img loading=\"lazy\" decoding=\"async\" title=\"Tenemos 4 tiempos en nuestros compases. La figura que forma un tiempo es la negra\" src=\"https:\/\/1.bp.blogspot.com\/-cN2tNAmLEaM\/WdG4XR75ZHI\/AAAAAAAAAeY\/V7wEejNiX-AUXIsagAKOJo3Nfsil2IkjACEwYBhgL\/s640\/CUATRO-POR-CUATRO.PNG\" alt=\"Signatura de tiempo 4 por 4\" width=\"640\" height=\"81\" border=\"0\" data-original-height=\"108\" data-original-width=\"837\" \/><\/a><b><br \/><\/b><\/td><td style=\"width: 50%;height: 43px\"><a style=\"clear: left;margin-bottom: 1em;margin-right: 1em\" href=\"https:\/\/1.bp.blogspot.com\/-r1mirANUvBc\/WdG4YcN5TYI\/AAAAAAAAAeo\/4z6GHzBSIOknlwhiQ8cHTipBX8G05EBxgCEwYBhgL\/s1600\/DOS-POR-DOS.PNG\"><img loading=\"lazy\" decoding=\"async\" title=\"Tenemos 2 tiempos en nuestros compases. La figura que forma un tiempo es la blanca\" src=\"https:\/\/1.bp.blogspot.com\/-r1mirANUvBc\/WdG4YcN5TYI\/AAAAAAAAAeo\/4z6GHzBSIOknlwhiQ8cHTipBX8G05EBxgCEwYBhgL\/s640\/DOS-POR-DOS.PNG\" alt=\"Signatura de tiempo 2 por 2\" width=\"640\" height=\"72\" border=\"0\" data-original-height=\"111\" data-original-width=\"968\" \/><\/a><\/td><\/tr><tr style=\"height: 302px\"><td style=\"width: 50%;height: 302px\"><p><audio controls=\"controls\">\n<p><\/p><\/audio><\/p><\/td><td style=\"width: 50%;height: 302px\"><p><audio controls=\"controls\">\n<p><\/p><\/audio><\/p><\/td><\/tr><\/tbody><\/table><h4 style=\"text-align: center\">EJEMPLOS DE COMPASES COMPUESTOS<\/h4><table style=\"border-collapse: collapse;width: 100%\"><tbody><tr><td style=\"width: 50%\"><b>COMP\u00c1S COMPUESTO DE SEIS POR OCHO 6\/8<\/b><\/td><td style=\"width: 50%\"><b>COMP\u00c1S COMPUESTO DE NUEVE POR OCHO 9\/8<\/b><\/td><\/tr><tr><td style=\"width: 50%\"><a style=\"clear: left;margin-bottom: 1em;margin-right: 1em\" href=\"https:\/\/3.bp.blogspot.com\/-BOFI_JgdHGk\/WdG4aRBLhkI\/AAAAAAAAAe4\/ikh298lzYbcHlpaaXYJgpPdl5TgnI7nNQCEwYBhgL\/s1600\/SEIS-POR-OCHO.PNG\"><img loading=\"lazy\" decoding=\"async\" title=\"Tenemos 2 tiempos en nuestros compases. La figura que forma un tiempo es la negra con puntillo\" src=\"https:\/\/3.bp.blogspot.com\/-BOFI_JgdHGk\/WdG4aRBLhkI\/AAAAAAAAAe4\/ikh298lzYbcHlpaaXYJgpPdl5TgnI7nNQCEwYBhgL\/s640\/SEIS-POR-OCHO.PNG\" alt=\"Signatura de tiempo 6 por 8\" width=\"640\" height=\"100\" border=\"0\" data-original-height=\"134\" data-original-width=\"832\" \/><\/a><b><br \/><\/b><\/td><td style=\"width: 50%\"><a style=\"clear: left;margin-bottom: 1em;margin-right: 1em\" href=\"https:\/\/4.bp.blogspot.com\/-VGs-U-6FlRk\/WdG4ZTpFv2I\/AAAAAAAAAew\/yn1XZk_PU8sDK7cMGEymFTXCAs4WgrCDACEwYBhgL\/s1600\/NUEVE-POR-OCHO.PNG\"><img loading=\"lazy\" decoding=\"async\" title=\"Tenemos 3 tiempos en nuestros compases. La figura que forma un tiempo es la negra con puntillo\" src=\"https:\/\/4.bp.blogspot.com\/-VGs-U-6FlRk\/WdG4ZTpFv2I\/AAAAAAAAAew\/yn1XZk_PU8sDK7cMGEymFTXCAs4WgrCDACEwYBhgL\/s640\/NUEVE-POR-OCHO.PNG\" alt=\"Signatura de tiempo 9 por 8\" width=\"640\" height=\"68\" border=\"0\" data-original-height=\"106\" data-original-width=\"970\" \/><\/a><\/td><\/tr><tr><td style=\"width: 50%\"><p><audio controls=\"controls\">\n<p><\/p><\/audio><\/p><\/td><td style=\"width: 50%\"><p><audio controls=\"controls\">\n<p><\/p><\/audio><\/p><\/td><\/tr><\/tbody><\/table><p><b>COMP\u00c1S COMPUESTO DE DOCE POR OCHO 12\/8<\/b><\/p><div class=\"separator\" style=\"clear: both;text-align: center\"><a style=\"clear: left;margin-bottom: 1em;margin-right: 1em\" href=\"https:\/\/4.bp.blogspot.com\/-MCKZUkEGlb4\/WdG4XeEyIgI\/AAAAAAAAAeg\/kUvUw94s3EAQigJl4cPZpQiPygJBziXfwCEwYBhgL\/s1600\/DOCE-POR-OCHO.PNG\"><img loading=\"lazy\" decoding=\"async\" class=\"alignleft\" title=\"Tenemos 4 tiempos en nuestros compases. La figura que forma un tiempo es la negra con puntillo\" src=\"https:\/\/4.bp.blogspot.com\/-MCKZUkEGlb4\/WdG4XeEyIgI\/AAAAAAAAAeg\/kUvUw94s3EAQigJl4cPZpQiPygJBziXfwCEwYBhgL\/s640\/DOCE-POR-OCHO.PNG\" alt=\"Signatura de tiempo 12 por 8\" width=\"640\" height=\"70\" border=\"0\" data-original-height=\"107\" data-original-width=\"961\" \/><\/a><\/div><p><audio controls=\"controls\">\n<p><\/p><\/audio><\/p><h2>\u00a0<\/h2><h2>Profundizamos;<\/h2><h2 style=\"text-align: left;padding-left: 40px\"><span style=\"font-size: 14pt\"><a href=\"https:\/\/es.wikipedia.org\/wiki\/Comp%C3%A1s_de_amalgama\" target=\"_blank\" rel=\"noopener noreferrer\">\u00bfqu\u00e9 es un comp\u00e1s de amalgama?<\/a><\/span><\/h2><h2><strong>Actividades<\/strong><\/h2><ul><li><a href=\"http:\/\/www.clasedelenguajemusical.com\/wp-content\/uploads\/Compases1-tabla.pdf\" target=\"_blank\" rel=\"noopener noreferrer\">Pdf para trabajar <\/a>\ud83d\udcc4<\/li><\/ul><ul><li><a href=\"https:\/\/es.educaplay.com\/es\/recursoseducativos\/15201\/_en_que_compas_esta_.htm\">Juego Auditivo 1<\/a> \u00bfEn qu\u00e9 comp\u00e1s est\u00e1?<\/li><li><a href=\"https:\/\/es.educaplay.com\/es\/recursoseducativos\/611954\/_que_compas_suena__.htm\">Juego Auditivo 2<\/a> \u00bfEn qu\u00e9 comp\u00e1s est\u00e1?<\/li><\/ul><ul><li><a href=\"http:\/\/mariajesuscamino.com\/exe\/actividad-compases\/repaso.html\">Ejercicio nivel B\u00e1sico<\/a><\/li><li><a href=\"https:\/\/www.educaplay.com\/learning-resources\/2707926-compases_regulares.html\">Ejercicio de nivel avanzado\u00a0<\/a><\/li><\/ul><ul><li style=\"list-style-type: none\">\u00a0<\/li><\/ul>\t\t\t\t\t\t\t\t<\/div>\n\t\t\t\t<\/div>\n\t\t\t\t\t<\/div>\n\t\t<\/div>\n\t\t\t\t\t<\/div>\n\t\t<\/section>\n\t\t\t\t<\/div>\n\t\t","protected":false},"excerpt":{"rendered":"<p>\u00a0 1.1 \u00bfQu\u00e9 es un comp\u00e1s? CIFRADO DE COMPASES Un comp\u00e1s es un s\u00edmbolo que delimita conjuntos de pulsos, formando \u00abcajones\u00bb donde podemos encontrar una serie de figuras. Es el \u00ablienzo\u00bb donde se encuentra&#46;&#46;&#46;<\/p>\n","protected":false},"author":9762,"featured_media":0,"parent":0,"menu_order":0,"comment_status":"closed","ping_status":"closed","template":"","meta":{"ngg_post_thumbnail":0,"footnotes":""},"aioseo_notices":[],"_links":{"self":[{"href":"https:\/\/blogsaverroes.juntadeandalucia.es\/pablolenguajemusical\/wp-json\/wp\/v2\/pages\/549"}],"collection":[{"href":"https:\/\/blogsaverroes.juntadeandalucia.es\/pablolenguajemusical\/wp-json\/wp\/v2\/pages"}],"about":[{"href":"https:\/\/blogsaverroes.juntadeandalucia.es\/pablolenguajemusical\/wp-json\/wp\/v2\/types\/page"}],"author":[{"embeddable":true,"href":"https:\/\/blogsaverroes.juntadeandalucia.es\/pablolenguajemusical\/wp-json\/wp\/v2\/users\/9762"}],"replies":[{"embeddable":true,"href":"https:\/\/blogsaverroes.juntadeandalucia.es\/pablolenguajemusical\/wp-json\/wp\/v2\/comments?post=549"}],"version-history":[{"count":6,"href":"https:\/\/blogsaverroes.juntadeandalucia.es\/pablolenguajemusical\/wp-json\/wp\/v2\/pages\/549\/revisions"}],"predecessor-version":[{"id":734,"href":"https:\/\/blogsaverroes.juntadeandalucia.es\/pablolenguajemusical\/wp-json\/wp\/v2\/pages\/549\/revisions\/734"}],"wp:attachment":[{"href":"https:\/\/blogsaverroes.juntadeandalucia.es\/pablolenguajemusical\/wp-json\/wp\/v2\/media?parent=549"}],"curies":[{"name":"wp","href":"https:\/\/api.w.org\/{rel}","templated":true}]}}