{"id":719,"date":"2020-12-01T14:28:47","date_gmt":"2020-12-01T13:28:47","guid":{"rendered":"https:\/\/blogsaverroes.juntadeandalucia.es\/pablolenguajemusical\/?page_id=719"},"modified":"2020-12-02T12:57:59","modified_gmt":"2020-12-02T11:57:59","slug":"sincopas","status":"publish","type":"page","link":"https:\/\/blogsaverroes.juntadeandalucia.es\/pablolenguajemusical\/sincopas\/","title":{"rendered":"S\u00edncopas"},"content":{"rendered":"<div id=\"\" class=\"su-heading su-heading-style-default su-heading-align-center\">\n<div class=\"su-heading-inner\"><strong>Mapa Conceptual<\/strong><\/div>\n<\/div>\n<p><img decoding=\"async\" class=\"aligncenter size-large\" src=\"http:\/\/dictadosmusicales.weebly.com\/uploads\/1\/0\/7\/9\/10798912\/5995693.jpg\" width=\"250\" height=\"192\"><\/p>\n<p>&nbsp;<\/p>\n<p><strong>\u00bfQu\u00e9 es por tanto una s\u00edncopa?<\/strong><\/p>\n<p>Pues es un efecto r\u00edtmico que se produce cuando una nota comienza contratiempo y se prolonga albergando en su interior alg\u00fan pulso.<\/p>\n<div class=\"su-divider su-divider-style-default\">&nbsp;<\/div>\n<p><strong>Objetivos<\/strong><\/p>\n<div class=\"su-list\">\n<ul>\n<li><i class=\"sui sui-arrow-circle-right\"><\/i>Reconocer los tiempos y\/o fracciones fuertes y d\u00e9biles e interpretarlos correctamente<\/li>\n<li><i class=\"sui sui-arrow-circle-right\"><\/i>Reconocer la s\u00edncopa en una partitura<\/li>\n<li><i class=\"sui sui-arrow-circle-right\"><\/i>Interpretar correctamente una s\u00edncopa<\/li>\n<\/ul>\n<\/div>\n<div class=\"su-divider su-divider-style-default\">&nbsp;<\/div>\n<p><strong>Escuchamos m\u00fasica<\/strong><\/p>\n<p><iframe src=\"https:\/\/www.noteflight.com\/embed\/7ec4314e4fbfe0df8a5e4a9b6beb07f9d13f9fb3?scale=1\" width=\"750\" height=\"350\"><\/iframe><\/p>\n<div class=\"su-divider su-divider-style-default\">&nbsp;<\/div>\n<div>&nbsp;<\/div>\n<p><strong>Actividades<\/strong><\/p>\n<div class=\"su-list\">\n<ul>\n<li><i class=\"sui sui-external-link\"><\/i><a href=\"https:\/\/es.educaplay.com\/es\/coleccion\/10391\/3\/sincopas.htm\">Juego Interactivo<\/a>&nbsp;Reconocemos la s\u00edncopa<\/li>\n<\/ul>\n<\/div>\n<div class=\"su-list\">\n<ul>\n<li><i class=\"sui sui-users\"><\/i>Actividad de clase:&nbsp;<a href=\"https:\/\/es.educaplay.com\/es\/recursoseducativos\/3085447\/sincopa.htm\">Juego Interactivo.<\/a>&nbsp;Reconocemos la s\u00edncopa de forma auditiva<\/li>\n<\/ul>\n<\/div>\n<div class=\"su-list\">&nbsp;<\/div>\n<div class=\"su-list\">\n<ul>\n<li><i class=\"sui sui-paw\"><\/i>Profundizamos:&nbsp;<a href=\"http:\/\/etimologias.dechile.net\/?si.ncopa\" target=\"_blank\" rel=\"noopener noreferrer\">\u00bfde d\u00f3nde viene la palabra s\u00edncopa?<\/a><\/li>\n<\/ul>\n<\/div>\n","protected":false},"excerpt":{"rendered":"<p>Mapa Conceptual &nbsp; \u00bfQu\u00e9 es por tanto una s\u00edncopa? Pues es un efecto r\u00edtmico que se produce cuando una nota comienza contratiempo y se prolonga albergando en su interior alg\u00fan pulso. &nbsp; Objetivos Reconocer&#46;&#46;&#46;<\/p>\n","protected":false},"author":9762,"featured_media":0,"parent":0,"menu_order":0,"comment_status":"closed","ping_status":"closed","template":"","meta":{"ngg_post_thumbnail":0,"footnotes":""},"aioseo_notices":[],"_links":{"self":[{"href":"https:\/\/blogsaverroes.juntadeandalucia.es\/pablolenguajemusical\/wp-json\/wp\/v2\/pages\/719"}],"collection":[{"href":"https:\/\/blogsaverroes.juntadeandalucia.es\/pablolenguajemusical\/wp-json\/wp\/v2\/pages"}],"about":[{"href":"https:\/\/blogsaverroes.juntadeandalucia.es\/pablolenguajemusical\/wp-json\/wp\/v2\/types\/page"}],"author":[{"embeddable":true,"href":"https:\/\/blogsaverroes.juntadeandalucia.es\/pablolenguajemusical\/wp-json\/wp\/v2\/users\/9762"}],"replies":[{"embeddable":true,"href":"https:\/\/blogsaverroes.juntadeandalucia.es\/pablolenguajemusical\/wp-json\/wp\/v2\/comments?post=719"}],"version-history":[{"count":4,"href":"https:\/\/blogsaverroes.juntadeandalucia.es\/pablolenguajemusical\/wp-json\/wp\/v2\/pages\/719\/revisions"}],"predecessor-version":[{"id":745,"href":"https:\/\/blogsaverroes.juntadeandalucia.es\/pablolenguajemusical\/wp-json\/wp\/v2\/pages\/719\/revisions\/745"}],"wp:attachment":[{"href":"https:\/\/blogsaverroes.juntadeandalucia.es\/pablolenguajemusical\/wp-json\/wp\/v2\/media?parent=719"}],"curies":[{"name":"wp","href":"https:\/\/api.w.org\/{rel}","templated":true}]}}