{"id":62,"date":"2021-04-01T21:25:29","date_gmt":"2021-04-01T19:25:29","guid":{"rendered":"https:\/\/blogsaverroes.juntadeandalucia.es\/pablomates\/?page_id=62"},"modified":"2021-04-12T19:56:42","modified_gmt":"2021-04-12T17:56:42","slug":"acerca-de","status":"publish","type":"page","link":"https:\/\/blogsaverroes.juntadeandalucia.es\/pablomates\/","title":{"rendered":"Acerca de este blog"},"content":{"rendered":"<p>Este es un blog Averroes de prueba que he elaborado para aprender hacer un blog, que era algo que quer\u00eda aprender a hacer desde hac\u00eda tiempo. Estoy haciendo un curso de formaci\u00f3n que consiste en crear y dise\u00f1ar uno. Seguramente luego siga publicando y d\u00e1ndole forma ya de manera m\u00e1s seria.&nbsp;<\/p>\n<p>Me gustar\u00eda que este blog se centrara en la tem\u00e1tica de la docencia y, en concreto, en el \u00e1mbito matem\u00e1tico. En consecuencia, est\u00e1 destinado a un p\u00fablico interesado en estos temas: profesorado de Matem\u00e1ticas, alumnos, aficionados a las Matem\u00e1ticas&#8230;&nbsp;<\/p>\n<p>Si necesitas ponerte en contacto conmigo de forma privada, hazlo a trav\u00e9s del siguiente correo electr\u00f3nico: pabmonmor1@gmail.com<\/p>\n<p>&nbsp;<\/p>\n","protected":false},"excerpt":{"rendered":"<p>Este es un blog Averroes de prueba que he elaborado para aprender hacer un blog, que era algo que quer\u00eda aprender a hacer desde hac\u00eda tiempo. Estoy haciendo un curso de formaci\u00f3n que consiste&#46;&#46;&#46;<\/p>\n","protected":false},"author":12744,"featured_media":0,"parent":2,"menu_order":0,"comment_status":"closed","ping_status":"closed","template":"","meta":{"ngg_post_thumbnail":0,"footnotes":""},"aioseo_notices":[],"_links":{"self":[{"href":"https:\/\/blogsaverroes.juntadeandalucia.es\/pablomates\/wp-json\/wp\/v2\/pages\/62"}],"collection":[{"href":"https:\/\/blogsaverroes.juntadeandalucia.es\/pablomates\/wp-json\/wp\/v2\/pages"}],"about":[{"href":"https:\/\/blogsaverroes.juntadeandalucia.es\/pablomates\/wp-json\/wp\/v2\/types\/page"}],"author":[{"embeddable":true,"href":"https:\/\/blogsaverroes.juntadeandalucia.es\/pablomates\/wp-json\/wp\/v2\/users\/12744"}],"replies":[{"embeddable":true,"href":"https:\/\/blogsaverroes.juntadeandalucia.es\/pablomates\/wp-json\/wp\/v2\/comments?post=62"}],"version-history":[{"count":3,"href":"https:\/\/blogsaverroes.juntadeandalucia.es\/pablomates\/wp-json\/wp\/v2\/pages\/62\/revisions"}],"predecessor-version":[{"id":82,"href":"https:\/\/blogsaverroes.juntadeandalucia.es\/pablomates\/wp-json\/wp\/v2\/pages\/62\/revisions\/82"}],"up":[{"embeddable":true,"href":"https:\/\/blogsaverroes.juntadeandalucia.es\/pablomates\/wp-json\/wp\/v2\/pages\/2"}],"wp:attachment":[{"href":"https:\/\/blogsaverroes.juntadeandalucia.es\/pablomates\/wp-json\/wp\/v2\/media?parent=62"}],"curies":[{"name":"wp","href":"https:\/\/api.w.org\/{rel}","templated":true}]}}