{"id":793,"date":"2020-10-16T07:31:21","date_gmt":"2020-10-16T07:31:21","guid":{"rendered":"http:\/\/palmeralia.home.blog\/?page_id=793"},"modified":"2020-10-16T07:31:21","modified_gmt":"2020-10-16T07:31:21","slug":"forma-joven","status":"publish","type":"page","link":"https:\/\/blogsaverroes.juntadeandalucia.es\/palmeralia\/forma-joven\/","title":{"rendered":"Forma Joven"},"content":{"rendered":"\n<p><\/p>\n\n\n\n<p class=\"has-text-align-center has-large-font-size\"><strong><span style=\"color:#b44738\" class=\"has-inline-color\">TALLERES DE FORMA JOVEN PARA TRABAJAR LAS RELACIONES SEXUALES IGUALITARIAS.<\/span><\/strong><\/p>\n\n\n\n<p class=\"has-text-align-left has-red-color has-text-color has-medium-font-size\">+ SALUD + PALMERAL<\/p>\n\n\n\n<p class=\"has-text-align-justify\">El alumnado que se ha formado en los talleres ofrecidos por el IAJ, ha finalizado con \u00e9xito su aprendizaje. El centro de inter\u00e9s en los que han estado centrados los talleres ha sido la l\u00ednea de intervenci\u00f3n Relaciones Sexuales e Igualitarias dentro del Programa de Innovaci\u00f3n H\u00e1bitos de Vida Saludable y a trav\u00e9s de diferentes din\u00e1micas que se han realizado mediante la v\u00eda telem\u00e1tica se ha seguido con el protocolo Covid y las medidas de seguridad.<\/p>\n\n\n\n<div class=\"wp-block-jetpack-tiled-gallery aligncenter is-style-rectangular\"><div class=\"tiled-gallery__gallery\"><div class=\"tiled-gallery__row\"><div class=\"tiled-gallery__col\" style=\"flex-basis:66.770266770267%\"><figure class=\"tiled-gallery__item\"><img decoding=\"async\" alt=\"\" data-height=\"1512\" data-id=\"856\" data-link=\"https:\/\/palmeralia.home.blog\/img-20201112-wa0018\/\" data-url=\"https:\/\/blogsaverroes.juntadeandalucia.es\/palmeralia\/files\/2020\/11\/img-20201112-wa0018.jpg\" data-width=\"2016\" src=\"https:\/\/blogsaverroes.juntadeandalucia.es\/palmeralia\/files\/2020\/11\/img-20201112-wa0018.jpg\" \/><\/figure><\/div><div class=\"tiled-gallery__col\" style=\"flex-basis:33.229733229733%\"><figure class=\"tiled-gallery__item\"><img decoding=\"async\" alt=\"\" data-height=\"1512\" data-id=\"857\" data-link=\"https:\/\/palmeralia.home.blog\/img-20201112-wa0017\/\" data-url=\"https:\/\/blogsaverroes.juntadeandalucia.es\/palmeralia\/files\/2020\/11\/img-20201112-wa0017.jpg\" data-width=\"2016\" src=\"https:\/\/blogsaverroes.juntadeandalucia.es\/palmeralia\/files\/2020\/11\/img-20201112-wa0017.jpg\" \/><\/figure><figure class=\"tiled-gallery__item\"><img decoding=\"async\" alt=\"\" data-height=\"1512\" data-id=\"858\" data-link=\"https:\/\/palmeralia.home.blog\/img-20201112-wa0016\/\" data-url=\"https:\/\/blogsaverroes.juntadeandalucia.es\/palmeralia\/files\/2020\/11\/img-20201112-wa0016.jpg\" data-width=\"2016\" src=\"https:\/\/blogsaverroes.juntadeandalucia.es\/palmeralia\/files\/2020\/11\/img-20201112-wa0016.jpg\" \/><\/figure><\/div><\/div><div class=\"tiled-gallery__row\"><div class=\"tiled-gallery__col\" style=\"flex-basis:25%\"><figure class=\"tiled-gallery__item\"><img decoding=\"async\" alt=\"\" data-height=\"1512\" data-id=\"859\" data-link=\"https:\/\/palmeralia.home.blog\/img-20201112-wa0015\/\" data-url=\"https:\/\/blogsaverroes.juntadeandalucia.es\/palmeralia\/files\/2020\/11\/img-20201112-wa0015.jpg\" data-width=\"2016\" src=\"https:\/\/blogsaverroes.juntadeandalucia.es\/palmeralia\/files\/2020\/11\/img-20201112-wa0015.jpg\" \/><\/figure><\/div><div class=\"tiled-gallery__col\" style=\"flex-basis:25%\"><figure class=\"tiled-gallery__item\"><img decoding=\"async\" alt=\"\" data-height=\"1512\" data-id=\"860\" data-link=\"https:\/\/palmeralia.home.blog\/img-20201112-wa0014\/\" data-url=\"https:\/\/blogsaverroes.juntadeandalucia.es\/palmeralia\/files\/2020\/11\/img-20201112-wa0014.jpg\" data-width=\"2016\" src=\"https:\/\/blogsaverroes.juntadeandalucia.es\/palmeralia\/files\/2020\/11\/img-20201112-wa0014.jpg\" \/><\/figure><\/div><div class=\"tiled-gallery__col\" style=\"flex-basis:25%\"><figure class=\"tiled-gallery__item\"><img decoding=\"async\" alt=\"\" data-height=\"1512\" data-id=\"861\" data-link=\"https:\/\/palmeralia.home.blog\/img-20201112-wa0013\/\" data-url=\"https:\/\/blogsaverroes.juntadeandalucia.es\/palmeralia\/files\/2020\/11\/img-20201112-wa0013.jpg\" data-width=\"2016\" src=\"https:\/\/blogsaverroes.juntadeandalucia.es\/palmeralia\/files\/2020\/11\/img-20201112-wa0013.jpg\" \/><\/figure><\/div><div class=\"tiled-gallery__col\" style=\"flex-basis:25%\"><figure class=\"tiled-gallery__item\"><img decoding=\"async\" alt=\"\" data-height=\"1512\" data-id=\"862\" data-link=\"https:\/\/palmeralia.home.blog\/img-20201112-wa0012\/\" data-url=\"https:\/\/blogsaverroes.juntadeandalucia.es\/palmeralia\/files\/2020\/11\/img-20201112-wa0012.jpg\" data-width=\"2016\" src=\"https:\/\/blogsaverroes.juntadeandalucia.es\/palmeralia\/files\/2020\/11\/img-20201112-wa0012.jpg\" \/><\/figure><\/div><\/div><\/div><\/div>\n\n\n\n<p><\/p>\n\n\n\n<p class=\"has-text-align-justify\">Realizado por las ponentes Irene Cubero y Amanda Ortiz, j\u00f3venes investigadoras que conforman la Unidad de Estudios Sexol\u00f3gicos de la Universidad de Almer\u00eda, hablan claro sobre todo tipo de temas de sexualidad, resuelven preguntas, se habla sobre las preocupaciones de los adolescentes y creencias err\u00f3neas sobre este tema.<\/p>\n\n\n\n<p class=\"has-text-align-justify\">Gracias a la coordinaci\u00f3n e implicaci\u00f3n de nuestra Orientadora \u00a1Seguimos aprendiendo con \u00e9xito en tiempo de pandemia!<\/p>\n\n\n\n<p class=\"has-dark-red-color has-text-color has-large-font-size\">D\u00cdA MUNDIAL DE LA ALIMENTACI\u00d3N<\/p>\n\n\n\n<div class=\"wp-block-group alignfull has-background-background-color has-background\"><div class=\"wp-block-group__inner-container is-layout-flow wp-block-group-is-layout-flow\">\n<div class=\"wp-block-jetpack-layout-grid alignfull column1-desktop-grid__span-6 column1-desktop-grid__start-2 column1-desktop-grid__row-1 column2-desktop-grid__span-3 column2-desktop-grid__start-9 column2-desktop-grid__row-1 column1-tablet-grid__span-6 column1-tablet-grid__row-1 column2-tablet-grid__span-2 column2-tablet-grid__start-7 column2-tablet-grid__row-1 column1-mobile-grid__span-4 column1-mobile-grid__row-1 column2-mobile-grid__span-4 column2-mobile-grid__row-2\">\n<div class=\"wp-block-jetpack-layout-grid-column wp-block-jetpack-layout-grid__padding-none\">\n<div class=\"wp-block-media-text alignwide is-stacked-on-mobile\"><figure class=\"wp-block-media-text__media\"><img loading=\"lazy\" decoding=\"async\" width=\"630\" height=\"760\" src=\"https:\/\/blogsaverroes.juntadeandalucia.es\/palmeralia\/files\/2020\/10\/piramidealumno.jpg?w=630\" alt=\"\" class=\"wp-image-797 size-full\" srcset=\"https:\/\/blogsaverroes.juntadeandalucia.es\/palmeralia\/files\/2020\/10\/piramidealumno.jpg 630w, https:\/\/blogsaverroes.juntadeandalucia.es\/palmeralia\/files\/2020\/10\/piramidealumno-249x300.jpg 249w\" sizes=\"(max-width: 630px) 100vw, 630px\" \/><\/figure><div class=\"wp-block-media-text__content\">\n<p><img loading=\"lazy\" decoding=\"async\" src=\"\" width=\"450\" height=\"450\"><strong><u>16 DE OCTUBRE: D\u00cdA MUNDIAL DE LA ALIMENTACI\u00d3N<\/u><\/strong><\/p>\n\n\n\n<p>Arrancamos a todo gas en nuestro centro adapt\u00e1ndonos a las circunstancias y realizando actividades interesantes desde la Acci\u00f3n Tutorial bajo el marco del programa H\u00e1bitos de Vida Saludable que vuelve este curso con una nueva versi\u00f3n.<\/p>\n\n\n\n<p>+ Digital<\/p>\n\n\n\n<p>+ Integraci\u00f3n curricular<\/p>\n\n\n\n<p>+ Trabajo en equipo<\/p>\n<\/div><\/div>\n<\/div>\n\n\n\n<div class=\"wp-block-jetpack-layout-grid-column wp-block-jetpack-layout-grid__padding-none\">\n<figure class=\"wp-block-image size-large is-resized is-style-rounded\"><img loading=\"lazy\" decoding=\"async\" src=\"https:\/\/blogsaverroes.juntadeandalucia.es\/palmeralia\/files\/2020\/10\/saludalim.jpg?w=630\" alt=\"\" class=\"wp-image-795\" width=\"314\" height=\"225\" srcset=\"https:\/\/blogsaverroes.juntadeandalucia.es\/palmeralia\/files\/2020\/10\/saludalim.jpg 630w, https:\/\/blogsaverroes.juntadeandalucia.es\/palmeralia\/files\/2020\/10\/saludalim-300x215.jpg 300w\" sizes=\"(max-width: 314px) 100vw, 314px\" \/><\/figure>\n\n\n\n<h4 class=\"wp-block-heading\">D\u00eda de la alimentaci\u00f3n en el IES<\/h4>\n\n\n\n<p>Para celebrar el D\u00eda Mundial de la Alimentaci\u00f3n desde todos los cursos y niveles se han trabajado diferentes actividades en la que el alumnado ha reconocido, identificado e interiorizado toda la relaci\u00f3n y la vinculaci\u00f3n de una buena alimentaci\u00f3n para un desarrollo saludable acorde a sus propias caracter\u00edsticas.<\/p>\n\n\n\n<p>Mediante la pir\u00e1mide de la alimentaci\u00f3n o el plato de Harvard han visualizado cual son las cantidades recomendadas por expertos y adem\u00e1s cual es el orden que tienen que priorizar para un consumo de alimentos responsable.<\/p>\n\n\n\n<p>As\u00ed mismo han trabajado con material elaborado sobre la cantidad de az\u00facar que contienen determinados alimentos y como perjudica en ciertas enfermedades de nuestra vida diaria con fatales consecuencias.<\/p>\n\n\n\n<p>Empezamos Octubre con fuerza, cambiando h\u00e1bitos de consumo y apostando por tomar m\u00e1s fruta en los recreos, una pr\u00e1ctica cada vez m\u00e1s extendida gracias al calado de la trayectoria de \u00e9ste programa educativo con el que se empieza el curso escolar.<\/p>\n\n\n\n<ul class=\"wp-block-social-links is-layout-flex wp-block-social-links-is-layout-flex\">\n\n<li class=\"wp-social-link wp-social-link-facebook  wp-block-social-link\"><a href=\"https:\/\/facebook.com\" class=\"wp-block-social-link-anchor\"><svg width=\"24\" height=\"24\" viewBox=\"0 0 24 24\" version=\"1.1\" xmlns=\"http:\/\/www.w3.org\/2000\/svg\" aria-hidden=\"true\" focusable=\"false\"><path d=\"M12 2C6.5 2 2 6.5 2 12c0 5 3.7 9.1 8.4 9.9v-7H7.9V12h2.5V9.8c0-2.5 1.5-3.9 3.8-3.9 1.1 0 2.2.2 2.2.2v2.5h-1.3c-1.2 0-1.6.8-1.6 1.6V12h2.8l-.4 2.9h-2.3v7C18.3 21.1 22 17 22 12c0-5.5-4.5-10-10-10z\"><\/path><\/svg><span class=\"wp-block-social-link-label screen-reader-text\">Facebook<\/span><\/a><\/li>\n\n<li class=\"wp-social-link wp-social-link-twitter  wp-block-social-link\"><a href=\"https:\/\/twitter.com\" class=\"wp-block-social-link-anchor\"><svg width=\"24\" height=\"24\" viewBox=\"0 0 24 24\" version=\"1.1\" xmlns=\"http:\/\/www.w3.org\/2000\/svg\" aria-hidden=\"true\" focusable=\"false\"><path d=\"M22.23,5.924c-0.736,0.326-1.527,0.547-2.357,0.646c0.847-0.508,1.498-1.312,1.804-2.27 c-0.793,0.47-1.671,0.812-2.606,0.996C18.324,4.498,17.257,4,16.077,4c-2.266,0-4.103,1.837-4.103,4.103 c0,0.322,0.036,0.635,0.106,0.935C8.67,8.867,5.647,7.234,3.623,4.751C3.27,5.357,3.067,6.062,3.067,6.814 c0,1.424,0.724,2.679,1.825,3.415c-0.673-0.021-1.305-0.206-1.859-0.513c0,0.017,0,0.034,0,0.052c0,1.988,1.414,3.647,3.292,4.023 c-0.344,0.094-0.707,0.144-1.081,0.144c-0.264,0-0.521-0.026-0.772-0.074c0.522,1.63,2.038,2.816,3.833,2.85 c-1.404,1.1-3.174,1.756-5.096,1.756c-0.331,0-0.658-0.019-0.979-0.057c1.816,1.164,3.973,1.843,6.29,1.843 c7.547,0,11.675-6.252,11.675-11.675c0-0.178-0.004-0.355-0.012-0.531C20.985,7.47,21.68,6.747,22.23,5.924z\"><\/path><\/svg><span class=\"wp-block-social-link-label screen-reader-text\">Twitter<\/span><\/a><\/li>\n\n<li class=\"wp-social-link wp-social-link-instagram  wp-block-social-link\"><a href=\"https:\/\/instagram.com\" class=\"wp-block-social-link-anchor\"><svg width=\"24\" height=\"24\" viewBox=\"0 0 24 24\" version=\"1.1\" xmlns=\"http:\/\/www.w3.org\/2000\/svg\" aria-hidden=\"true\" focusable=\"false\"><path d=\"M12,4.622c2.403,0,2.688,0.009,3.637,0.052c0.877,0.04,1.354,0.187,1.671,0.31c0.42,0.163,0.72,0.358,1.035,0.673 c0.315,0.315,0.51,0.615,0.673,1.035c0.123,0.317,0.27,0.794,0.31,1.671c0.043,0.949,0.052,1.234,0.052,3.637 s-0.009,2.688-0.052,3.637c-0.04,0.877-0.187,1.354-0.31,1.671c-0.163,0.42-0.358,0.72-0.673,1.035 c-0.315,0.315-0.615,0.51-1.035,0.673c-0.317,0.123-0.794,0.27-1.671,0.31c-0.949,0.043-1.233,0.052-3.637,0.052 s-2.688-0.009-3.637-0.052c-0.877-0.04-1.354-0.187-1.671-0.31c-0.42-0.163-0.72-0.358-1.035-0.673 c-0.315-0.315-0.51-0.615-0.673-1.035c-0.123-0.317-0.27-0.794-0.31-1.671C4.631,14.688,4.622,14.403,4.622,12 s0.009-2.688,0.052-3.637c0.04-0.877,0.187-1.354,0.31-1.671c0.163-0.42,0.358-0.72,0.673-1.035 c0.315-0.315,0.615-0.51,1.035-0.673c0.317-0.123,0.794-0.27,1.671-0.31C9.312,4.631,9.597,4.622,12,4.622 M12,3 C9.556,3,9.249,3.01,8.289,3.054C7.331,3.098,6.677,3.25,6.105,3.472C5.513,3.702,5.011,4.01,4.511,4.511 c-0.5,0.5-0.808,1.002-1.038,1.594C3.25,6.677,3.098,7.331,3.054,8.289C3.01,9.249,3,9.556,3,12c0,2.444,0.01,2.751,0.054,3.711 c0.044,0.958,0.196,1.612,0.418,2.185c0.23,0.592,0.538,1.094,1.038,1.594c0.5,0.5,1.002,0.808,1.594,1.038 c0.572,0.222,1.227,0.375,2.185,0.418C9.249,20.99,9.556,21,12,21s2.751-0.01,3.711-0.054c0.958-0.044,1.612-0.196,2.185-0.418 c0.592-0.23,1.094-0.538,1.594-1.038c0.5-0.5,0.808-1.002,1.038-1.594c0.222-0.572,0.375-1.227,0.418-2.185 C20.99,14.751,21,14.444,21,12s-0.01-2.751-0.054-3.711c-0.044-0.958-0.196-1.612-0.418-2.185c-0.23-0.592-0.538-1.094-1.038-1.594 c-0.5-0.5-1.002-0.808-1.594-1.038c-0.572-0.222-1.227-0.375-2.185-0.418C14.751,3.01,14.444,3,12,3L12,3z M12,7.378 c-2.552,0-4.622,2.069-4.622,4.622S9.448,16.622,12,16.622s4.622-2.069,4.622-4.622S14.552,7.378,12,7.378z M12,15 c-1.657,0-3-1.343-3-3s1.343-3,3-3s3,1.343,3,3S13.657,15,12,15z M16.804,6.116c-0.596,0-1.08,0.484-1.08,1.08 s0.484,1.08,1.08,1.08c0.596,0,1.08-0.484,1.08-1.08S17.401,6.116,16.804,6.116z\"><\/path><\/svg><span class=\"wp-block-social-link-label screen-reader-text\">Instagram<\/span><\/a><\/li>\n\n\n\n<li class=\"wp-social-link wp-social-link-youtube  wp-block-social-link\"><a href=\"https:\/\/youtube.com\" class=\"wp-block-social-link-anchor\"><svg width=\"24\" height=\"24\" viewBox=\"0 0 24 24\" version=\"1.1\" xmlns=\"http:\/\/www.w3.org\/2000\/svg\" aria-hidden=\"true\" focusable=\"false\"><path d=\"M21.8,8.001c0,0-0.195-1.378-0.795-1.985c-0.76-0.797-1.613-0.801-2.004-0.847c-2.799-0.202-6.997-0.202-6.997-0.202 h-0.009c0,0-4.198,0-6.997,0.202C4.608,5.216,3.756,5.22,2.995,6.016C2.395,6.623,2.2,8.001,2.2,8.001S2,9.62,2,11.238v1.517 c0,1.618,0.2,3.237,0.2,3.237s0.195,1.378,0.795,1.985c0.761,0.797,1.76,0.771,2.205,0.855c1.6,0.153,6.8,0.201,6.8,0.201 s4.203-0.006,7.001-0.209c0.391-0.047,1.243-0.051,2.004-0.847c0.6-0.607,0.795-1.985,0.795-1.985s0.2-1.618,0.2-3.237v-1.517 C22,9.62,21.8,8.001,21.8,8.001z M9.935,14.594l-0.001-5.62l5.404,2.82L9.935,14.594z\"><\/path><\/svg><span class=\"wp-block-social-link-label screen-reader-text\">YouTube<\/span><\/a><\/li><\/ul>\n\n\n\n<div style=\"height:30px\" aria-hidden=\"true\" class=\"wp-block-spacer\"><\/div>\n\n\n\n<h4 class=\"wp-block-heading\">Suscr\u00edbete a mi blog<\/h4>\n\n\n\n<p class=\"has-small-font-size\">Recibe el contenido nuevo directamente en tu bandeja de entrada.<\/p>\n\n\n\n<div class=\"wp-block-jetpack-subscriptions wp-block-jetpack-subscriptions__supports-newline wp-block-jetpack-subscriptions__use-newline\">[jetpack_subscription_form subscribe_placeholder=\u00bbDirecci\u00f3n de correo electr\u00f3nico\u00bb show_subscribers_total=\u00bbfalse\u00bb button_on_newline=\u00bbtrue\u00bb submit_button_text=\u00bbSign up\u00bb custom_font_size=\u00bb16&#8243; custom_border_radius=\u00bb0&#8243; custom_border_weight=\u00bb1&#8243; custom_padding=\u00bb15&#8243; custom_spacing=\u00bb10&#8243; submit_button_classes=\u00bbhas-text-color has-background-color has-background has-primary-background-color\u00bb email_field_classes=\u00bb\u00bb show_only_email_and_button=\u00bbtrue\u00bb]<\/div>\n<\/div>\n<\/div>\n<\/div><\/div>\n","protected":false},"excerpt":{"rendered":"<p>TALLERES DE FORMA JOVEN PARA TRABAJAR LAS RELACIONES SEXUALES IGUALITARIAS. + SALUD + PALMERAL El alumnado que se ha formado en los talleres ofrecidos por el IAJ, ha finalizado con \u00e9xito su aprendizaje. El&#46;&#46;&#46;<\/p>\n","protected":false},"author":16032,"featured_media":0,"parent":0,"menu_order":0,"comment_status":"closed","ping_status":"closed","template":"","meta":{"ngg_post_thumbnail":0,"footnotes":""},"aioseo_notices":[],"_links":{"self":[{"href":"https:\/\/blogsaverroes.juntadeandalucia.es\/palmeralia\/wp-json\/wp\/v2\/pages\/793"}],"collection":[{"href":"https:\/\/blogsaverroes.juntadeandalucia.es\/palmeralia\/wp-json\/wp\/v2\/pages"}],"about":[{"href":"https:\/\/blogsaverroes.juntadeandalucia.es\/palmeralia\/wp-json\/wp\/v2\/types\/page"}],"author":[{"embeddable":true,"href":"https:\/\/blogsaverroes.juntadeandalucia.es\/palmeralia\/wp-json\/wp\/v2\/users\/16032"}],"replies":[{"embeddable":true,"href":"https:\/\/blogsaverroes.juntadeandalucia.es\/palmeralia\/wp-json\/wp\/v2\/comments?post=793"}],"version-history":[{"count":0,"href":"https:\/\/blogsaverroes.juntadeandalucia.es\/palmeralia\/wp-json\/wp\/v2\/pages\/793\/revisions"}],"wp:attachment":[{"href":"https:\/\/blogsaverroes.juntadeandalucia.es\/palmeralia\/wp-json\/wp\/v2\/media?parent=793"}],"curies":[{"name":"wp","href":"https:\/\/api.w.org\/{rel}","templated":true}]}}