{"id":97,"date":"2018-11-17T12:43:48","date_gmt":"2018-11-17T12:43:48","guid":{"rendered":"http:\/\/palmeralia.home.blog\/?page_id=97"},"modified":"2023-02-06T13:54:09","modified_gmt":"2023-02-06T13:54:09","slug":"quienes-somos","status":"publish","type":"page","link":"https:\/\/blogsaverroes.juntadeandalucia.es\/palmeralia\/quienes-somos\/","title":{"rendered":"Quienes somos"},"content":{"rendered":"<p style=\"text-align: justify\">Nuestra revista nace en el marco del programa Comunica Audiovisuales de la Junta de Andaluc\u00eda, impulsado por la Biblioteca del IES EL Palmeral.<\/p>\n<p style=\"text-align: justify\">El concepto de comunicaci\u00f3n en la actualidad ha cambiado y es necesario que los docentes seamos conscientes de ello para poder desarrollar en el aula actividades, tareas o proyectos en los que intervengan los nuevos modos de comunicaci\u00f3n, incluyendo aquellos que utilizan nuestros j\u00f3venes y que debemos conocer para poder ayudarles a hacer un uso adecuado de los mismos.<\/p>\n<p id=\"aui_3_2_0_1157\" style=\"text-align: justify\"><em>ComunicA<\/em>&nbsp;presenta una visi\u00f3n integradora de las tipolog\u00edas textuales como manifestaci\u00f3n cultural, ling\u00fc\u00edstica, est\u00e9tica, social, \u00e9tica e individual que se vinculan con las competencias clave y las nuevas metodolog\u00edas educativas.<\/p>\n<p id=\"aui_3_2_0_1160\" style=\"text-align: justify\">El programa tiene como objetivo primordial ofrecer estrategias y recursos metodol\u00f3gicos que puedan complementar el curr\u00edculum escolar con medidas de apoyo para la mejora de la lectura, la escritura y la lengua oral.&nbsp;Para ello establece cuatro l\u00edneas de intervenci\u00f3n: oralidad, lectura &#8211; escritura funcional, lectura &#8211; escritura creativa y alfabetizaci\u00f3n audiovisual.<\/p>\n<p style=\"text-align: justify\"><i>Adem\u00e1s, <\/i>partiendo del enfoque comunicativo y el aprendizaje contextualizado, propone una metodolog\u00eda participativa que impulsa el trabajo basado en proyectos y\/o problemas y la interdisciplinaridad.<\/p>\n","protected":false},"excerpt":{"rendered":"<p>Nuestra revista nace en el marco del programa Comunica Audiovisuales de la Junta de Andaluc\u00eda, impulsado por la Biblioteca del IES EL Palmeral. El concepto de comunicaci\u00f3n en la actualidad ha cambiado y es&#46;&#46;&#46;<\/p>\n","protected":false},"author":16032,"featured_media":0,"parent":0,"menu_order":0,"comment_status":"closed","ping_status":"closed","template":"","meta":{"ngg_post_thumbnail":0,"footnotes":""},"aioseo_notices":[],"_links":{"self":[{"href":"https:\/\/blogsaverroes.juntadeandalucia.es\/palmeralia\/wp-json\/wp\/v2\/pages\/97"}],"collection":[{"href":"https:\/\/blogsaverroes.juntadeandalucia.es\/palmeralia\/wp-json\/wp\/v2\/pages"}],"about":[{"href":"https:\/\/blogsaverroes.juntadeandalucia.es\/palmeralia\/wp-json\/wp\/v2\/types\/page"}],"author":[{"embeddable":true,"href":"https:\/\/blogsaverroes.juntadeandalucia.es\/palmeralia\/wp-json\/wp\/v2\/users\/16032"}],"replies":[{"embeddable":true,"href":"https:\/\/blogsaverroes.juntadeandalucia.es\/palmeralia\/wp-json\/wp\/v2\/comments?post=97"}],"version-history":[{"count":2,"href":"https:\/\/blogsaverroes.juntadeandalucia.es\/palmeralia\/wp-json\/wp\/v2\/pages\/97\/revisions"}],"predecessor-version":[{"id":1814,"href":"https:\/\/blogsaverroes.juntadeandalucia.es\/palmeralia\/wp-json\/wp\/v2\/pages\/97\/revisions\/1814"}],"wp:attachment":[{"href":"https:\/\/blogsaverroes.juntadeandalucia.es\/palmeralia\/wp-json\/wp\/v2\/media?parent=97"}],"curies":[{"name":"wp","href":"https:\/\/api.w.org\/{rel}","templated":true}]}}