{"id":136,"date":"2020-04-12T19:07:02","date_gmt":"2020-04-12T17:07:02","guid":{"rendered":"https:\/\/blogsaverroes.juntadeandalucia.es\/paranonimosfaradays\/?page_id=136"},"modified":"2020-04-12T20:13:17","modified_gmt":"2020-04-12T18:13:17","slug":"guia-rapida","status":"publish","type":"page","link":"https:\/\/blogsaverroes.juntadeandalucia.es\/paranonimosfaradays\/guia-rapida\/","title":{"rendered":"Gu\u00eda r\u00e1pida"},"content":{"rendered":"<p>&nbsp;&nbsp; El siguiente enlace abre una gu\u00eda en la que se describe el uso de este sitio web: <a href=\"https:\/\/blogsaverroes.juntadeandalucia.es\/paranonimosfaradays\/files\/2020\/04\/guia_rapida.pdf\">haz click aqu\u00ed para abrir la guia_r\u00e1pida<\/a>.<\/p>\n","protected":false},"excerpt":{"rendered":"<p>&nbsp;&nbsp; El siguiente enlace abre una gu\u00eda en la que se describe el uso de este sitio web: haz click aqu\u00ed para abrir la guia_r\u00e1pida.<\/p>\n","protected":false},"author":9541,"featured_media":0,"parent":0,"menu_order":0,"comment_status":"closed","ping_status":"closed","template":"","meta":{"ngg_post_thumbnail":0,"footnotes":""},"aioseo_notices":[],"_links":{"self":[{"href":"https:\/\/blogsaverroes.juntadeandalucia.es\/paranonimosfaradays\/wp-json\/wp\/v2\/pages\/136"}],"collection":[{"href":"https:\/\/blogsaverroes.juntadeandalucia.es\/paranonimosfaradays\/wp-json\/wp\/v2\/pages"}],"about":[{"href":"https:\/\/blogsaverroes.juntadeandalucia.es\/paranonimosfaradays\/wp-json\/wp\/v2\/types\/page"}],"author":[{"embeddable":true,"href":"https:\/\/blogsaverroes.juntadeandalucia.es\/paranonimosfaradays\/wp-json\/wp\/v2\/users\/9541"}],"replies":[{"embeddable":true,"href":"https:\/\/blogsaverroes.juntadeandalucia.es\/paranonimosfaradays\/wp-json\/wp\/v2\/comments?post=136"}],"version-history":[{"count":3,"href":"https:\/\/blogsaverroes.juntadeandalucia.es\/paranonimosfaradays\/wp-json\/wp\/v2\/pages\/136\/revisions"}],"predecessor-version":[{"id":140,"href":"https:\/\/blogsaverroes.juntadeandalucia.es\/paranonimosfaradays\/wp-json\/wp\/v2\/pages\/136\/revisions\/140"}],"wp:attachment":[{"href":"https:\/\/blogsaverroes.juntadeandalucia.es\/paranonimosfaradays\/wp-json\/wp\/v2\/media?parent=136"}],"curies":[{"name":"wp","href":"https:\/\/api.w.org\/{rel}","templated":true}]}}