{"id":174,"date":"2020-04-29T21:39:39","date_gmt":"2020-04-29T19:39:39","guid":{"rendered":"https:\/\/blogsaverroes.juntadeandalucia.es\/paranonimosfaradays\/?page_id=174"},"modified":"2020-04-29T21:39:39","modified_gmt":"2020-04-29T19:39:39","slug":"ryan-chadwicks-linux-tutorial","status":"publish","type":"page","link":"https:\/\/blogsaverroes.juntadeandalucia.es\/paranonimosfaradays\/ryan-chadwicks-linux-tutorial\/","title":{"rendered":"Ryan Chadwick&#8217;s Linux Tutorial"},"content":{"rendered":"<p>En esta p\u00e1gina se muestra un tutorial sobre linux que ha creado el autor tras dedicarse a ense\u00f1ar el uso de gnu-linux durante muchos a\u00f1os.<\/p>\n<p><a href=\"https:\/\/ryanstutorials.net\/linuxtutorial\/#introduction\">Ir al tutorial sobre gnu-linux de Ryan Chadwick<\/a><\/p>\n<p>En la web del autor se ofrecen otros interesantes manuales relacionados con la tecnolog\u00eda inform\u00e1tica<\/p>\n<p><a href=\"https:\/\/ryanstutorials.net\/\">Ir a Ryan&#8217;s tutorials<\/a><\/p>\n<p>&nbsp;<\/p>\n","protected":false},"excerpt":{"rendered":"<p>En esta p\u00e1gina se muestra un tutorial sobre linux que ha creado el autor tras dedicarse a ense\u00f1ar el uso de gnu-linux durante muchos a\u00f1os. Ir al tutorial sobre gnu-linux de Ryan Chadwick En&#46;&#46;&#46;<\/p>\n","protected":false},"author":9541,"featured_media":0,"parent":0,"menu_order":0,"comment_status":"closed","ping_status":"closed","template":"","meta":{"ngg_post_thumbnail":0,"footnotes":""},"aioseo_notices":[],"_links":{"self":[{"href":"https:\/\/blogsaverroes.juntadeandalucia.es\/paranonimosfaradays\/wp-json\/wp\/v2\/pages\/174"}],"collection":[{"href":"https:\/\/blogsaverroes.juntadeandalucia.es\/paranonimosfaradays\/wp-json\/wp\/v2\/pages"}],"about":[{"href":"https:\/\/blogsaverroes.juntadeandalucia.es\/paranonimosfaradays\/wp-json\/wp\/v2\/types\/page"}],"author":[{"embeddable":true,"href":"https:\/\/blogsaverroes.juntadeandalucia.es\/paranonimosfaradays\/wp-json\/wp\/v2\/users\/9541"}],"replies":[{"embeddable":true,"href":"https:\/\/blogsaverroes.juntadeandalucia.es\/paranonimosfaradays\/wp-json\/wp\/v2\/comments?post=174"}],"version-history":[{"count":1,"href":"https:\/\/blogsaverroes.juntadeandalucia.es\/paranonimosfaradays\/wp-json\/wp\/v2\/pages\/174\/revisions"}],"predecessor-version":[{"id":175,"href":"https:\/\/blogsaverroes.juntadeandalucia.es\/paranonimosfaradays\/wp-json\/wp\/v2\/pages\/174\/revisions\/175"}],"wp:attachment":[{"href":"https:\/\/blogsaverroes.juntadeandalucia.es\/paranonimosfaradays\/wp-json\/wp\/v2\/media?parent=174"}],"curies":[{"name":"wp","href":"https:\/\/api.w.org\/{rel}","templated":true}]}}