{"id":198,"date":"2020-05-11T20:42:35","date_gmt":"2020-05-11T18:42:35","guid":{"rendered":"https:\/\/blogsaverroes.juntadeandalucia.es\/paranonimosfaradays\/?page_id=198"},"modified":"2020-05-11T20:43:39","modified_gmt":"2020-05-11T18:43:39","slug":"tutorial-didactico-sobre-como-construir-un-ordenador","status":"publish","type":"page","link":"https:\/\/blogsaverroes.juntadeandalucia.es\/paranonimosfaradays\/tutorial-didactico-sobre-como-construir-un-ordenador\/","title":{"rendered":"Tutorial did\u00e1ctico sobre como construir un ordenador"},"content":{"rendered":"<p>Nand to Tetris Course.<\/p>\n<p>En esta p\u00e1gina pod\u00e9is encontrar materiales did\u00e1cticos del curso:&nbsp; Nand to Tetris Course de Noam Nisan. Este curso parte del uso de las puertas l\u00f3gicas y termina programando un tertris.<\/p>\n<p><a href=\"https:\/\/www.nand2tetris.org\/\">Ir a la web oficial de Nand to Tetris Course<\/a><\/p>\n","protected":false},"excerpt":{"rendered":"<p>Nand to Tetris Course. En esta p\u00e1gina pod\u00e9is encontrar materiales did\u00e1cticos del curso:&nbsp; Nand to Tetris Course de Noam Nisan. Este curso parte del uso de las puertas l\u00f3gicas y termina programando un tertris.&#46;&#46;&#46;<\/p>\n","protected":false},"author":9541,"featured_media":0,"parent":0,"menu_order":0,"comment_status":"closed","ping_status":"closed","template":"","meta":{"ngg_post_thumbnail":0,"footnotes":""},"aioseo_notices":[],"_links":{"self":[{"href":"https:\/\/blogsaverroes.juntadeandalucia.es\/paranonimosfaradays\/wp-json\/wp\/v2\/pages\/198"}],"collection":[{"href":"https:\/\/blogsaverroes.juntadeandalucia.es\/paranonimosfaradays\/wp-json\/wp\/v2\/pages"}],"about":[{"href":"https:\/\/blogsaverroes.juntadeandalucia.es\/paranonimosfaradays\/wp-json\/wp\/v2\/types\/page"}],"author":[{"embeddable":true,"href":"https:\/\/blogsaverroes.juntadeandalucia.es\/paranonimosfaradays\/wp-json\/wp\/v2\/users\/9541"}],"replies":[{"embeddable":true,"href":"https:\/\/blogsaverroes.juntadeandalucia.es\/paranonimosfaradays\/wp-json\/wp\/v2\/comments?post=198"}],"version-history":[{"count":3,"href":"https:\/\/blogsaverroes.juntadeandalucia.es\/paranonimosfaradays\/wp-json\/wp\/v2\/pages\/198\/revisions"}],"predecessor-version":[{"id":201,"href":"https:\/\/blogsaverroes.juntadeandalucia.es\/paranonimosfaradays\/wp-json\/wp\/v2\/pages\/198\/revisions\/201"}],"wp:attachment":[{"href":"https:\/\/blogsaverroes.juntadeandalucia.es\/paranonimosfaradays\/wp-json\/wp\/v2\/media?parent=198"}],"curies":[{"name":"wp","href":"https:\/\/api.w.org\/{rel}","templated":true}]}}