{"id":300,"date":"2020-09-27T13:18:35","date_gmt":"2020-09-27T11:18:35","guid":{"rendered":"https:\/\/blogsaverroes.juntadeandalucia.es\/paranonimosfaradays\/?page_id=300"},"modified":"2021-09-29T08:37:06","modified_gmt":"2021-09-29T06:37:06","slug":"boletin-1-uso-del-cliente-de-correo-electronico","status":"publish","type":"page","link":"https:\/\/blogsaverroes.juntadeandalucia.es\/paranonimosfaradays\/boletin-1-uso-del-cliente-de-correo-electronico\/","title":{"rendered":"Bolet\u00edn 1: uso del cliente de correo electr\u00f3nico"},"content":{"rendered":"<p>Para abrir el archivo pdf que contiene las tareas del bolet\u00edn 1 (<strong>uso del cliente de correo electr\u00f3nico<\/strong>) <a href=\"https:\/\/blogsaverroes.juntadeandalucia.es\/paranonimosfaradays\/files\/2021\/09\/tareaUsoDelClienteDeCorreo2122.pdf\">haz click aqu\u00ed<\/a>.<\/p>\n","protected":false},"excerpt":{"rendered":"<p>Para abrir el archivo pdf que contiene las tareas del bolet\u00edn 1 (uso del cliente de correo electr\u00f3nico) haz click aqu\u00ed.<\/p>\n","protected":false},"author":9541,"featured_media":0,"parent":0,"menu_order":0,"comment_status":"closed","ping_status":"closed","template":"","meta":{"ngg_post_thumbnail":0,"footnotes":""},"aioseo_notices":[],"_links":{"self":[{"href":"https:\/\/blogsaverroes.juntadeandalucia.es\/paranonimosfaradays\/wp-json\/wp\/v2\/pages\/300"}],"collection":[{"href":"https:\/\/blogsaverroes.juntadeandalucia.es\/paranonimosfaradays\/wp-json\/wp\/v2\/pages"}],"about":[{"href":"https:\/\/blogsaverroes.juntadeandalucia.es\/paranonimosfaradays\/wp-json\/wp\/v2\/types\/page"}],"author":[{"embeddable":true,"href":"https:\/\/blogsaverroes.juntadeandalucia.es\/paranonimosfaradays\/wp-json\/wp\/v2\/users\/9541"}],"replies":[{"embeddable":true,"href":"https:\/\/blogsaverroes.juntadeandalucia.es\/paranonimosfaradays\/wp-json\/wp\/v2\/comments?post=300"}],"version-history":[{"count":7,"href":"https:\/\/blogsaverroes.juntadeandalucia.es\/paranonimosfaradays\/wp-json\/wp\/v2\/pages\/300\/revisions"}],"predecessor-version":[{"id":503,"href":"https:\/\/blogsaverroes.juntadeandalucia.es\/paranonimosfaradays\/wp-json\/wp\/v2\/pages\/300\/revisions\/503"}],"wp:attachment":[{"href":"https:\/\/blogsaverroes.juntadeandalucia.es\/paranonimosfaradays\/wp-json\/wp\/v2\/media?parent=300"}],"curies":[{"name":"wp","href":"https:\/\/api.w.org\/{rel}","templated":true}]}}