{"id":307,"date":"2020-10-04T13:01:40","date_gmt":"2020-10-04T11:01:40","guid":{"rendered":"https:\/\/blogsaverroes.juntadeandalucia.es\/paranonimosfaradays\/?page_id=307"},"modified":"2020-10-04T13:01:40","modified_gmt":"2020-10-04T11:01:40","slug":"aprendemos-tecnologia","status":"publish","type":"page","link":"https:\/\/blogsaverroes.juntadeandalucia.es\/paranonimosfaradays\/aprendemos-tecnologia\/","title":{"rendered":"Aprendemos tecnolog\u00eda"},"content":{"rendered":"<p>&nbsp;&nbsp;&nbsp; Este enlace nos lleva a un blog en el que se recogen muchos recursos relacionados con la tecnolog\u00eda que os pueden ser \u00fatiles. Tiene un claro enfoque did\u00e1ctico y realiza una clara apuesta por los contenidos con licencia Creative Commons.<\/p>\n<p>&nbsp;&nbsp; Para acceder a este blog <a href=\"https:\/\/aprendemostecnologia.org\/\">haz clickc aqu\u00ed<\/a>.<\/p>\n","protected":false},"excerpt":{"rendered":"<p>&nbsp;&nbsp;&nbsp; Este enlace nos lleva a un blog en el que se recogen muchos recursos relacionados con la tecnolog\u00eda que os pueden ser \u00fatiles. Tiene un claro enfoque did\u00e1ctico y realiza una clara apuesta&#46;&#46;&#46;<\/p>\n","protected":false},"author":9541,"featured_media":0,"parent":0,"menu_order":0,"comment_status":"closed","ping_status":"closed","template":"","meta":{"ngg_post_thumbnail":0,"footnotes":""},"aioseo_notices":[],"_links":{"self":[{"href":"https:\/\/blogsaverroes.juntadeandalucia.es\/paranonimosfaradays\/wp-json\/wp\/v2\/pages\/307"}],"collection":[{"href":"https:\/\/blogsaverroes.juntadeandalucia.es\/paranonimosfaradays\/wp-json\/wp\/v2\/pages"}],"about":[{"href":"https:\/\/blogsaverroes.juntadeandalucia.es\/paranonimosfaradays\/wp-json\/wp\/v2\/types\/page"}],"author":[{"embeddable":true,"href":"https:\/\/blogsaverroes.juntadeandalucia.es\/paranonimosfaradays\/wp-json\/wp\/v2\/users\/9541"}],"replies":[{"embeddable":true,"href":"https:\/\/blogsaverroes.juntadeandalucia.es\/paranonimosfaradays\/wp-json\/wp\/v2\/comments?post=307"}],"version-history":[{"count":1,"href":"https:\/\/blogsaverroes.juntadeandalucia.es\/paranonimosfaradays\/wp-json\/wp\/v2\/pages\/307\/revisions"}],"predecessor-version":[{"id":308,"href":"https:\/\/blogsaverroes.juntadeandalucia.es\/paranonimosfaradays\/wp-json\/wp\/v2\/pages\/307\/revisions\/308"}],"wp:attachment":[{"href":"https:\/\/blogsaverroes.juntadeandalucia.es\/paranonimosfaradays\/wp-json\/wp\/v2\/media?parent=307"}],"curies":[{"name":"wp","href":"https:\/\/api.w.org\/{rel}","templated":true}]}}