{"id":37,"date":"2020-04-09T00:53:50","date_gmt":"2020-04-08T22:53:50","guid":{"rendered":"https:\/\/blogsaverroes.juntadeandalucia.es\/paranonimosfaradays\/?page_id=37"},"modified":"2020-09-21T05:49:58","modified_gmt":"2020-09-21T03:49:58","slug":"inicio","status":"publish","type":"page","link":"https:\/\/blogsaverroes.juntadeandalucia.es\/paranonimosfaradays\/","title":{"rendered":"Inicio"},"content":{"rendered":"<p style=\"text-align: center\"><strong><span style=\"font-size: 14pt\">&nbsp;\u00a1Bienvenido a este blog!<\/span> <\/strong><\/p>\n<p>&nbsp;&nbsp;&nbsp; Este blog va dirigido a mis alumnos de Tecnolog\u00eda, pero si t\u00fa eres una persona con inter\u00e9s por la tecnolog\u00eda puede resultarte \u00fatil a ti tambi\u00e9n.<\/p>\n<p>&nbsp;&nbsp; La Tecnolog\u00eda es un campo muy amplio que va desde cosas tan tangibles como las herramientas manuales y los materiales a cosas tan et\u00e9reas como los programas inform\u00e1ticos; de cosas tan antiguas como la cer\u00e1mica a cosas tan novedosas (en estos momentos) como los nuevos dispositivos de computaci\u00f3n cu\u00e1ntica que empiezan a despegarse de la inalcanzable temperatura del Cero Absoluto.<\/p>\n<p>&nbsp;&nbsp; Aqu\u00ed pretendo mostrar pinceladas de tantos aspectos tecnol\u00f3gicos como me sea posible. En estas p\u00e1ginas encontrar\u00e1s materiales que complementan las clases que te imparto, en el caso de que seas alumno m\u00edo.<\/p>\n<p style=\"text-align: center\"><em><strong><span style=\"font-size: 14pt\">Manuel Jes\u00fas J. B. (septiembre de 2020)<\/span><\/strong><\/em><\/p>\n<p>&nbsp;<\/p>\n<p>&nbsp;<\/p>\n<p>Lo primero que haz de hacer es abrir la gu\u00eda r\u00e1pida de este sitio, para ello<span style=\"font-size: 18pt\"><span style=\"font-size: 24pt\"> <a href=\"https:\/\/blogsaverroes.juntadeandalucia.es\/paranonimosfaradays\/files\/2020\/04\/guia_rapida.pdf\"><span style=\"font-size: 36pt\">haz click aqu\u00ed<\/span><\/a><\/span>.<\/span><\/p>\n","protected":false},"excerpt":{"rendered":"<p>&nbsp;\u00a1Bienvenido a este blog! &nbsp;&nbsp;&nbsp; Este blog va dirigido a mis alumnos de Tecnolog\u00eda, pero si t\u00fa eres una persona con inter\u00e9s por la tecnolog\u00eda puede resultarte \u00fatil a ti tambi\u00e9n. &nbsp;&nbsp; La Tecnolog\u00eda&#46;&#46;&#46;<\/p>\n","protected":false},"author":9541,"featured_media":0,"parent":0,"menu_order":0,"comment_status":"closed","ping_status":"closed","template":"","meta":{"ngg_post_thumbnail":0,"footnotes":""},"aioseo_notices":[],"_links":{"self":[{"href":"https:\/\/blogsaverroes.juntadeandalucia.es\/paranonimosfaradays\/wp-json\/wp\/v2\/pages\/37"}],"collection":[{"href":"https:\/\/blogsaverroes.juntadeandalucia.es\/paranonimosfaradays\/wp-json\/wp\/v2\/pages"}],"about":[{"href":"https:\/\/blogsaverroes.juntadeandalucia.es\/paranonimosfaradays\/wp-json\/wp\/v2\/types\/page"}],"author":[{"embeddable":true,"href":"https:\/\/blogsaverroes.juntadeandalucia.es\/paranonimosfaradays\/wp-json\/wp\/v2\/users\/9541"}],"replies":[{"embeddable":true,"href":"https:\/\/blogsaverroes.juntadeandalucia.es\/paranonimosfaradays\/wp-json\/wp\/v2\/comments?post=37"}],"version-history":[{"count":11,"href":"https:\/\/blogsaverroes.juntadeandalucia.es\/paranonimosfaradays\/wp-json\/wp\/v2\/pages\/37\/revisions"}],"predecessor-version":[{"id":272,"href":"https:\/\/blogsaverroes.juntadeandalucia.es\/paranonimosfaradays\/wp-json\/wp\/v2\/pages\/37\/revisions\/272"}],"wp:attachment":[{"href":"https:\/\/blogsaverroes.juntadeandalucia.es\/paranonimosfaradays\/wp-json\/wp\/v2\/media?parent=37"}],"curies":[{"name":"wp","href":"https:\/\/api.w.org\/{rel}","templated":true}]}}