{"id":490,"date":"2021-09-23T11:46:57","date_gmt":"2021-09-23T09:46:57","guid":{"rendered":"https:\/\/blogsaverroes.juntadeandalucia.es\/paranonimosfaradays\/?page_id=490"},"modified":"2021-09-23T22:05:14","modified_gmt":"2021-09-23T20:05:14","slug":"cuadernillo-de-pendientes-tecnologia-3o-e-s-o","status":"publish","type":"page","link":"https:\/\/blogsaverroes.juntadeandalucia.es\/paranonimosfaradays\/cuadernillo-de-pendientes-tecnologia-3o-e-s-o\/","title":{"rendered":"Cuadernillo de Pendientes (Tecnolog\u00eda  3\u00ba E.S.O.)"},"content":{"rendered":"<p>&nbsp;&nbsp; Hace unos a\u00f1os, mis compa\u00f1eros actualizaron las tareas para los alumnos que ten\u00edan alguna asignatura de Tecnolog\u00eda de otros cursos pendiente, con gran acierto por su parte. El cuadernillo que ahora usamos ha sido elaborado por el departamento de Tecnolog\u00eda del&nbsp; I.E.S Dr. Antonio Gonz\u00e1lez Gonz\u00e1lez de Tejina (puedes visitar su blog usando el siguiente enlace: <a href=\"https:\/\/aprendemostecnologia.org\/category\/ies-antonio-glez-glez\/\">aprendemos tecnolog\u00eda.<\/a> ). Los profesores que han elaborado este material con licencia Creative Commons By Nc Sa. La portada del cuadernillo que usamos actualmente no refleja este hecho, por eso quiero dejar aqu\u00ed constancia de ello. En cuanto pueda proceder\u00e9 a solventarlo.<\/p>\n<p>&nbsp;&nbsp; Aprovecho para agradecer a quienes crearon el material que se os entrega su labor y su generosidad por compartirlo.<\/p>\n<p>Pod\u00e9is acceder al cuadernillo para recuperar Tecnolog\u00eda de 3\u00ba de E.S.O&nbsp; usando el siguiente enlace: <a href=\"https:\/\/blogsaverroes.juntadeandalucia.es\/paranonimosfaradays\/files\/2021\/09\/Cuaderno-de-pendientes-Tecnolog\u00eda-3-ESO.pdf\">haz click aqu\u00ed para abrir el cuaderno de pendientes Tecnolog\u00eda 3\u00ba&nbsp; ESO<\/a><\/p>\n<p>&nbsp;&nbsp; Cuando acordemos en que momento de la semana podemos vernos determinar\u00e9 unas fechas de entrega de las tareas y las reflejar\u00e9 aqu\u00ed.<\/p>\n","protected":false},"excerpt":{"rendered":"<p>&nbsp;&nbsp; Hace unos a\u00f1os, mis compa\u00f1eros actualizaron las tareas para los alumnos que ten\u00edan alguna asignatura de Tecnolog\u00eda de otros cursos pendiente, con gran acierto por su parte. El cuadernillo que ahora usamos ha&#46;&#46;&#46;<\/p>\n","protected":false},"author":9541,"featured_media":0,"parent":0,"menu_order":0,"comment_status":"closed","ping_status":"closed","template":"","meta":{"ngg_post_thumbnail":0,"footnotes":""},"aioseo_notices":[],"_links":{"self":[{"href":"https:\/\/blogsaverroes.juntadeandalucia.es\/paranonimosfaradays\/wp-json\/wp\/v2\/pages\/490"}],"collection":[{"href":"https:\/\/blogsaverroes.juntadeandalucia.es\/paranonimosfaradays\/wp-json\/wp\/v2\/pages"}],"about":[{"href":"https:\/\/blogsaverroes.juntadeandalucia.es\/paranonimosfaradays\/wp-json\/wp\/v2\/types\/page"}],"author":[{"embeddable":true,"href":"https:\/\/blogsaverroes.juntadeandalucia.es\/paranonimosfaradays\/wp-json\/wp\/v2\/users\/9541"}],"replies":[{"embeddable":true,"href":"https:\/\/blogsaverroes.juntadeandalucia.es\/paranonimosfaradays\/wp-json\/wp\/v2\/comments?post=490"}],"version-history":[{"count":5,"href":"https:\/\/blogsaverroes.juntadeandalucia.es\/paranonimosfaradays\/wp-json\/wp\/v2\/pages\/490\/revisions"}],"predecessor-version":[{"id":496,"href":"https:\/\/blogsaverroes.juntadeandalucia.es\/paranonimosfaradays\/wp-json\/wp\/v2\/pages\/490\/revisions\/496"}],"wp:attachment":[{"href":"https:\/\/blogsaverroes.juntadeandalucia.es\/paranonimosfaradays\/wp-json\/wp\/v2\/media?parent=490"}],"curies":[{"name":"wp","href":"https:\/\/api.w.org\/{rel}","templated":true}]}}