{"id":606,"date":"2022-07-04T23:06:55","date_gmt":"2022-07-04T21:06:55","guid":{"rendered":"https:\/\/blogsaverroes.juntadeandalucia.es\/paranonimosfaradays\/?page_id=606"},"modified":"2022-07-04T23:47:17","modified_gmt":"2022-07-04T21:47:17","slug":"defensa-del-proyecto-de-asesoria","status":"publish","type":"page","link":"https:\/\/blogsaverroes.juntadeandalucia.es\/paranonimosfaradays\/defensa-del-proyecto-de-asesoria\/","title":{"rendered":"Defensa del proyecto de asesor\u00eda."},"content":{"rendered":"<p>&nbsp;&nbsp; Presentaci\u00f3n para la defensa de mi proyecto de asesor\u00eda cient\u00edfico-tecnol\u00f3gica.<\/p>\n<p><iframe class=\"wp-embedded-content\" sandbox=\"allow-scripts\" security=\"restricted\" title=\"Proyecto de asesor\u00eda\" frameborder='0' width='1200' height='675' src='https:\/\/view.genial.ly\/62bd73db8850ac0012891559#?secret=Dlehhot1Hu' data-secret='Dlehhot1Hu' scrolling='yes'><\/iframe><\/p>\n<div class=\"container-wrapper-genially\" style=\"min-height: 400px;max-width: 100%\">&nbsp;<\/div>\n","protected":false},"excerpt":{"rendered":"<p>&nbsp;&nbsp; Presentaci\u00f3n para la defensa de mi proyecto de asesor\u00eda cient\u00edfico-tecnol\u00f3gica. &nbsp;<\/p>\n","protected":false},"author":9541,"featured_media":0,"parent":0,"menu_order":0,"comment_status":"closed","ping_status":"closed","template":"","meta":{"ngg_post_thumbnail":0,"footnotes":""},"aioseo_notices":[],"_links":{"self":[{"href":"https:\/\/blogsaverroes.juntadeandalucia.es\/paranonimosfaradays\/wp-json\/wp\/v2\/pages\/606"}],"collection":[{"href":"https:\/\/blogsaverroes.juntadeandalucia.es\/paranonimosfaradays\/wp-json\/wp\/v2\/pages"}],"about":[{"href":"https:\/\/blogsaverroes.juntadeandalucia.es\/paranonimosfaradays\/wp-json\/wp\/v2\/types\/page"}],"author":[{"embeddable":true,"href":"https:\/\/blogsaverroes.juntadeandalucia.es\/paranonimosfaradays\/wp-json\/wp\/v2\/users\/9541"}],"replies":[{"embeddable":true,"href":"https:\/\/blogsaverroes.juntadeandalucia.es\/paranonimosfaradays\/wp-json\/wp\/v2\/comments?post=606"}],"version-history":[{"count":5,"href":"https:\/\/blogsaverroes.juntadeandalucia.es\/paranonimosfaradays\/wp-json\/wp\/v2\/pages\/606\/revisions"}],"predecessor-version":[{"id":613,"href":"https:\/\/blogsaverroes.juntadeandalucia.es\/paranonimosfaradays\/wp-json\/wp\/v2\/pages\/606\/revisions\/613"}],"wp:attachment":[{"href":"https:\/\/blogsaverroes.juntadeandalucia.es\/paranonimosfaradays\/wp-json\/wp\/v2\/media?parent=606"}],"curies":[{"name":"wp","href":"https:\/\/api.w.org\/{rel}","templated":true}]}}