{"id":73,"date":"2020-04-10T17:02:48","date_gmt":"2020-04-10T15:02:48","guid":{"rendered":"https:\/\/blogsaverroes.juntadeandalucia.es\/paranonimosfaradays\/?page_id=73"},"modified":"2020-04-10T18:01:27","modified_gmt":"2020-04-10T16:01:27","slug":"apendice-1-res-equiv","status":"publish","type":"page","link":"https:\/\/blogsaverroes.juntadeandalucia.es\/paranonimosfaradays\/apendice-1-res-equiv\/","title":{"rendered":"Ap\u00e9ndice 1 (Resistencias equivalentes)"},"content":{"rendered":"<p>&nbsp;&nbsp; Para que pod\u00e1is repasar el c\u00e1lculo de resistencias equivalentes y no caig\u00e1is en los errores m\u00e1s t\u00edpicos os he preparado un ap\u00e9ndice sobre ello. Si hac\u00e9is click en el siguiente enlace se os abrir\u00e1 el documento pdf: <a href=\"https:\/\/blogsaverroes.juntadeandalucia.es\/paranonimosfaradays\/files\/2020\/04\/Ir-a-calculoderesistencias.pdf\">Abrir el documento<\/a>.<\/p>\n<p>&nbsp;<\/p>\n","protected":false},"excerpt":{"rendered":"<p>&nbsp;&nbsp; Para que pod\u00e1is repasar el c\u00e1lculo de resistencias equivalentes y no caig\u00e1is en los errores m\u00e1s t\u00edpicos os he preparado un ap\u00e9ndice sobre ello. Si hac\u00e9is click en el siguiente enlace se os&#46;&#46;&#46;<\/p>\n","protected":false},"author":9541,"featured_media":0,"parent":0,"menu_order":0,"comment_status":"closed","ping_status":"closed","template":"","meta":{"ngg_post_thumbnail":0,"footnotes":""},"aioseo_notices":[],"_links":{"self":[{"href":"https:\/\/blogsaverroes.juntadeandalucia.es\/paranonimosfaradays\/wp-json\/wp\/v2\/pages\/73"}],"collection":[{"href":"https:\/\/blogsaverroes.juntadeandalucia.es\/paranonimosfaradays\/wp-json\/wp\/v2\/pages"}],"about":[{"href":"https:\/\/blogsaverroes.juntadeandalucia.es\/paranonimosfaradays\/wp-json\/wp\/v2\/types\/page"}],"author":[{"embeddable":true,"href":"https:\/\/blogsaverroes.juntadeandalucia.es\/paranonimosfaradays\/wp-json\/wp\/v2\/users\/9541"}],"replies":[{"embeddable":true,"href":"https:\/\/blogsaverroes.juntadeandalucia.es\/paranonimosfaradays\/wp-json\/wp\/v2\/comments?post=73"}],"version-history":[{"count":8,"href":"https:\/\/blogsaverroes.juntadeandalucia.es\/paranonimosfaradays\/wp-json\/wp\/v2\/pages\/73\/revisions"}],"predecessor-version":[{"id":80,"href":"https:\/\/blogsaverroes.juntadeandalucia.es\/paranonimosfaradays\/wp-json\/wp\/v2\/pages\/73\/revisions\/80"}],"wp:attachment":[{"href":"https:\/\/blogsaverroes.juntadeandalucia.es\/paranonimosfaradays\/wp-json\/wp\/v2\/media?parent=73"}],"curies":[{"name":"wp","href":"https:\/\/api.w.org\/{rel}","templated":true}]}}