{"id":82,"date":"2020-04-10T17:11:21","date_gmt":"2020-04-10T15:11:21","guid":{"rendered":"https:\/\/blogsaverroes.juntadeandalucia.es\/paranonimosfaradays\/?page_id=82"},"modified":"2020-04-10T18:06:05","modified_gmt":"2020-04-10T16:06:05","slug":"apendice-2-suma-de-frac","status":"publish","type":"page","link":"https:\/\/blogsaverroes.juntadeandalucia.es\/paranonimosfaradays\/apendice-2-suma-de-frac\/","title":{"rendered":"Ap\u00e9ndice 2 (Suma de fracciones)"},"content":{"rendered":"<p>&nbsp;&nbsp; Os he preparado un ap\u00e9ndice para que los que ten\u00e9is dudas a la hora de sumar fracciones con distinto denominador pod\u00e1is repasar como se hacen. Pincha en el siguiente enlace para abrir el documento pdf:&nbsp; <a href=\"https:\/\/blogsaverroes.juntadeandalucia.es\/paranonimosfaradays\/files\/2020\/04\/Ir-a-sumaDeFracciones.pdf\">Abrir el documento<\/a>.<\/p>\n","protected":false},"excerpt":{"rendered":"<p>&nbsp;&nbsp; Os he preparado un ap\u00e9ndice para que los que ten\u00e9is dudas a la hora de sumar fracciones con distinto denominador pod\u00e1is repasar como se hacen. Pincha en el siguiente enlace para abrir el&#46;&#46;&#46;<\/p>\n","protected":false},"author":9541,"featured_media":0,"parent":0,"menu_order":0,"comment_status":"closed","ping_status":"closed","template":"","meta":{"ngg_post_thumbnail":0,"footnotes":""},"aioseo_notices":[],"_links":{"self":[{"href":"https:\/\/blogsaverroes.juntadeandalucia.es\/paranonimosfaradays\/wp-json\/wp\/v2\/pages\/82"}],"collection":[{"href":"https:\/\/blogsaverroes.juntadeandalucia.es\/paranonimosfaradays\/wp-json\/wp\/v2\/pages"}],"about":[{"href":"https:\/\/blogsaverroes.juntadeandalucia.es\/paranonimosfaradays\/wp-json\/wp\/v2\/types\/page"}],"author":[{"embeddable":true,"href":"https:\/\/blogsaverroes.juntadeandalucia.es\/paranonimosfaradays\/wp-json\/wp\/v2\/users\/9541"}],"replies":[{"embeddable":true,"href":"https:\/\/blogsaverroes.juntadeandalucia.es\/paranonimosfaradays\/wp-json\/wp\/v2\/comments?post=82"}],"version-history":[{"count":7,"href":"https:\/\/blogsaverroes.juntadeandalucia.es\/paranonimosfaradays\/wp-json\/wp\/v2\/pages\/82\/revisions"}],"predecessor-version":[{"id":111,"href":"https:\/\/blogsaverroes.juntadeandalucia.es\/paranonimosfaradays\/wp-json\/wp\/v2\/pages\/82\/revisions\/111"}],"wp:attachment":[{"href":"https:\/\/blogsaverroes.juntadeandalucia.es\/paranonimosfaradays\/wp-json\/wp\/v2\/media?parent=82"}],"curies":[{"name":"wp","href":"https:\/\/api.w.org\/{rel}","templated":true}]}}