{"id":84,"date":"2020-04-10T17:18:25","date_gmt":"2020-04-10T15:18:25","guid":{"rendered":"https:\/\/blogsaverroes.juntadeandalucia.es\/paranonimosfaradays\/?page_id=84"},"modified":"2020-04-10T18:04:37","modified_gmt":"2020-04-10T16:04:37","slug":"apendice-3ros-circu","status":"publish","type":"page","link":"https:\/\/blogsaverroes.juntadeandalucia.es\/paranonimosfaradays\/apendice-3ros-circu\/","title":{"rendered":"Ap\u00e9ndice 3 (Resoluci\u00f3n de  circuitos)"},"content":{"rendered":"<p>&nbsp;&nbsp; Para que pod\u00e1is repasar la resoluci\u00f3n de circuitos el\u00e9ctricos os he preparado un ap\u00e9ndice en el que adem\u00e1s de la teor\u00eda encontrar\u00e9is un ejemplo. Para abrir el documento pdf pulsa el siguiente enlace: <a href=\"https:\/\/blogsaverroes.juntadeandalucia.es\/paranonimosfaradays\/files\/2020\/04\/Ir-a-resolucionDeCircuitosCu.pdf\">Abrir el documento<\/a>.<\/p>\n","protected":false},"excerpt":{"rendered":"<p>&nbsp;&nbsp; Para que pod\u00e1is repasar la resoluci\u00f3n de circuitos el\u00e9ctricos os he preparado un ap\u00e9ndice en el que adem\u00e1s de la teor\u00eda encontrar\u00e9is un ejemplo. Para abrir el documento pdf pulsa el siguiente enlace:&#46;&#46;&#46;<\/p>\n","protected":false},"author":9541,"featured_media":0,"parent":0,"menu_order":0,"comment_status":"closed","ping_status":"closed","template":"","meta":{"ngg_post_thumbnail":0,"footnotes":""},"aioseo_notices":[],"_links":{"self":[{"href":"https:\/\/blogsaverroes.juntadeandalucia.es\/paranonimosfaradays\/wp-json\/wp\/v2\/pages\/84"}],"collection":[{"href":"https:\/\/blogsaverroes.juntadeandalucia.es\/paranonimosfaradays\/wp-json\/wp\/v2\/pages"}],"about":[{"href":"https:\/\/blogsaverroes.juntadeandalucia.es\/paranonimosfaradays\/wp-json\/wp\/v2\/types\/page"}],"author":[{"embeddable":true,"href":"https:\/\/blogsaverroes.juntadeandalucia.es\/paranonimosfaradays\/wp-json\/wp\/v2\/users\/9541"}],"replies":[{"embeddable":true,"href":"https:\/\/blogsaverroes.juntadeandalucia.es\/paranonimosfaradays\/wp-json\/wp\/v2\/comments?post=84"}],"version-history":[{"count":7,"href":"https:\/\/blogsaverroes.juntadeandalucia.es\/paranonimosfaradays\/wp-json\/wp\/v2\/pages\/84\/revisions"}],"predecessor-version":[{"id":107,"href":"https:\/\/blogsaverroes.juntadeandalucia.es\/paranonimosfaradays\/wp-json\/wp\/v2\/pages\/84\/revisions\/107"}],"wp:attachment":[{"href":"https:\/\/blogsaverroes.juntadeandalucia.es\/paranonimosfaradays\/wp-json\/wp\/v2\/media?parent=84"}],"curies":[{"name":"wp","href":"https:\/\/api.w.org\/{rel}","templated":true}]}}