{"id":90,"date":"2020-04-10T17:31:25","date_gmt":"2020-04-10T15:31:25","guid":{"rendered":"https:\/\/blogsaverroes.juntadeandalucia.es\/paranonimosfaradays\/?page_id=90"},"modified":"2020-04-10T17:33:08","modified_gmt":"2020-04-10T15:33:08","slug":"el-arte-de-crear","status":"publish","type":"page","link":"https:\/\/blogsaverroes.juntadeandalucia.es\/paranonimosfaradays\/el-arte-de-crear\/","title":{"rendered":"El Arte de Crear"},"content":{"rendered":"<p>&nbsp;&nbsp; Al buscar informaci\u00f3n para poder echar a andar nuestro Taller de Cer\u00e1mica encontr\u00e9 este blog. En \u00e9l adem\u00e1s de informaci\u00f3n sobre cer\u00e1mica pod\u00e9is encontrar informaci\u00f3n sobre muchas otras t\u00e9cnicas. \u00a1Es un puro derroche de creatividad!<\/p>\n<p>&nbsp;&nbsp; Para visitarlo clica sobre el siguiente enlace: &nbsp;<a href=\"https:\/\/mcarmenepv.blogspot.com\/\" target=\"_blank\" rel=\"noopener noreferrer\">Ir a El Arte de Crear<\/a><\/p>\n","protected":false},"excerpt":{"rendered":"<p>&nbsp;&nbsp; Al buscar informaci\u00f3n para poder echar a andar nuestro Taller de Cer\u00e1mica encontr\u00e9 este blog. En \u00e9l adem\u00e1s de informaci\u00f3n sobre cer\u00e1mica pod\u00e9is encontrar informaci\u00f3n sobre muchas otras t\u00e9cnicas. \u00a1Es un puro derroche&#46;&#46;&#46;<\/p>\n","protected":false},"author":9541,"featured_media":0,"parent":0,"menu_order":0,"comment_status":"closed","ping_status":"closed","template":"","meta":{"ngg_post_thumbnail":0,"footnotes":""},"aioseo_notices":[],"_links":{"self":[{"href":"https:\/\/blogsaverroes.juntadeandalucia.es\/paranonimosfaradays\/wp-json\/wp\/v2\/pages\/90"}],"collection":[{"href":"https:\/\/blogsaverroes.juntadeandalucia.es\/paranonimosfaradays\/wp-json\/wp\/v2\/pages"}],"about":[{"href":"https:\/\/blogsaverroes.juntadeandalucia.es\/paranonimosfaradays\/wp-json\/wp\/v2\/types\/page"}],"author":[{"embeddable":true,"href":"https:\/\/blogsaverroes.juntadeandalucia.es\/paranonimosfaradays\/wp-json\/wp\/v2\/users\/9541"}],"replies":[{"embeddable":true,"href":"https:\/\/blogsaverroes.juntadeandalucia.es\/paranonimosfaradays\/wp-json\/wp\/v2\/comments?post=90"}],"version-history":[{"count":4,"href":"https:\/\/blogsaverroes.juntadeandalucia.es\/paranonimosfaradays\/wp-json\/wp\/v2\/pages\/90\/revisions"}],"predecessor-version":[{"id":94,"href":"https:\/\/blogsaverroes.juntadeandalucia.es\/paranonimosfaradays\/wp-json\/wp\/v2\/pages\/90\/revisions\/94"}],"wp:attachment":[{"href":"https:\/\/blogsaverroes.juntadeandalucia.es\/paranonimosfaradays\/wp-json\/wp\/v2\/media?parent=90"}],"curies":[{"name":"wp","href":"https:\/\/api.w.org\/{rel}","templated":true}]}}