{"id":101,"date":"2020-05-16T20:13:47","date_gmt":"2020-05-16T18:13:47","guid":{"rendered":"https:\/\/blogsaverroes.juntadeandalucia.es\/paratodosparatodas\/?page_id=101"},"modified":"2022-12-08T19:35:31","modified_gmt":"2022-12-08T18:35:31","slug":"localizacion-de-mi-centro","status":"publish","type":"page","link":"https:\/\/blogsaverroes.juntadeandalucia.es\/paratodosparatodas\/localizacion-de-mi-centro\/","title":{"rendered":"Mi centro"},"content":{"rendered":"<p>Este es el CEIP Virgen de Loreto de Guadahortuna.<br \/>\nEste curso 2019\/2020 estoy aqu\u00ed trabajando, en el aula de Apoyo a la Integraci\u00f3n&#8230;<br \/>\nP\u00e1sate a visitarme cuando quieras!!!<\/p>\n<p><iframe loading=\"lazy\" src=\"https:\/\/www.google.com\/maps\/embed?pb=!1m18!1m12!1m3!1d3163.050285538687!2d-3.4026750493432365!3d37.55387903251186!2m3!1f0!2f0!3f0!3m2!1i1024!2i768!4f13.1!3m3!1m2!1s0xd6e3fc9ea89cded%3A0xd03e78e77032efca!2sC.E.I.P.%20V%C3%ADrgen%20de%20Loreto!5e0!3m2!1ses!2ses!4v1589652636866!5m2!1ses!2ses\" width=\"600\" height=\"450\" frameborder=\"0\">&lt;span data-mce-type=\u00bbbookmark\u00bb style=\u00bbdisplay: inline-block; width: 0px; overflow: hidden; line-height: 0;\u00bb class=\u00bbmce_SELRES_start\u00bb&gt;\ufeff&lt;\/span&gt;<\/iframe><\/p>\n","protected":false},"excerpt":{"rendered":"<p>Este es el CEIP Virgen de Loreto de Guadahortuna. Este curso 2019\/2020 estoy aqu\u00ed trabajando, en el aula de Apoyo a la Integraci\u00f3n&#8230; P\u00e1sate a visitarme cuando quieras!!! &lt;span data-mce-type=\u00bbbookmark\u00bb style=\u00bbdisplay: inline-block; width: 0px;&#46;&#46;&#46;<\/p>\n","protected":false},"author":3238,"featured_media":0,"parent":0,"menu_order":0,"comment_status":"closed","ping_status":"closed","template":"","meta":{"ngg_post_thumbnail":0,"footnotes":""},"aioseo_notices":[],"_links":{"self":[{"href":"https:\/\/blogsaverroes.juntadeandalucia.es\/paratodosparatodas\/wp-json\/wp\/v2\/pages\/101"}],"collection":[{"href":"https:\/\/blogsaverroes.juntadeandalucia.es\/paratodosparatodas\/wp-json\/wp\/v2\/pages"}],"about":[{"href":"https:\/\/blogsaverroes.juntadeandalucia.es\/paratodosparatodas\/wp-json\/wp\/v2\/types\/page"}],"author":[{"embeddable":true,"href":"https:\/\/blogsaverroes.juntadeandalucia.es\/paratodosparatodas\/wp-json\/wp\/v2\/users\/3238"}],"replies":[{"embeddable":true,"href":"https:\/\/blogsaverroes.juntadeandalucia.es\/paratodosparatodas\/wp-json\/wp\/v2\/comments?post=101"}],"version-history":[{"count":4,"href":"https:\/\/blogsaverroes.juntadeandalucia.es\/paratodosparatodas\/wp-json\/wp\/v2\/pages\/101\/revisions"}],"predecessor-version":[{"id":106,"href":"https:\/\/blogsaverroes.juntadeandalucia.es\/paratodosparatodas\/wp-json\/wp\/v2\/pages\/101\/revisions\/106"}],"wp:attachment":[{"href":"https:\/\/blogsaverroes.juntadeandalucia.es\/paratodosparatodas\/wp-json\/wp\/v2\/media?parent=101"}],"curies":[{"name":"wp","href":"https:\/\/api.w.org\/{rel}","templated":true}]}}