{"id":42,"date":"2015-03-13T08:40:47","date_gmt":"2015-03-13T08:40:47","guid":{"rendered":"http:\/\/blogsaverroes.juntadeandalucia.es\/pre\/ceip\/?page_id=42"},"modified":"2022-01-18T11:12:46","modified_gmt":"2022-01-18T10:12:46","slug":"equipo-directivo","status":"publish","type":"page","link":"https:\/\/blogsaverroes.juntadeandalucia.es\/parque\/equipo-directivo\/","title":{"rendered":"Equipo directivo"},"content":{"rendered":"<p><strong>Direcci\u00f3n: <\/strong><\/p>\n<p>Montserrat Le\u00f3n montse@colegioelparque.com<\/p>\n<p><strong>Jefatura de estudios: <\/strong><\/p>\n<p>Francisco Blanco fjblancodiaz@colegioelparque.com<\/p>\n<p><strong>Secretar\u00eda: <\/strong><\/p>\n<p>Diego Ariza diego@colegioelparque.com&nbsp;<\/p>\n","protected":false},"excerpt":{"rendered":"<p>Direcci\u00f3n: Montserrat Le\u00f3n montse@colegioelparque.com Jefatura de estudios: Francisco Blanco fjblancodiaz@colegioelparque.com Secretar\u00eda: Diego Ariza diego@colegioelparque.com&nbsp;<\/p>\n","protected":false},"author":1,"featured_media":0,"parent":0,"menu_order":0,"comment_status":"closed","ping_status":"open","template":"","meta":{"ngg_post_thumbnail":0,"footnotes":"","_mc_calendar":[]},"aioseo_notices":[],"_links":{"self":[{"href":"https:\/\/blogsaverroes.juntadeandalucia.es\/parque\/wp-json\/wp\/v2\/pages\/42"}],"collection":[{"href":"https:\/\/blogsaverroes.juntadeandalucia.es\/parque\/wp-json\/wp\/v2\/pages"}],"about":[{"href":"https:\/\/blogsaverroes.juntadeandalucia.es\/parque\/wp-json\/wp\/v2\/types\/page"}],"author":[{"embeddable":true,"href":"https:\/\/blogsaverroes.juntadeandalucia.es\/parque\/wp-json\/wp\/v2\/users\/1"}],"replies":[{"embeddable":true,"href":"https:\/\/blogsaverroes.juntadeandalucia.es\/parque\/wp-json\/wp\/v2\/comments?post=42"}],"version-history":[{"count":5,"href":"https:\/\/blogsaverroes.juntadeandalucia.es\/parque\/wp-json\/wp\/v2\/pages\/42\/revisions"}],"predecessor-version":[{"id":2193,"href":"https:\/\/blogsaverroes.juntadeandalucia.es\/parque\/wp-json\/wp\/v2\/pages\/42\/revisions\/2193"}],"wp:attachment":[{"href":"https:\/\/blogsaverroes.juntadeandalucia.es\/parque\/wp-json\/wp\/v2\/media?parent=42"}],"curies":[{"name":"wp","href":"https:\/\/api.w.org\/{rel}","templated":true}]}}