{"id":141,"date":"2015-03-17T07:13:24","date_gmt":"2015-03-17T07:13:24","guid":{"rendered":"http:\/\/blogsaverroes.juntadeandalucia.es\/pre\/ceip\/?page_id=141"},"modified":"2026-03-02T09:20:26","modified_gmt":"2026-03-02T09:20:26","slug":"escolarizacion","status":"publish","type":"page","link":"https:\/\/blogsaverroes.juntadeandalucia.es\/parqueclavero\/escolarizacion\/","title":{"rendered":"Escolarizaci\u00f3n"},"content":{"rendered":"<p>Entre los d\u00edas 1 y 31 de marzo<b>,<\/b>&nbsp;ambos inclusive, deber\u00e1n presentar su solicitud los escolares de segundo ciclo de educaci\u00f3n infantil, educaci\u00f3n primaria, educaci\u00f3n especial, educaci\u00f3n secundaria obligatoria y bachillerato.<\/p>\n<p><span style=\"color: #ff0000\">Se inicia de este modo el proceso de escolarizaci\u00f3n en el que participan todos los ni\u00f1os y ni\u00f1as que<strong><em> se incorporan por primera vez <\/em><\/strong>al sistema educativo, tanto en centros p\u00fablicos como privados concertados, <em><strong>as\u00ed como el alumnado que cambie de centro escolar.<\/strong><\/em><\/span><\/p>\n<p>La presentaci\u00f3n de solicitudes podr\u00e1 realizarse en la Secretar\u00eda Virtual de la Junta de Andaluc\u00eda en el siguiente enlace:<\/p>\n<p><a title=\"Secretar\u00eda Virtual Junta de Andaluc\u00eda\" href=\"https:\/\/www.juntadeandalucia.es\/educacion\/secretariavirtual\/\">Secretar\u00eda Virtual Junta de Andaluc\u00eda<\/a><\/p>\n<p>En el siguiente enlace podr\u00e1 encontrar toda la informaci\u00f3n de utilidad para las familias a la hora de de iniciar el proceso de escolarizaci\u00f3n: plazos, documentos, normativa, enlaces, etc.<\/p>\n<p><a href=\"https:\/\/www.juntadeandalucia.es\/educacion\/portales\/web\/escolarizacion\">Escolarizaci\u00f3n 26-27<\/a><\/p>\n<p>En este enlace podr\u00e1 consultar todo el proceso de admisi\u00f3n y matriculaci\u00f3n:<\/p>\n<p><a title=\"Procedimiento de admisi\u00f3n y matriculaci\u00f3n\" href=\"https:\/\/www.juntadeandalucia.es\/servicios\/sede\/tramites\/procedimientos\/detalle\/2435.html\">Procedimiento de admisi\u00f3n y matriculaci\u00f3n<\/a><\/p>\n<p>Y en este enlace podr\u00e1n consultar la puntuaci\u00f3n que corresponde a cada centro seg\u00fan domicuilio familiar o laboral.<\/p>\n<p><a href=\"https:\/\/www.juntadeandalucia.es\/educacion\/educasig\/escolarizacion\/\">https:\/\/www.juntadeandalucia.es\/educacion\/educasig\/escolarizacion\/<\/a><\/p>\n<p>&nbsp;<\/p>\n","protected":false},"excerpt":{"rendered":"<p>Entre los d\u00edas 1 y 31 de marzo,&nbsp;ambos inclusive, deber\u00e1n presentar su solicitud los escolares de segundo ciclo de educaci\u00f3n infantil, educaci\u00f3n primaria, educaci\u00f3n especial, educaci\u00f3n secundaria obligatoria y bachillerato. Se inicia de este&#46;&#46;&#46;<\/p>\n","protected":false},"author":1,"featured_media":0,"parent":0,"menu_order":0,"comment_status":"closed","ping_status":"open","template":"","meta":{"ngg_post_thumbnail":0,"footnotes":"","_mc_calendar":[]},"aioseo_notices":[],"_links":{"self":[{"href":"https:\/\/blogsaverroes.juntadeandalucia.es\/parqueclavero\/wp-json\/wp\/v2\/pages\/141"}],"collection":[{"href":"https:\/\/blogsaverroes.juntadeandalucia.es\/parqueclavero\/wp-json\/wp\/v2\/pages"}],"about":[{"href":"https:\/\/blogsaverroes.juntadeandalucia.es\/parqueclavero\/wp-json\/wp\/v2\/types\/page"}],"author":[{"embeddable":true,"href":"https:\/\/blogsaverroes.juntadeandalucia.es\/parqueclavero\/wp-json\/wp\/v2\/users\/1"}],"replies":[{"embeddable":true,"href":"https:\/\/blogsaverroes.juntadeandalucia.es\/parqueclavero\/wp-json\/wp\/v2\/comments?post=141"}],"version-history":[{"count":17,"href":"https:\/\/blogsaverroes.juntadeandalucia.es\/parqueclavero\/wp-json\/wp\/v2\/pages\/141\/revisions"}],"predecessor-version":[{"id":3441,"href":"https:\/\/blogsaverroes.juntadeandalucia.es\/parqueclavero\/wp-json\/wp\/v2\/pages\/141\/revisions\/3441"}],"wp:attachment":[{"href":"https:\/\/blogsaverroes.juntadeandalucia.es\/parqueclavero\/wp-json\/wp\/v2\/media?parent=141"}],"curies":[{"name":"wp","href":"https:\/\/api.w.org\/{rel}","templated":true}]}}