{"id":35,"date":"2015-03-13T08:21:43","date_gmt":"2015-03-13T08:21:43","guid":{"rendered":"http:\/\/blogsaverroes.juntadeandalucia.es\/pre\/ceip\/?page_id=35"},"modified":"2022-12-05T08:02:06","modified_gmt":"2022-12-05T08:02:06","slug":"el-centro-2","status":"publish","type":"page","link":"https:\/\/blogsaverroes.juntadeandalucia.es\/parqueclavero\/el-centro-2\/","title":{"rendered":"Datos del centro"},"content":{"rendered":"<div class=\"mapouter\">\n<div>El CEIP Parque Clavero est\u00e1 situado en la zona este de M\u00e1laga en la calle Federico Fellini. Es un centro de Educaci\u00f3n Infantil y Primaria, y en la actualidad cuenta con 375 alumnos. Cuenta con los servicios de aula matinal, comedor y se ofrecen actividades extraescolares para atender a nuestro alumnado m\u00e1s all\u00e1 del horario habitual de clases.<\/div>\n<div>&nbsp;<\/div>\n<div class=\"gmap_canvas\"><iframe loading=\"lazy\" src=\"https:\/\/maps.google.com\/maps?q=C\/%20Federico%20Fellini,%202%20&amp;t=&amp;z=13&amp;ie=UTF8&amp;iwloc=&amp;output=embed\" width=\"600\" height=\"500\" frameborder=\"0\" marginwidth=\"0\" marginheight=\"0\" scrolling=\"no\"><\/iframe><\/div>\n<div>&nbsp;<\/div>\n<div>&nbsp;<\/div>\n<div class=\"gmap_canvas\">&nbsp;<\/div>\n<\/div>\n","protected":false},"excerpt":{"rendered":"<p>El CEIP Parque Clavero est\u00e1 situado en la zona este de M\u00e1laga en la calle Federico Fellini. Es un centro de Educaci\u00f3n Infantil y Primaria, y en la actualidad cuenta con 375 alumnos. Cuenta&#46;&#46;&#46;<\/p>\n","protected":false},"author":1,"featured_media":0,"parent":0,"menu_order":0,"comment_status":"closed","ping_status":"open","template":"","meta":{"ngg_post_thumbnail":0,"footnotes":"","_mc_calendar":[]},"aioseo_notices":[],"_links":{"self":[{"href":"https:\/\/blogsaverroes.juntadeandalucia.es\/parqueclavero\/wp-json\/wp\/v2\/pages\/35"}],"collection":[{"href":"https:\/\/blogsaverroes.juntadeandalucia.es\/parqueclavero\/wp-json\/wp\/v2\/pages"}],"about":[{"href":"https:\/\/blogsaverroes.juntadeandalucia.es\/parqueclavero\/wp-json\/wp\/v2\/types\/page"}],"author":[{"embeddable":true,"href":"https:\/\/blogsaverroes.juntadeandalucia.es\/parqueclavero\/wp-json\/wp\/v2\/users\/1"}],"replies":[{"embeddable":true,"href":"https:\/\/blogsaverroes.juntadeandalucia.es\/parqueclavero\/wp-json\/wp\/v2\/comments?post=35"}],"version-history":[{"count":51,"href":"https:\/\/blogsaverroes.juntadeandalucia.es\/parqueclavero\/wp-json\/wp\/v2\/pages\/35\/revisions"}],"predecessor-version":[{"id":3189,"href":"https:\/\/blogsaverroes.juntadeandalucia.es\/parqueclavero\/wp-json\/wp\/v2\/pages\/35\/revisions\/3189"}],"wp:attachment":[{"href":"https:\/\/blogsaverroes.juntadeandalucia.es\/parqueclavero\/wp-json\/wp\/v2\/media?parent=35"}],"curies":[{"name":"wp","href":"https:\/\/api.w.org\/{rel}","templated":true}]}}