{"id":434,"date":"2015-03-20T07:07:50","date_gmt":"2015-03-20T07:07:50","guid":{"rendered":"http:\/\/blogsaverroes.juntadeandalucia.es\/pre\/ceip\/?page_id=434"},"modified":"2025-11-10T14:56:03","modified_gmt":"2025-11-10T14:56:03","slug":"componentes","status":"publish","type":"page","link":"https:\/\/blogsaverroes.juntadeandalucia.es\/parqueclavero\/ed-primaria-2o-ciclo\/componentes\/","title":{"rendered":"E.P. 2\u00ba ciclo."},"content":{"rendered":"<ul style=\"list-style-type: circle\">\n<li>3\u00baA: N\u00fa\u00f1ez Guti\u00e9rrez, Mar\u00eda Carmen<\/li>\n<li>3\u00ba B: L\u00f3pez Carrera, Mar\u00eda Victoria<\/li>\n<li>4\u00baA: Segalerva Romero, Nuria<\/li>\n<li>4\u00baB: Servetto Criado, Valeria<\/li>\n<li>Religi\u00f3n: Borrego Rojo, Jos\u00e9 Enrique&nbsp;<\/li>\n<\/ul>\n<p><a href=\"https:\/\/drive.google.com\/drive\/folders\/1TP9rmW21Fcf6r2hioIzw73DsVtiVQTKp?usp=sharing\">Situaciones de aprendizaje 3\u00ba<\/a><\/p>\n<p><a href=\"https:\/\/drive.google.com\/drive\/folders\/10YFk287fuA0i0UJ4en1Xh59w4MySW2Ol?usp=sharing\">Situaciones de aprendizaje 4\u00ba<\/a><\/p>\n","protected":false},"excerpt":{"rendered":"<p>3\u00baA: N\u00fa\u00f1ez Guti\u00e9rrez, Mar\u00eda Carmen 3\u00ba B: L\u00f3pez Carrera, Mar\u00eda Victoria 4\u00baA: Segalerva Romero, Nuria 4\u00baB: Servetto Criado, Valeria Religi\u00f3n: Borrego Rojo, Jos\u00e9 Enrique&nbsp; Situaciones de aprendizaje 3\u00ba Situaciones de aprendizaje 4\u00ba<\/p>\n","protected":false},"author":1,"featured_media":0,"parent":432,"menu_order":0,"comment_status":"closed","ping_status":"closed","template":"","meta":{"ngg_post_thumbnail":0,"footnotes":"","_mc_calendar":[]},"aioseo_notices":[],"_links":{"self":[{"href":"https:\/\/blogsaverroes.juntadeandalucia.es\/parqueclavero\/wp-json\/wp\/v2\/pages\/434"}],"collection":[{"href":"https:\/\/blogsaverroes.juntadeandalucia.es\/parqueclavero\/wp-json\/wp\/v2\/pages"}],"about":[{"href":"https:\/\/blogsaverroes.juntadeandalucia.es\/parqueclavero\/wp-json\/wp\/v2\/types\/page"}],"author":[{"embeddable":true,"href":"https:\/\/blogsaverroes.juntadeandalucia.es\/parqueclavero\/wp-json\/wp\/v2\/users\/1"}],"replies":[{"embeddable":true,"href":"https:\/\/blogsaverroes.juntadeandalucia.es\/parqueclavero\/wp-json\/wp\/v2\/comments?post=434"}],"version-history":[{"count":38,"href":"https:\/\/blogsaverroes.juntadeandalucia.es\/parqueclavero\/wp-json\/wp\/v2\/pages\/434\/revisions"}],"predecessor-version":[{"id":3415,"href":"https:\/\/blogsaverroes.juntadeandalucia.es\/parqueclavero\/wp-json\/wp\/v2\/pages\/434\/revisions\/3415"}],"up":[{"embeddable":true,"href":"https:\/\/blogsaverroes.juntadeandalucia.es\/parqueclavero\/wp-json\/wp\/v2\/pages\/432"}],"wp:attachment":[{"href":"https:\/\/blogsaverroes.juntadeandalucia.es\/parqueclavero\/wp-json\/wp\/v2\/media?parent=434"}],"curies":[{"name":"wp","href":"https:\/\/api.w.org\/{rel}","templated":true}]}}