{"id":49,"date":"2015-03-13T08:47:05","date_gmt":"2015-03-13T08:47:05","guid":{"rendered":"http:\/\/blogsaverroes.juntadeandalucia.es\/pre\/ceip\/?page_id=49"},"modified":"2025-11-10T10:43:42","modified_gmt":"2025-11-10T10:43:42","slug":"proyecto-educativo","status":"publish","type":"page","link":"https:\/\/blogsaverroes.juntadeandalucia.es\/parqueclavero\/proyecto-educativo\/","title":{"rendered":"Proyecto Educativo"},"content":{"rendered":"<p style=\"text-align: justify\"><img loading=\"lazy\" decoding=\"async\" class=\"alignnone size-medium wp-image-1662\" src=\"https:\/\/blogsaverroes.juntadeandalucia.es\/parqueclavero\/files\/2015\/03\/proyecto-300x266.png\" alt=\"proyecto\" width=\"300\" height=\"266\" srcset=\"https:\/\/blogsaverroes.juntadeandalucia.es\/parqueclavero\/files\/2015\/03\/proyecto-300x266.png 300w, https:\/\/blogsaverroes.juntadeandalucia.es\/parqueclavero\/files\/2015\/03\/proyecto-332x295.png 332w, https:\/\/blogsaverroes.juntadeandalucia.es\/parqueclavero\/files\/2015\/03\/proyecto.png 640w\" sizes=\"(max-width: 300px) 100vw, 300px\" \/><\/p>\n<p>Un centro se define en gran medida por su <strong>Proyecto Educativo<\/strong>. En \u00e9l se plasma el modelo educativo y la concreci\u00f3n de la normativa que un centro realiza respecto a las ense\u00f1anzas que imparte. Aspectos tales como las finales educativas, objetivos, atenci\u00f3n a la diversidad, etc.<\/p>\n<p>\u00c9ste es nuestro Plan de centro.<\/p>\n<p>Haz click en el enlace.<\/p>\n<p><a title=\"https:\/\/drive.google.com\/file\/d\/1lA7CXcYGweLe3FPxLUUGUM18ss1Rxnrf\/view?usp=sharing\" href=\"https:\/\/drive.google.com\/file\/d\/1lA7CXcYGweLe3FPxLUUGUM18ss1Rxnrf\/view?usp=sharing\">Plan de centro<\/a><\/p>\n<p>Y aqu\u00ed pueden consultar las programaciones did\u00e1cticas y las situaciones de aprendizaje:<\/p>\n<p><a href=\"https:\/\/drive.google.com\/drive\/folders\/1rMJs_5YpSV0bQB8BigkX0Q4kPvx3cRGG?usp=sharing\">Programaciones did\u00e1cticas<\/a><\/p>\n<p><a title=\"Situaciones de aprendizaje\" href=\"https:\/\/drive.google.com\/drive\/folders\/18rfNOFgQTdKyooLMd_7UNZv4laiMvHvf?usp=sharing\">Situaciones de aprendizaje<\/a><\/p>\n","protected":false},"excerpt":{"rendered":"<p>Un centro se define en gran medida por su Proyecto Educativo. En \u00e9l se plasma el modelo educativo y la concreci\u00f3n de la normativa que un centro realiza respecto a las ense\u00f1anzas que imparte.&#46;&#46;&#46;<\/p>\n","protected":false},"author":1,"featured_media":0,"parent":0,"menu_order":0,"comment_status":"closed","ping_status":"open","template":"","meta":{"ngg_post_thumbnail":0,"footnotes":"","_mc_calendar":[]},"aioseo_notices":[],"_links":{"self":[{"href":"https:\/\/blogsaverroes.juntadeandalucia.es\/parqueclavero\/wp-json\/wp\/v2\/pages\/49"}],"collection":[{"href":"https:\/\/blogsaverroes.juntadeandalucia.es\/parqueclavero\/wp-json\/wp\/v2\/pages"}],"about":[{"href":"https:\/\/blogsaverroes.juntadeandalucia.es\/parqueclavero\/wp-json\/wp\/v2\/types\/page"}],"author":[{"embeddable":true,"href":"https:\/\/blogsaverroes.juntadeandalucia.es\/parqueclavero\/wp-json\/wp\/v2\/users\/1"}],"replies":[{"embeddable":true,"href":"https:\/\/blogsaverroes.juntadeandalucia.es\/parqueclavero\/wp-json\/wp\/v2\/comments?post=49"}],"version-history":[{"count":24,"href":"https:\/\/blogsaverroes.juntadeandalucia.es\/parqueclavero\/wp-json\/wp\/v2\/pages\/49\/revisions"}],"predecessor-version":[{"id":3398,"href":"https:\/\/blogsaverroes.juntadeandalucia.es\/parqueclavero\/wp-json\/wp\/v2\/pages\/49\/revisions\/3398"}],"wp:attachment":[{"href":"https:\/\/blogsaverroes.juntadeandalucia.es\/parqueclavero\/wp-json\/wp\/v2\/media?parent=49"}],"curies":[{"name":"wp","href":"https:\/\/api.w.org\/{rel}","templated":true}]}}