{"id":99,"date":"2015-03-16T07:22:54","date_gmt":"2015-03-16T07:22:54","guid":{"rendered":"http:\/\/blogsaverroes.juntadeandalucia.es\/pre\/ceip\/?page_id=99"},"modified":"2026-01-23T11:31:13","modified_gmt":"2026-01-23T11:31:13","slug":"comedor-escolar","status":"publish","type":"page","link":"https:\/\/blogsaverroes.juntadeandalucia.es\/parqueclavero\/comedor-escolar\/","title":{"rendered":"Comedor escolar"},"content":{"rendered":"<h4 style=\"font-style: normal\">Los comedores escolares son un servicio complementario que resulta de gran utilidad a padres y madres para ayudarles a conciliar la vida laboral y familiar. Tienen una duraci\u00f3n de hasta dos horas desde que acaba la jornada escolar de la ma\u00f1ana (de 14.00 a 16.00 horas).<\/h4>\n<p><span style=\"color: #ff0000\"><em><strong>Horario de recogida del alumnado 15:15 a 15:25 y 15:50 a 16:00 horas .<\/strong><\/em><\/span><\/p>\n<p>Los comedores son adem\u00e1s una pieza importante&nbsp;en todas las medidas dirigidas a mejorar los h\u00e1bitos alimenticios de los ni\u00f1os y ni\u00f1as y prevenir problemas de salud como la obesidad.<\/p>\n<p>Los comedores escolares de los centros p\u00fablicos andaluces promueven una alimentaci\u00f3n saludable que est\u00e1 supervisada por nutricionistas y que, entre otros aspectos, se caracteriza por:<\/p>\n<ul style=\"list-style-type: square\">\n<li>Una mayor proporci\u00f3n de verdura en los men\u00fas.<\/li>\n<li>Fruta fresca como postre al menos cuatro d\u00edas a la semana.<\/li>\n<li>Uso de aceite de oliva virgen extra.<\/li>\n<li>M\u00e1s pescado que carne, que debe ser magra.<\/li>\n<li>Prohibici\u00f3n de los alimentos precocinados y limitaci\u00f3n de los fritos.<\/li>\n<li>Apuesta por la dieta mediterr\u00e1nea y los productos ecol\u00f3gicos.<\/li>\n<\/ul>\n<h4 style=\"font-style: normal\"><b>Informaci\u00f3n curso 25-26<\/b><\/h4>\n<p>&nbsp;<\/p>\n<p><a href=\"https:\/\/blogsaverroes.juntadeandalucia.es\/parqueclavero\/files\/2025\/09\/Carta-presentacion-curso-2025-2026-Malaga-A4docx_page-0001.jpg\"><img loading=\"lazy\" decoding=\"async\" class=\"alignnone size-full wp-image-3374\" src=\"https:\/\/blogsaverroes.juntadeandalucia.es\/parqueclavero\/files\/2025\/09\/Carta-presentacion-curso-2025-2026-Malaga-A4docx_page-0001.jpg\" alt=\"\" width=\"1241\" height=\"1755\" srcset=\"https:\/\/blogsaverroes.juntadeandalucia.es\/parqueclavero\/files\/2025\/09\/Carta-presentacion-curso-2025-2026-Malaga-A4docx_page-0001.jpg 1131w, https:\/\/blogsaverroes.juntadeandalucia.es\/parqueclavero\/files\/2025\/09\/Carta-presentacion-curso-2025-2026-Malaga-A4docx_page-0001-212x300.jpg 212w, https:\/\/blogsaverroes.juntadeandalucia.es\/parqueclavero\/files\/2025\/09\/Carta-presentacion-curso-2025-2026-Malaga-A4docx_page-0001-724x1024.jpg 724w, https:\/\/blogsaverroes.juntadeandalucia.es\/parqueclavero\/files\/2025\/09\/Carta-presentacion-curso-2025-2026-Malaga-A4docx_page-0001-768x1086.jpg 768w, https:\/\/blogsaverroes.juntadeandalucia.es\/parqueclavero\/files\/2025\/09\/Carta-presentacion-curso-2025-2026-Malaga-A4docx_page-0001-1086x1536.jpg 1086w\" sizes=\"(max-width: 1241px) 100vw, 1241px\" \/><\/a><\/p>\n<p><a href=\"https:\/\/blogsaverroes.juntadeandalucia.es\/parqueclavero\/files\/2025\/09\/Carta-presentacion-curso-2025-2026-Malaga-A4docx_page-0002.jpg\"><img loading=\"lazy\" decoding=\"async\" class=\"alignnone size-full wp-image-3375\" src=\"https:\/\/blogsaverroes.juntadeandalucia.es\/parqueclavero\/files\/2025\/09\/Carta-presentacion-curso-2025-2026-Malaga-A4docx_page-0002.jpg\" alt=\"\" width=\"1241\" height=\"1755\" srcset=\"https:\/\/blogsaverroes.juntadeandalucia.es\/parqueclavero\/files\/2025\/09\/Carta-presentacion-curso-2025-2026-Malaga-A4docx_page-0002.jpg 1131w, https:\/\/blogsaverroes.juntadeandalucia.es\/parqueclavero\/files\/2025\/09\/Carta-presentacion-curso-2025-2026-Malaga-A4docx_page-0002-212x300.jpg 212w, https:\/\/blogsaverroes.juntadeandalucia.es\/parqueclavero\/files\/2025\/09\/Carta-presentacion-curso-2025-2026-Malaga-A4docx_page-0002-724x1024.jpg 724w, https:\/\/blogsaverroes.juntadeandalucia.es\/parqueclavero\/files\/2025\/09\/Carta-presentacion-curso-2025-2026-Malaga-A4docx_page-0002-768x1086.jpg 768w, https:\/\/blogsaverroes.juntadeandalucia.es\/parqueclavero\/files\/2025\/09\/Carta-presentacion-curso-2025-2026-Malaga-A4docx_page-0002-1086x1536.jpg 1086w\" sizes=\"(max-width: 1241px) 100vw, 1241px\" \/><\/a><\/p>\n<p><a href=\"https:\/\/blogsaverroes.juntadeandalucia.es\/parqueclavero\/files\/2025\/09\/Normas-Simplificadas-Malaga-2025-2026_page-0001.jpg\"><img loading=\"lazy\" decoding=\"async\" class=\"alignnone size-full wp-image-3376\" src=\"https:\/\/blogsaverroes.juntadeandalucia.es\/parqueclavero\/files\/2025\/09\/Normas-Simplificadas-Malaga-2025-2026_page-0001.jpg\" alt=\"\" width=\"1755\" height=\"1241\" srcset=\"https:\/\/blogsaverroes.juntadeandalucia.es\/parqueclavero\/files\/2025\/09\/Normas-Simplificadas-Malaga-2025-2026_page-0001.jpg 1755w, https:\/\/blogsaverroes.juntadeandalucia.es\/parqueclavero\/files\/2025\/09\/Normas-Simplificadas-Malaga-2025-2026_page-0001-300x212.jpg 300w, https:\/\/blogsaverroes.juntadeandalucia.es\/parqueclavero\/files\/2025\/09\/Normas-Simplificadas-Malaga-2025-2026_page-0001-1024x724.jpg 1024w, https:\/\/blogsaverroes.juntadeandalucia.es\/parqueclavero\/files\/2025\/09\/Normas-Simplificadas-Malaga-2025-2026_page-0001-768x543.jpg 768w, https:\/\/blogsaverroes.juntadeandalucia.es\/parqueclavero\/files\/2025\/09\/Normas-Simplificadas-Malaga-2025-2026_page-0001-1536x1086.jpg 1536w\" sizes=\"(max-width: 1755px) 100vw, 1755px\" \/><\/a><\/p>\n<p>&nbsp;<\/p>\n<p>&nbsp;<\/p>\n<p><strong>Men\u00fa enero-febrero<\/strong><\/p>\n<p><a href=\"https:\/\/blogsaverroes.juntadeandalucia.es\/parqueclavero\/files\/2026\/01\/page_000001.png\"><img loading=\"lazy\" decoding=\"async\" class=\"alignnone size-full wp-image-3423\" src=\"https:\/\/blogsaverroes.juntadeandalucia.es\/parqueclavero\/files\/2026\/01\/page_000001.png\" alt=\"\" width=\"3504\" height=\"2479\" srcset=\"https:\/\/blogsaverroes.juntadeandalucia.es\/parqueclavero\/files\/2026\/01\/page_000001.png 1600w, https:\/\/blogsaverroes.juntadeandalucia.es\/parqueclavero\/files\/2026\/01\/page_000001-300x212.png 300w, https:\/\/blogsaverroes.juntadeandalucia.es\/parqueclavero\/files\/2026\/01\/page_000001-1024x724.png 1024w, https:\/\/blogsaverroes.juntadeandalucia.es\/parqueclavero\/files\/2026\/01\/page_000001-768x543.png 768w, https:\/\/blogsaverroes.juntadeandalucia.es\/parqueclavero\/files\/2026\/01\/page_000001-1536x1087.png 1536w, https:\/\/blogsaverroes.juntadeandalucia.es\/parqueclavero\/files\/2026\/01\/page_000001-2048x1449.png 2048w\" sizes=\"(max-width: 3504px) 100vw, 3504px\" \/><\/a><\/p>\n<p>&nbsp;<\/p>\n<p>&nbsp;<\/p>\n<p>&nbsp;<\/p>\n<p>&nbsp;<\/p>\n<p>&nbsp;<\/p>\n<p>&nbsp;<\/p>\n<p>&nbsp;<\/p>\n<p>&nbsp;<\/p>\n<p>&nbsp;<\/p>\n","protected":false},"excerpt":{"rendered":"<p>Los comedores escolares son un servicio complementario que resulta de gran utilidad a padres y madres para ayudarles a conciliar la vida laboral y familiar. Tienen una duraci\u00f3n de hasta dos horas desde que&#46;&#46;&#46;<\/p>\n","protected":false},"author":1,"featured_media":0,"parent":0,"menu_order":0,"comment_status":"closed","ping_status":"open","template":"","meta":{"ngg_post_thumbnail":0,"footnotes":"","_mc_calendar":[]},"aioseo_notices":[],"_links":{"self":[{"href":"https:\/\/blogsaverroes.juntadeandalucia.es\/parqueclavero\/wp-json\/wp\/v2\/pages\/99"}],"collection":[{"href":"https:\/\/blogsaverroes.juntadeandalucia.es\/parqueclavero\/wp-json\/wp\/v2\/pages"}],"about":[{"href":"https:\/\/blogsaverroes.juntadeandalucia.es\/parqueclavero\/wp-json\/wp\/v2\/types\/page"}],"author":[{"embeddable":true,"href":"https:\/\/blogsaverroes.juntadeandalucia.es\/parqueclavero\/wp-json\/wp\/v2\/users\/1"}],"replies":[{"embeddable":true,"href":"https:\/\/blogsaverroes.juntadeandalucia.es\/parqueclavero\/wp-json\/wp\/v2\/comments?post=99"}],"version-history":[{"count":53,"href":"https:\/\/blogsaverroes.juntadeandalucia.es\/parqueclavero\/wp-json\/wp\/v2\/pages\/99\/revisions"}],"predecessor-version":[{"id":3424,"href":"https:\/\/blogsaverroes.juntadeandalucia.es\/parqueclavero\/wp-json\/wp\/v2\/pages\/99\/revisions\/3424"}],"wp:attachment":[{"href":"https:\/\/blogsaverroes.juntadeandalucia.es\/parqueclavero\/wp-json\/wp\/v2\/media?parent=99"}],"curies":[{"name":"wp","href":"https:\/\/api.w.org\/{rel}","templated":true}]}}