{"id":63,"date":"2020-11-06T17:41:48","date_gmt":"2020-11-06T17:41:48","guid":{"rendered":"https:\/\/blogsaverroes.juntadeandalucia.es\/pazstodomingo\/?page_id=63"},"modified":"2021-01-10T12:58:50","modified_gmt":"2021-01-10T12:58:50","slug":"3-diciembre-dia-internacional-personas-con-discapacidad","status":"publish","type":"page","link":"https:\/\/blogsaverroes.juntadeandalucia.es\/pazstodomingo\/3-diciembre-dia-internacional-personas-con-discapacidad\/","title":{"rendered":"3 diciembre: D\u00eda internacional personas con discapacidad"},"content":{"rendered":"<p style=\"text-align: center\"><iframe loading=\"lazy\" src=\"\/\/www.youtube.com\/embed\/Buj563FrzUY\" width=\"800\" height=\"449\"><\/iframe><\/p>\n<p>Adem\u00e1s desde la cuenta de @iesstodomingo realizamos un InstaLive con el festival de m\u00fasica almeriense @coolturalfest para hablar de inclusi\u00f3n en la m\u00fasica (<a href=\"https:\/\/www.instagram.com\/tv\/CIWCJ7MoNM2\/?igshid=ri1i0dj3vmgt\">enlace a IGTV<\/a>)<\/p>\n","protected":false},"excerpt":{"rendered":"<p>Adem\u00e1s desde la cuenta de @iesstodomingo realizamos un InstaLive con el festival de m\u00fasica almeriense @coolturalfest para hablar de inclusi\u00f3n en la m\u00fasica (enlace a IGTV)<\/p>\n","protected":false},"author":10325,"featured_media":0,"parent":0,"menu_order":0,"comment_status":"closed","ping_status":"closed","template":"","meta":{"ngg_post_thumbnail":0,"footnotes":""},"aioseo_notices":[],"_links":{"self":[{"href":"https:\/\/blogsaverroes.juntadeandalucia.es\/pazstodomingo\/wp-json\/wp\/v2\/pages\/63"}],"collection":[{"href":"https:\/\/blogsaverroes.juntadeandalucia.es\/pazstodomingo\/wp-json\/wp\/v2\/pages"}],"about":[{"href":"https:\/\/blogsaverroes.juntadeandalucia.es\/pazstodomingo\/wp-json\/wp\/v2\/types\/page"}],"author":[{"embeddable":true,"href":"https:\/\/blogsaverroes.juntadeandalucia.es\/pazstodomingo\/wp-json\/wp\/v2\/users\/10325"}],"replies":[{"embeddable":true,"href":"https:\/\/blogsaverroes.juntadeandalucia.es\/pazstodomingo\/wp-json\/wp\/v2\/comments?post=63"}],"version-history":[{"count":5,"href":"https:\/\/blogsaverroes.juntadeandalucia.es\/pazstodomingo\/wp-json\/wp\/v2\/pages\/63\/revisions"}],"predecessor-version":[{"id":73,"href":"https:\/\/blogsaverroes.juntadeandalucia.es\/pazstodomingo\/wp-json\/wp\/v2\/pages\/63\/revisions\/73"}],"wp:attachment":[{"href":"https:\/\/blogsaverroes.juntadeandalucia.es\/pazstodomingo\/wp-json\/wp\/v2\/media?parent=63"}],"curies":[{"name":"wp","href":"https:\/\/api.w.org\/{rel}","templated":true}]}}