{"id":141,"date":"2015-03-17T07:13:24","date_gmt":"2015-03-17T07:13:24","guid":{"rendered":"http:\/\/blogsaverroes.juntadeandalucia.es\/pre\/ceip\/?page_id=141"},"modified":"2024-02-16T09:01:35","modified_gmt":"2024-02-16T09:01:35","slug":"escolarizacion","status":"publish","type":"page","link":"https:\/\/blogsaverroes.juntadeandalucia.es\/peman\/pagina-ejemplo-2\/escolarizacion\/","title":{"rendered":"Escolarizaci\u00f3n"},"content":{"rendered":"<p><img loading=\"lazy\" decoding=\"async\" class=\"\" src=\"https:\/\/www.juntadeandalucia.es\/educacion\/portals\/image\/layout_set_logo?img_id=22116&amp;t=1613793494339\" alt=\"Escolarizaci\u00f3n 2020\/2021\" width=\"318\" height=\"95\"><\/p>\n<p>Esta secci\u00f3n puede contener cuanta informaci\u00f3n sea de utilidad para las familias a la hora de de iniciar el proceso de escolarizaci\u00f3n: plazos, documentos, normativa, enlaces, etc.&nbsp;<\/p>\n<p><strong>NUESTRA OFERTA EDUCATIVA PARA EL PR\u00d3XIMO CURSO ESCOLAR 2024-2025 SER\u00c1 LA SIGUIENTE:<\/strong><\/p>\n<p><strong>INFANTIL DE 3 A\u00d1OS&nbsp; &nbsp; &nbsp; 50 PLAZAS<\/strong><\/p>\n<p><strong>INFANTIL DE 5 A\u00d1OS&nbsp; &nbsp; &nbsp; &nbsp; &nbsp;9 PLAZAS<\/strong><\/p>\n<p><strong>SEGUNDO&nbsp; &nbsp; &nbsp; &nbsp; &nbsp; &nbsp; &nbsp; &nbsp; &nbsp; &nbsp; &nbsp; &nbsp; &nbsp; &nbsp; &nbsp; &nbsp; 1 PLAZA<\/strong><\/p>\n<p>&nbsp;<\/p>\n<p><span style=\"color: #ff0000\"><strong>EL PLAZO DE ADMISI\u00d3N COMIENZA EL PR\u00d3XIMO D\u00cdA 1 DE MARZO.&nbsp; SE RECOMIENDA REALIZAR LOS TR\u00c1MITES A TRAV\u00c9S DE LA SECRETAR\u00cdA VIRTUAL DE LOS CENTROS EDUCATIVOS.&nbsp; PLAZO DE ENTREGA DE SOLICITUDES DEL 1 DE MARZO-1&nbsp; DE ABRIL.<\/strong><\/span><\/p>\n<p><a href=\"https:\/\/portales.ced.junta-andalucia.es\/educacion\/portales\/web\/escolarizacion\">P\u00c1GINA ESCOLARIZACI\u00d3N JUNTA DE ANDALUC\u00cdA<\/a><\/p>\n<p>&nbsp;<\/p>\n<p><a href=\"https:\/\/www.juntadeandalucia.es\/educacion\/portals\/web\/escolarizacion\/infantil-a-bachillerato\/impresos\">Enlace a los anexos de admisi\u00f3n y matriculaci\u00f3n<\/a><\/p>\n","protected":false},"excerpt":{"rendered":"<p>Esta secci\u00f3n puede contener cuanta informaci\u00f3n sea de utilidad para las familias a la hora de de iniciar el proceso de escolarizaci\u00f3n: plazos, documentos, normativa, enlaces, etc.&nbsp; NUESTRA OFERTA EDUCATIVA PARA EL PR\u00d3XIMO CURSO&#46;&#46;&#46;<\/p>\n","protected":false},"author":1,"featured_media":0,"parent":1113,"menu_order":0,"comment_status":"closed","ping_status":"open","template":"","meta":{"ngg_post_thumbnail":0,"footnotes":"","_mc_calendar":[]},"aioseo_notices":[],"_links":{"self":[{"href":"https:\/\/blogsaverroes.juntadeandalucia.es\/peman\/wp-json\/wp\/v2\/pages\/141"}],"collection":[{"href":"https:\/\/blogsaverroes.juntadeandalucia.es\/peman\/wp-json\/wp\/v2\/pages"}],"about":[{"href":"https:\/\/blogsaverroes.juntadeandalucia.es\/peman\/wp-json\/wp\/v2\/types\/page"}],"author":[{"embeddable":true,"href":"https:\/\/blogsaverroes.juntadeandalucia.es\/peman\/wp-json\/wp\/v2\/users\/1"}],"replies":[{"embeddable":true,"href":"https:\/\/blogsaverroes.juntadeandalucia.es\/peman\/wp-json\/wp\/v2\/comments?post=141"}],"version-history":[{"count":14,"href":"https:\/\/blogsaverroes.juntadeandalucia.es\/peman\/wp-json\/wp\/v2\/pages\/141\/revisions"}],"predecessor-version":[{"id":4345,"href":"https:\/\/blogsaverroes.juntadeandalucia.es\/peman\/wp-json\/wp\/v2\/pages\/141\/revisions\/4345"}],"up":[{"embeddable":true,"href":"https:\/\/blogsaverroes.juntadeandalucia.es\/peman\/wp-json\/wp\/v2\/pages\/1113"}],"wp:attachment":[{"href":"https:\/\/blogsaverroes.juntadeandalucia.es\/peman\/wp-json\/wp\/v2\/media?parent=141"}],"curies":[{"name":"wp","href":"https:\/\/api.w.org\/{rel}","templated":true}]}}