{"id":42,"date":"2015-03-13T08:40:47","date_gmt":"2015-03-13T08:40:47","guid":{"rendered":"http:\/\/blogsaverroes.juntadeandalucia.es\/pre\/ceip\/?page_id=42"},"modified":"2022-10-25T17:45:01","modified_gmt":"2022-10-25T17:45:01","slug":"equipo-directivo","status":"publish","type":"page","link":"https:\/\/blogsaverroes.juntadeandalucia.es\/peman\/equipo-directivo\/","title":{"rendered":"Equipo directivo"},"content":{"rendered":"<p>El Equipo Directivo del centro lo conforman:&nbsp;<\/p>\n<p><strong>Direcci\u00f3n: M\u00aa CARMEN DOM\u00cdNGUEZ L\u00d3PEZ.<\/strong><\/p>\n<p><strong>Jefatura de estudios: Noelia Migueles Cosano.<\/strong><\/p>\n<p><strong>Secretar\u00eda: F\u00e9lix Manuel M\u00e1rquez Moreno.<\/strong><\/p>\n","protected":false},"excerpt":{"rendered":"<p>El Equipo Directivo del centro lo conforman:&nbsp; Direcci\u00f3n: M\u00aa CARMEN DOM\u00cdNGUEZ L\u00d3PEZ. Jefatura de estudios: Noelia Migueles Cosano. Secretar\u00eda: F\u00e9lix Manuel M\u00e1rquez Moreno.<\/p>\n","protected":false},"author":1,"featured_media":0,"parent":0,"menu_order":0,"comment_status":"closed","ping_status":"open","template":"","meta":{"ngg_post_thumbnail":0,"footnotes":"","_mc_calendar":[]},"aioseo_notices":[],"_links":{"self":[{"href":"https:\/\/blogsaverroes.juntadeandalucia.es\/peman\/wp-json\/wp\/v2\/pages\/42"}],"collection":[{"href":"https:\/\/blogsaverroes.juntadeandalucia.es\/peman\/wp-json\/wp\/v2\/pages"}],"about":[{"href":"https:\/\/blogsaverroes.juntadeandalucia.es\/peman\/wp-json\/wp\/v2\/types\/page"}],"author":[{"embeddable":true,"href":"https:\/\/blogsaverroes.juntadeandalucia.es\/peman\/wp-json\/wp\/v2\/users\/1"}],"replies":[{"embeddable":true,"href":"https:\/\/blogsaverroes.juntadeandalucia.es\/peman\/wp-json\/wp\/v2\/comments?post=42"}],"version-history":[{"count":6,"href":"https:\/\/blogsaverroes.juntadeandalucia.es\/peman\/wp-json\/wp\/v2\/pages\/42\/revisions"}],"predecessor-version":[{"id":3149,"href":"https:\/\/blogsaverroes.juntadeandalucia.es\/peman\/wp-json\/wp\/v2\/pages\/42\/revisions\/3149"}],"wp:attachment":[{"href":"https:\/\/blogsaverroes.juntadeandalucia.es\/peman\/wp-json\/wp\/v2\/media?parent=42"}],"curies":[{"name":"wp","href":"https:\/\/api.w.org\/{rel}","templated":true}]}}