{"id":430,"date":"2015-03-20T07:07:04","date_gmt":"2015-03-20T07:07:04","guid":{"rendered":"http:\/\/blogsaverroes.juntadeandalucia.es\/pre\/ceip\/?page_id=430"},"modified":"2021-11-25T11:50:30","modified_gmt":"2021-11-25T11:50:30","slug":"materiales-recursos","status":"publish","type":"page","link":"https:\/\/blogsaverroes.juntadeandalucia.es\/peman\/ed-primaria-1o-ciclo\/materiales-recursos\/","title":{"rendered":"E.P. 1\u00ba ciclo. Materiales, recursos&#8230;"},"content":{"rendered":"<p>PROYECTO MATEWARD<\/p>\n<p>Proyecto Mateward es de las 13 Experiencias Docentes Innovadoras ganadoras en SIMO 2021 en la categor\u00eda de gamificaci\u00f3n. El proyecto ha sido creado y llevado a cabo por nuestra se\u00f1o Inmaculada P\u00e9rez Prieto y dirigido a los alumnos y alumnas de 2\u00ba del pasado curso 2020-2021.<\/p>\n<p>Pulsar en la imagen:&nbsp;<\/p>\n<p><a href=\"http:\/\/inmaperezprieto.blogspot.com\/2021\/01\/proyecto-gamificado-mateward.html\"><img loading=\"lazy\" decoding=\"async\" class=\"alignnone wp-image-2493\" src=\"https:\/\/blogsaverroes.juntadeandalucia.es\/peman\/files\/2021\/11\/IMG_4034-300x191.jpg\" alt=\"\" width=\"320\" height=\"204\" srcset=\"https:\/\/blogsaverroes.juntadeandalucia.es\/peman\/files\/2021\/11\/IMG_4034-300x191.jpg 300w, https:\/\/blogsaverroes.juntadeandalucia.es\/peman\/files\/2021\/11\/IMG_4034-1024x653.jpg 1024w, https:\/\/blogsaverroes.juntadeandalucia.es\/peman\/files\/2021\/11\/IMG_4034-768x490.jpg 768w, https:\/\/blogsaverroes.juntadeandalucia.es\/peman\/files\/2021\/11\/IMG_4034-1536x980.jpg 1536w, https:\/\/blogsaverroes.juntadeandalucia.es\/peman\/files\/2021\/11\/IMG_4034.jpg 1600w\" sizes=\"(max-width: 320px) 100vw, 320px\" \/><\/a><\/p>\n","protected":false},"excerpt":{"rendered":"<p>PROYECTO MATEWARD Proyecto Mateward es de las 13 Experiencias Docentes Innovadoras ganadoras en SIMO 2021 en la categor\u00eda de gamificaci\u00f3n. El proyecto ha sido creado y llevado a cabo por nuestra se\u00f1o Inmaculada P\u00e9rez&#46;&#46;&#46;<\/p>\n","protected":false},"author":1,"featured_media":0,"parent":428,"menu_order":0,"comment_status":"closed","ping_status":"open","template":"","meta":{"ngg_post_thumbnail":0,"footnotes":"","_mc_calendar":[]},"aioseo_notices":[],"_links":{"self":[{"href":"https:\/\/blogsaverroes.juntadeandalucia.es\/peman\/wp-json\/wp\/v2\/pages\/430"}],"collection":[{"href":"https:\/\/blogsaverroes.juntadeandalucia.es\/peman\/wp-json\/wp\/v2\/pages"}],"about":[{"href":"https:\/\/blogsaverroes.juntadeandalucia.es\/peman\/wp-json\/wp\/v2\/types\/page"}],"author":[{"embeddable":true,"href":"https:\/\/blogsaverroes.juntadeandalucia.es\/peman\/wp-json\/wp\/v2\/users\/1"}],"replies":[{"embeddable":true,"href":"https:\/\/blogsaverroes.juntadeandalucia.es\/peman\/wp-json\/wp\/v2\/comments?post=430"}],"version-history":[{"count":12,"href":"https:\/\/blogsaverroes.juntadeandalucia.es\/peman\/wp-json\/wp\/v2\/pages\/430\/revisions"}],"predecessor-version":[{"id":2528,"href":"https:\/\/blogsaverroes.juntadeandalucia.es\/peman\/wp-json\/wp\/v2\/pages\/430\/revisions\/2528"}],"up":[{"embeddable":true,"href":"https:\/\/blogsaverroes.juntadeandalucia.es\/peman\/wp-json\/wp\/v2\/pages\/428"}],"wp:attachment":[{"href":"https:\/\/blogsaverroes.juntadeandalucia.es\/peman\/wp-json\/wp\/v2\/media?parent=430"}],"curies":[{"name":"wp","href":"https:\/\/api.w.org\/{rel}","templated":true}]}}