{"id":2220,"date":"2020-01-08T08:12:07","date_gmt":"2020-01-08T08:12:07","guid":{"rendered":"https:\/\/blogsaverroes.juntadeandalucia.es\/penyaluenga\/?page_id=2220"},"modified":"2020-11-18T10:26:49","modified_gmt":"2020-11-18T10:26:49","slug":"documento-de-evaluacion","status":"publish","type":"page","link":"https:\/\/blogsaverroes.juntadeandalucia.es\/penyaluenga\/documento-de-evaluacion\/","title":{"rendered":"Documento de Evaluaci\u00f3n"},"content":{"rendered":"<p>Accede al documento a trav\u00e9s del siguiente enlace web:<\/p>\n<p><a href=\"https:\/\/blogsaverroes.juntadeandalucia.es\/penyaluenga\/files\/2020\/11\/02-Documento-de-evaluaci\u00f3n.pdf\">Documento de evaluaci\u00f3n Pe\u00f1aluenga<\/a><\/p>\n<p><a href=\"https:\/\/blogsaverroes.juntadeandalucia.es\/penyaluenga\/files\/2015\/03\/proyecto.png\"><img loading=\"lazy\" decoding=\"async\" class=\"aligncenter size-full wp-image-1662\" src=\"https:\/\/blogsaverroes.juntadeandalucia.es\/penyaluenga\/files\/2015\/03\/proyecto.png\" alt=\"\" width=\"640\" height=\"568\" srcset=\"https:\/\/blogsaverroes.juntadeandalucia.es\/penyaluenga\/files\/2015\/03\/proyecto.png 640w, https:\/\/blogsaverroes.juntadeandalucia.es\/penyaluenga\/files\/2015\/03\/proyecto-300x266.png 300w\" sizes=\"(max-width: 640px) 100vw, 640px\" \/><\/a><\/p>\n","protected":false},"excerpt":{"rendered":"<p>Accede al documento a trav\u00e9s del siguiente enlace web: Documento de evaluaci\u00f3n Pe\u00f1aluenga<\/p>\n","protected":false},"author":1896,"featured_media":0,"parent":0,"menu_order":0,"comment_status":"closed","ping_status":"closed","template":"","meta":{"ngg_post_thumbnail":0,"footnotes":"","_mc_calendar":[]},"aioseo_notices":[],"post_mailing_queue_ids":[],"_links":{"self":[{"href":"https:\/\/blogsaverroes.juntadeandalucia.es\/penyaluenga\/wp-json\/wp\/v2\/pages\/2220"}],"collection":[{"href":"https:\/\/blogsaverroes.juntadeandalucia.es\/penyaluenga\/wp-json\/wp\/v2\/pages"}],"about":[{"href":"https:\/\/blogsaverroes.juntadeandalucia.es\/penyaluenga\/wp-json\/wp\/v2\/types\/page"}],"author":[{"embeddable":true,"href":"https:\/\/blogsaverroes.juntadeandalucia.es\/penyaluenga\/wp-json\/wp\/v2\/users\/1896"}],"replies":[{"embeddable":true,"href":"https:\/\/blogsaverroes.juntadeandalucia.es\/penyaluenga\/wp-json\/wp\/v2\/comments?post=2220"}],"version-history":[{"count":7,"href":"https:\/\/blogsaverroes.juntadeandalucia.es\/penyaluenga\/wp-json\/wp\/v2\/pages\/2220\/revisions"}],"predecessor-version":[{"id":3159,"href":"https:\/\/blogsaverroes.juntadeandalucia.es\/penyaluenga\/wp-json\/wp\/v2\/pages\/2220\/revisions\/3159"}],"wp:attachment":[{"href":"https:\/\/blogsaverroes.juntadeandalucia.es\/penyaluenga\/wp-json\/wp\/v2\/media?parent=2220"}],"curies":[{"name":"wp","href":"https:\/\/api.w.org\/{rel}","templated":true}]}}