{"id":2923,"date":"2020-07-08T08:11:29","date_gmt":"2020-07-08T08:11:29","guid":{"rendered":"https:\/\/blogsaverroes.juntadeandalucia.es\/penyaluenga\/?page_id=2923"},"modified":"2020-07-08T08:18:19","modified_gmt":"2020-07-08T08:18:19","slug":"el-germen","status":"publish","type":"page","link":"https:\/\/blogsaverroes.juntadeandalucia.es\/penyaluenga\/el-germen\/","title":{"rendered":"El germen&#8230;"},"content":{"rendered":"<p style=\"text-align: center\"><a href=\"https:\/\/blogsaverroes.juntadeandalucia.es\/penyaluenga\/files\/2020\/07\/086smf_a-2.jpg\"><img loading=\"lazy\" decoding=\"async\" class=\"aligncenter size-large wp-image-2930\" src=\"https:\/\/blogsaverroes.juntadeandalucia.es\/penyaluenga\/files\/2020\/07\/086smf_a-2-1024x680.jpg\" alt=\"\" width=\"525\" height=\"349\" srcset=\"https:\/\/blogsaverroes.juntadeandalucia.es\/penyaluenga\/files\/2020\/07\/086smf_a-2-1024x680.jpg 1024w, https:\/\/blogsaverroes.juntadeandalucia.es\/penyaluenga\/files\/2020\/07\/086smf_a-2-300x199.jpg 300w, https:\/\/blogsaverroes.juntadeandalucia.es\/penyaluenga\/files\/2020\/07\/086smf_a-2-768x510.jpg 768w, https:\/\/blogsaverroes.juntadeandalucia.es\/penyaluenga\/files\/2020\/07\/086smf_a-2-24x16.jpg 24w, https:\/\/blogsaverroes.juntadeandalucia.es\/penyaluenga\/files\/2020\/07\/086smf_a-2-36x24.jpg 36w, https:\/\/blogsaverroes.juntadeandalucia.es\/penyaluenga\/files\/2020\/07\/086smf_a-2-48x32.jpg 48w, https:\/\/blogsaverroes.juntadeandalucia.es\/penyaluenga\/files\/2020\/07\/086smf_a-2.jpg 1600w\" sizes=\"(max-width: 525px) 100vw, 525px\" \/><span style=\"font-size: 8pt\">(Imagen extra\u00edda del Banco de Recursos del INTEF bajo licencia CC)<\/span><\/a><\/p>\n<p style=\"text-align: justify\">Aunque mucho m\u00e1s anterior, el nacimiento oficial de EIP tuvo lugar a partir de dos proyectos de Innovaci\u00f3n Educativas aprobados por la Consejer\u00eda de Educaci\u00f3n de la Junta de Andaluc\u00eda, que propon\u00edan las bases esenciales de la propuesta curricular a partir de una organizaci\u00f3n y tem\u00e1ticas caracter\u00edsticas, cuya l\u00ednea argumental giraba en torno a la investigaci\u00f3n espacial:<\/p>\n<ul>\n<li><a href=\"https:\/\/blogsaverroes.juntadeandalucia.es\/penyaluenga\/files\/2020\/07\/PIN-038.pdf\">PIN-038<\/a><\/li>\n<li><a href=\"https:\/\/blogsaverroes.juntadeandalucia.es\/penyaluenga\/files\/2020\/07\/PIN-132.pdf\">PIN-132<\/a><\/li>\n<\/ul>\n","protected":false},"excerpt":{"rendered":"<p>(Imagen extra\u00edda del Banco de Recursos del INTEF bajo licencia CC) Aunque mucho m\u00e1s anterior, el nacimiento oficial de EIP tuvo lugar a partir de dos proyectos de Innovaci\u00f3n Educativas aprobados por la Consejer\u00eda&#46;&#46;&#46;<\/p>\n","protected":false},"author":6865,"featured_media":0,"parent":0,"menu_order":0,"comment_status":"closed","ping_status":"closed","template":"","meta":{"ngg_post_thumbnail":0,"footnotes":"","_mc_calendar":[]},"aioseo_notices":[],"post_mailing_queue_ids":[],"_links":{"self":[{"href":"https:\/\/blogsaverroes.juntadeandalucia.es\/penyaluenga\/wp-json\/wp\/v2\/pages\/2923"}],"collection":[{"href":"https:\/\/blogsaverroes.juntadeandalucia.es\/penyaluenga\/wp-json\/wp\/v2\/pages"}],"about":[{"href":"https:\/\/blogsaverroes.juntadeandalucia.es\/penyaluenga\/wp-json\/wp\/v2\/types\/page"}],"author":[{"embeddable":true,"href":"https:\/\/blogsaverroes.juntadeandalucia.es\/penyaluenga\/wp-json\/wp\/v2\/users\/6865"}],"replies":[{"embeddable":true,"href":"https:\/\/blogsaverroes.juntadeandalucia.es\/penyaluenga\/wp-json\/wp\/v2\/comments?post=2923"}],"version-history":[{"count":3,"href":"https:\/\/blogsaverroes.juntadeandalucia.es\/penyaluenga\/wp-json\/wp\/v2\/pages\/2923\/revisions"}],"predecessor-version":[{"id":2931,"href":"https:\/\/blogsaverroes.juntadeandalucia.es\/penyaluenga\/wp-json\/wp\/v2\/pages\/2923\/revisions\/2931"}],"wp:attachment":[{"href":"https:\/\/blogsaverroes.juntadeandalucia.es\/penyaluenga\/wp-json\/wp\/v2\/media?parent=2923"}],"curies":[{"name":"wp","href":"https:\/\/api.w.org\/{rel}","templated":true}]}}